{"id":222694,"date":"2025-03-23T10:30:18","date_gmt":"2025-03-23T10:30:18","guid":{"rendered":"https:\/\/aromasentia.com\/product\/healing-incense-powder-holy-basil-100gm\/"},"modified":"2025-12-30T21:11:11","modified_gmt":"2025-12-30T21:11:11","slug":"incienso-curativo-en-polvo-holy-basil-100-gr","status":"publish","type":"product","link":"https:\/\/aromasentia.com\/es\/incienso-curativo-en-polvo-holy-basil-100-gr\/","title":{"rendered":"Incienso Curativo en Polvo &#8211; Holy Basil 100 gr"},"content":{"rendered":"<h1><strong>Polvos de Incienso Curativo al por mayor<\/strong><\/h1>\n<p>Descubre la serenidad divina con nuestro <strong>polvo de incienso Albahaca Santa<\/strong>. Deja que su esencia sagrada purifique tu espacio y eleve tu alma, mezclas cuidadosamente curadas de ingredientes arom\u00e1ticos promueven el bienestar y el equilibrio.&nbsp;<\/p>\n<p>Prepara un quemador de incienso resistente al calor o un soporte designado, llena el molde con polvo de incienso y remu\u00e9velo suavemente para colocarlo en el plato. Encienda el polvo, deje que prenda fuego brevemente y luego ap\u00e1guelo, permitiendo que el humo arom\u00e1tico llene su espacio. Tambi\u00e9n te puede gustar&nbsp;<\/p>\n<p><a href=\"https:\/\/aromasentia.com\/ipm\"><strong>Molde para Incienso en Polvo<\/strong>&nbsp;<\/a>Set y <a href=\"https:\/\/aromasentia.com\/hipp\"><strong>Placa de Incienso Curativo.<\/strong><\/a><\/p>\n<p>Fabricado con una mezcla de polvo Kayu y m\u00e1s de treinta hierbas naturales y arom\u00e1ticas locales a partir de una receta transmitida y refinada durante generaciones. Cada lote de incienso se prepara mezclado y * mezclado s\u00f3lo despu\u00e9s de hacer ceremonial. ofrendas a los Dioses.<\/p>\n<p><strong>Abraza la tranquilidad y eleva tus pr\u00e1cticas de bienestar hol\u00edstico con nuestro &nbsp;Incienso Curativo en Polvo. Haga su pedido ahora<\/strong><\/p>\n","protected":false},"excerpt":{"rendered":"<p>Polvos de Incienso Curativo al por mayor Descubre la serenidad divina con nuestro polvo de incienso Albahaca Santa. Deja que su esencia sagrada purifique tu espacio y eleve tu alma, mezclas cuidadosamente curadas de ingredientes arom\u00e1ticos promueven el bienestar y el equilibrio.&nbsp; Prepara un quemador de incienso resistente al calor o un soporte designado, llena [&hellip;]<\/p>\n","protected":false},"featured_media":401470,"comment_status":"closed","ping_status":"open","template":"","meta":{"_angie_page":false},"product_brand":[],"product_cat":[26089,25844,26863,16025,15157],"product_tag":[],"class_list":{"0":"post-222694","1":"product","2":"type-product","3":"status-publish","4":"has-post-thumbnail","6":"product_cat-albahaca","7":"product_cat-aromas","8":"product_cat-herbal-aromatico","9":"product_cat-incienso-en-polvo","10":"product_cat-incienso-exotico-y-porta-incienso","11":"pa_collection-healing-incense-powder-es","12":"pa_made-in-indonesia","13":"pa_size-100g","15":"first","16":"instock","17":"purchasable","18":"product-type-simple"},"supplier_id":null,"supplier_sku":"HIP-12","barcode":null,"atum_controlled":true,"out_stock_date":null,"out_stock_threshold":null,"inheritable":false,"inbound_stock":null,"stock_on_hold":0,"sold_today":0,"sales_last_days":0,"reserved_stock":null,"customer_returns":null,"warehouse_damage":null,"lost_in_post":null,"other_logs":null,"out_stock_days":0,"lost_sales":0,"has_location":null,"update_date":"2026-04-27T07:07:33","atum_locations":[],"atum_stock_status":"instock","restock_status":false,"low_stock_amount":"","sales_update_date":"2025-09-03T00:19:44","calc_backorders":null,"_links":{"self":[{"href":"https:\/\/aromasentia.com\/es\/wp-json\/wp\/v2\/product\/222694","targetHints":{"allow":["GET"]}}],"collection":[{"href":"https:\/\/aromasentia.com\/es\/wp-json\/wp\/v2\/product"}],"about":[{"href":"https:\/\/aromasentia.com\/es\/wp-json\/wp\/v2\/types\/product"}],"replies":[{"embeddable":true,"href":"https:\/\/aromasentia.com\/es\/wp-json\/wp\/v2\/comments?post=222694"}],"version-history":[{"count":0,"href":"https:\/\/aromasentia.com\/es\/wp-json\/wp\/v2\/product\/222694\/revisions"}],"wp:featuredmedia":[{"embeddable":true,"href":"https:\/\/aromasentia.com\/es\/wp-json\/wp\/v2\/media\/401470"}],"wp:attachment":[{"href":"https:\/\/aromasentia.com\/es\/wp-json\/wp\/v2\/media?parent=222694"}],"wp:term":[{"taxonomy":"product_brand","embeddable":true,"href":"https:\/\/aromasentia.com\/es\/wp-json\/wp\/v2\/product_brand?post=222694"},{"taxonomy":"product_cat","embeddable":true,"href":"https:\/\/aromasentia.com\/es\/wp-json\/wp\/v2\/product_cat?post=222694"},{"taxonomy":"product_tag","embeddable":true,"href":"https:\/\/aromasentia.com\/es\/wp-json\/wp\/v2\/product_tag?post=222694"}],"curies":[{"name":"wp","href":"https:\/\/api.w.org\/{rel}","templated":true}]}}