{"id":222406,"date":"2025-03-23T10:30:36","date_gmt":"2025-03-23T10:30:36","guid":{"rendered":"https:\/\/aromasentia.com\/product\/42g-jumbo-golden-nag-benzoin-back-flow-incense-cones\/"},"modified":"2025-12-30T21:10:15","modified_gmt":"2025-12-30T21:10:15","slug":"conos-de-incienso-reflujo-jumbo-golden-nag-benjui","status":"publish","type":"product","link":"https:\/\/aromasentia.com\/es\/conos-de-incienso-reflujo-jumbo-golden-nag-benjui\/","title":{"rendered":"Conos de Incienso Reflujo Jumbo Golden Nag &#8211; Benju\u00ed"},"content":{"rendered":"<p><strong>El aroma de Benju\u00ed de los conos de Aroma Sentia Espa\u00f1a pueden describirse como un aroma dulce con notas de vainilla y un toque de c\u00edtricos suaves. \u00a1Deleite a sus clientes con este aroma envolvente!<\/strong><\/p>\n<p>Cada caja contiene 12 paquetes de conos de Reflujo Inverso en forma de pir\u00e1mide, cada paquete contiene 10 conos, lo que suma un total de 120 conos.<\/p>\n<p>\u00a1Combina estos conos de incienso de reflujo inverso con las dem\u00e1s fragancias disponibles y ofrezca una amplia gama de variedad en conos de reflujo en tu tienda!<\/p>\n<p>\u00a1No dudes en combinarlo con los<strong>&nbsp;<a href=\"https:\/\/aromasentia.com\/backf\" rel=\"noopener noreferrer\" target=\"_blank\">quemadores de reflujo inverso<\/a>&nbsp;<\/strong>para vender un pack de relajaci\u00f3n completa!<\/p>\n","protected":false},"excerpt":{"rendered":"<p>El aroma de Benju\u00ed de los conos de Aroma Sentia Espa\u00f1a pueden describirse como un aroma dulce con notas de vainilla y un toque de c\u00edtricos suaves. \u00a1Deleite a sus clientes con este aroma envolvente! Cada caja contiene 12 paquetes de conos de Reflujo Inverso en forma de pir\u00e1mide, cada paquete contiene 10 conos, lo [&hellip;]<\/p>\n","protected":false},"featured_media":405542,"comment_status":"closed","ping_status":"open","template":"","meta":[],"product_brand":[],"product_cat":[25844,26100,15334,15157,26884],"product_tag":[],"class_list":{"0":"post-222406","1":"product","2":"type-product","3":"status-publish","4":"has-post-thumbnail","6":"product_cat-aromas","7":"product_cat-benjui","8":"product_cat-conos-de-incienso","9":"product_cat-incienso-exotico-y-porta-incienso","10":"product_cat-resinoso-balsamico","11":"pa_collection-jumbo-golden-nag-backflow-incense-cones-es","12":"pa_made-in-india","14":"first","15":"instock","16":"purchasable","17":"product-type-simple"},"supplier_id":null,"supplier_sku":"JBackF-12","barcode":null,"atum_controlled":true,"out_stock_date":null,"out_stock_threshold":null,"inheritable":false,"inbound_stock":null,"stock_on_hold":0,"sold_today":0,"sales_last_days":0,"reserved_stock":null,"customer_returns":null,"warehouse_damage":null,"lost_in_post":null,"other_logs":null,"out_stock_days":0,"lost_sales":0,"has_location":null,"update_date":"2026-02-02T08:32:54","atum_locations":[],"atum_stock_status":"instock","restock_status":false,"low_stock_amount":"","sales_update_date":"2025-09-03T00:19:28","calc_backorders":null,"_links":{"self":[{"href":"https:\/\/aromasentia.com\/es\/wp-json\/wp\/v2\/product\/222406","targetHints":{"allow":["GET"]}}],"collection":[{"href":"https:\/\/aromasentia.com\/es\/wp-json\/wp\/v2\/product"}],"about":[{"href":"https:\/\/aromasentia.com\/es\/wp-json\/wp\/v2\/types\/product"}],"replies":[{"embeddable":true,"href":"https:\/\/aromasentia.com\/es\/wp-json\/wp\/v2\/comments?post=222406"}],"version-history":[{"count":0,"href":"https:\/\/aromasentia.com\/es\/wp-json\/wp\/v2\/product\/222406\/revisions"}],"wp:featuredmedia":[{"embeddable":true,"href":"https:\/\/aromasentia.com\/es\/wp-json\/wp\/v2\/media\/405542"}],"wp:attachment":[{"href":"https:\/\/aromasentia.com\/es\/wp-json\/wp\/v2\/media?parent=222406"}],"wp:term":[{"taxonomy":"product_brand","embeddable":true,"href":"https:\/\/aromasentia.com\/es\/wp-json\/wp\/v2\/product_brand?post=222406"},{"taxonomy":"product_cat","embeddable":true,"href":"https:\/\/aromasentia.com\/es\/wp-json\/wp\/v2\/product_cat?post=222406"},{"taxonomy":"product_tag","embeddable":true,"href":"https:\/\/aromasentia.com\/es\/wp-json\/wp\/v2\/product_tag?post=222406"}],"curies":[{"name":"wp","href":"https:\/\/api.w.org\/{rel}","templated":true}]}}