{"id":222402,"date":"2025-03-23T10:30:36","date_gmt":"2025-03-23T10:30:36","guid":{"rendered":"https:\/\/aromasentia.com\/product\/42g-jumbo-golden-nag-red-rose-back-flow-incense-cones\/"},"modified":"2025-12-30T21:10:15","modified_gmt":"2025-12-30T21:10:15","slug":"conos-de-incienso-reflujo-jumbo-golden-nag-rosa-roja","status":"publish","type":"product","link":"https:\/\/aromasentia.com\/es\/conos-de-incienso-reflujo-jumbo-golden-nag-rosa-roja\/","title":{"rendered":"Conos de Incienso Reflujo Jumbo Golden Nag &#8211; Rosa Roja"},"content":{"rendered":"<p><strong>Si est\u00e1s buscando algo m\u00e1s que un simple incienso, los conos de incienso de reflujo inverso al por mayor de Rosa Roja son la respuesta.&nbsp;<\/strong><\/p>\n<p>El humo que desciende suavemente crea una atm\u00f3sfera tranquila y zen, ideal para momentos de meditaci\u00f3n, relajaci\u00f3n o purificaci\u00f3n energ\u00e9tica. &nbsp;<\/p>\n<p>Cada caja contiene 12 paquetes de conos de Reflujo Inverso en forma de pir\u00e1mide, cada paquete contiene 10 conos, lo que suma un total de 120 conos.<\/p>\n<p>\u00a1No dudes en combinarlo con los <a href=\"https:\/\/aromasentia.com\/backf\" rel=\"noopener noreferrer\" target=\"_blank\"><strong>quemadores de reflujo inverso&nbsp;<\/strong><\/a>para vender un pack de relajaci\u00f3n completa!<\/p>\n<p>\u00a1Incorpora en tu negocio, los conos de incienso de reflujo inverso de Aroma Sentia Espa\u00f1a!<\/p>\n","protected":false},"excerpt":{"rendered":"<p>Si est\u00e1s buscando algo m\u00e1s que un simple incienso, los conos de incienso de reflujo inverso al por mayor de Rosa Roja son la respuesta.&nbsp; El humo que desciende suavemente crea una atm\u00f3sfera tranquila y zen, ideal para momentos de meditaci\u00f3n, relajaci\u00f3n o purificaci\u00f3n energ\u00e9tica. &nbsp; Cada caja contiene 12 paquetes de conos de Reflujo [&hellip;]<\/p>\n","protected":false},"featured_media":405501,"comment_status":"closed","ping_status":"open","template":"","meta":{"_angie_page":false},"product_brand":[],"product_cat":[25844,15334,26835,15157,26367],"product_tag":[],"class_list":{"0":"post-222402","1":"product","2":"type-product","3":"status-publish","4":"has-post-thumbnail","6":"product_cat-aromas","7":"product_cat-conos-de-incienso","8":"product_cat-floral","9":"product_cat-incienso-exotico-y-porta-incienso","10":"product_cat-rosa","11":"pa_collection-jumbo-golden-nag-backflow-incense-cones-es","12":"pa_made-in-india","14":"first","15":"instock","16":"purchasable","17":"product-type-simple"},"supplier_id":null,"supplier_sku":"JBackF-11","barcode":null,"atum_controlled":true,"out_stock_date":null,"out_stock_threshold":null,"inheritable":false,"inbound_stock":null,"stock_on_hold":0,"sold_today":0,"sales_last_days":0,"reserved_stock":null,"customer_returns":null,"warehouse_damage":null,"lost_in_post":null,"other_logs":null,"out_stock_days":0,"lost_sales":0,"has_location":null,"update_date":"2026-05-08T05:11:57","atum_locations":[],"atum_stock_status":"instock","restock_status":false,"low_stock_amount":"","sales_update_date":"2026-02-06T00:02:50","calc_backorders":null,"_links":{"self":[{"href":"https:\/\/aromasentia.com\/es\/wp-json\/wp\/v2\/product\/222402","targetHints":{"allow":["GET"]}}],"collection":[{"href":"https:\/\/aromasentia.com\/es\/wp-json\/wp\/v2\/product"}],"about":[{"href":"https:\/\/aromasentia.com\/es\/wp-json\/wp\/v2\/types\/product"}],"replies":[{"embeddable":true,"href":"https:\/\/aromasentia.com\/es\/wp-json\/wp\/v2\/comments?post=222402"}],"version-history":[{"count":0,"href":"https:\/\/aromasentia.com\/es\/wp-json\/wp\/v2\/product\/222402\/revisions"}],"wp:featuredmedia":[{"embeddable":true,"href":"https:\/\/aromasentia.com\/es\/wp-json\/wp\/v2\/media\/405501"}],"wp:attachment":[{"href":"https:\/\/aromasentia.com\/es\/wp-json\/wp\/v2\/media?parent=222402"}],"wp:term":[{"taxonomy":"product_brand","embeddable":true,"href":"https:\/\/aromasentia.com\/es\/wp-json\/wp\/v2\/product_brand?post=222402"},{"taxonomy":"product_cat","embeddable":true,"href":"https:\/\/aromasentia.com\/es\/wp-json\/wp\/v2\/product_cat?post=222402"},{"taxonomy":"product_tag","embeddable":true,"href":"https:\/\/aromasentia.com\/es\/wp-json\/wp\/v2\/product_tag?post=222402"}],"curies":[{"name":"wp","href":"https:\/\/api.w.org\/{rel}","templated":true}]}}