{"id":222390,"date":"2025-03-23T10:30:36","date_gmt":"2025-03-23T10:30:36","guid":{"rendered":"https:\/\/aromasentia.com\/product\/42g-jumbo-golden-nag-seven-chakra-back-flow-incense-cones\/"},"modified":"2025-12-30T21:10:15","modified_gmt":"2025-12-30T21:10:15","slug":"conos-de-incienso-reflujo-jumbo-golden-nag-siete-chakras","status":"publish","type":"product","link":"https:\/\/aromasentia.com\/es\/conos-de-incienso-reflujo-jumbo-golden-nag-siete-chakras\/","title":{"rendered":"Conos de Incienso Reflujo Jumbo Golden Nag &#8211; Siete Chakras"},"content":{"rendered":"<p><strong>\u00bfBuscas a\u00f1adir en su tienda productos que alineen los 7 charkas?<\/strong> \u00a1No busques m\u00e1s y a\u00f1ade a tu tienda los conos de reflujo inverso de Aroma Sentia Espa\u00f1a! <br data-start=\"1112\" data-end=\"1115\"><\/p>\n<p>Cada caja contiene 12 paquetes de conos de Reflujo Inverso en forma de pir\u00e1mide, cada paquete contiene 10 conos, lo que suma un total de 120 conos.<\/p>\n<p>\u00a1No dudes en combinarlo con los<a href=\"https:\/\/aromasentia.com\/backf\" rel=\"noopener noreferrer\" target=\"_blank\"><strong>&nbsp;quemadores de reflujo inverso<\/strong><\/a> para vender un pack de relajaci\u00f3n completa!<\/p>\n<p><strong>V\u00e9ndalo en su tienda no solo como conos de inciensos de reflujo, sino como un viaje sensorial. \u00a1Haz tu pedido ahora y marca la diferencia!<\/strong><\/p>\n","protected":false},"excerpt":{"rendered":"<p>\u00bfBuscas a\u00f1adir en su tienda productos que alineen los 7 charkas? \u00a1No busques m\u00e1s y a\u00f1ade a tu tienda los conos de reflujo inverso de Aroma Sentia Espa\u00f1a! Cada caja contiene 12 paquetes de conos de Reflujo Inverso en forma de pir\u00e1mide, cada paquete contiene 10 conos, lo que suma un total de 120 conos. [&hellip;]<\/p>\n","protected":false},"featured_media":405394,"comment_status":"closed","ping_status":"open","template":"","meta":{"_angie_page":false},"product_brand":[],"product_cat":[15334,15157],"product_tag":[],"class_list":{"0":"post-222390","1":"product","2":"type-product","3":"status-publish","4":"has-post-thumbnail","6":"product_cat-conos-de-incienso","7":"product_cat-incienso-exotico-y-porta-incienso","8":"pa_collection-jumbo-golden-nag-backflow-incense-cones-es","9":"pa_made-in-india","11":"first","12":"instock","13":"purchasable","14":"product-type-simple"},"supplier_id":null,"supplier_sku":"JBackF-08","barcode":null,"atum_controlled":true,"out_stock_date":null,"out_stock_threshold":null,"inheritable":false,"inbound_stock":null,"stock_on_hold":0,"sold_today":0,"sales_last_days":0,"reserved_stock":null,"customer_returns":null,"warehouse_damage":null,"lost_in_post":null,"other_logs":null,"out_stock_days":0,"lost_sales":0,"has_location":null,"update_date":"2026-04-27T07:09:49","atum_locations":[],"atum_stock_status":"instock","restock_status":false,"low_stock_amount":"","sales_update_date":"2026-02-06T00:02:48","calc_backorders":null,"_links":{"self":[{"href":"https:\/\/aromasentia.com\/es\/wp-json\/wp\/v2\/product\/222390","targetHints":{"allow":["GET"]}}],"collection":[{"href":"https:\/\/aromasentia.com\/es\/wp-json\/wp\/v2\/product"}],"about":[{"href":"https:\/\/aromasentia.com\/es\/wp-json\/wp\/v2\/types\/product"}],"replies":[{"embeddable":true,"href":"https:\/\/aromasentia.com\/es\/wp-json\/wp\/v2\/comments?post=222390"}],"version-history":[{"count":0,"href":"https:\/\/aromasentia.com\/es\/wp-json\/wp\/v2\/product\/222390\/revisions"}],"wp:featuredmedia":[{"embeddable":true,"href":"https:\/\/aromasentia.com\/es\/wp-json\/wp\/v2\/media\/405394"}],"wp:attachment":[{"href":"https:\/\/aromasentia.com\/es\/wp-json\/wp\/v2\/media?parent=222390"}],"wp:term":[{"taxonomy":"product_brand","embeddable":true,"href":"https:\/\/aromasentia.com\/es\/wp-json\/wp\/v2\/product_brand?post=222390"},{"taxonomy":"product_cat","embeddable":true,"href":"https:\/\/aromasentia.com\/es\/wp-json\/wp\/v2\/product_cat?post=222390"},{"taxonomy":"product_tag","embeddable":true,"href":"https:\/\/aromasentia.com\/es\/wp-json\/wp\/v2\/product_tag?post=222390"}],"curies":[{"name":"wp","href":"https:\/\/api.w.org\/{rel}","templated":true}]}}