{"id":222378,"date":"2025-03-23T10:30:36","date_gmt":"2025-03-23T10:30:36","guid":{"rendered":"https:\/\/aromasentia.com\/product\/42g-jumbo-golden-nag-palo-santo-back-flow-incense-cones\/"},"modified":"2025-12-30T21:10:07","modified_gmt":"2025-12-30T21:10:07","slug":"conos-de-incienso-reflujo-jumbo-golden-nag-palo-santo","status":"publish","type":"product","link":"https:\/\/aromasentia.com\/es\/conos-de-incienso-reflujo-jumbo-golden-nag-palo-santo\/","title":{"rendered":"Conos de Incienso Reflujo Jumbo Golden Nag &#8211; Palo Santo"},"content":{"rendered":"<p><strong>Aroma Sentia Espa\u00f1a es mayorista de conos de Incienso de Reflujo Inverso.&nbsp;<\/strong><\/p>\n<p>Estos conos con de reflujo inverso de Palo santo ofrecer\u00e1n a sus clientes una fragancia ex\u00f3tica y relajante. Producto ideal para cualquier negocio que promueva el bienestar.<\/p>\n<p><strong>El Palo Santo es conocido por su capacidad para limpiar y purificar ambientes.<\/strong> Su aroma se utiliza tradicionalmente para eliminar energ\u00edas negativas y atraer energ\u00edas positivas, creando un entorno m\u00e1s armonioso y equilibrado.<\/p>\n<p>Cada caja contiene 12 paquetes de conos de Reflujo Inverso en forma de pir\u00e1mide, cada paquete contiene 10 conos, lo que suma un total de 120 conos.<\/p>\n<p>\u00a1No dudes en combinarlo con los <a href=\"https:\/\/aromasentia.com\/backf\" rel=\"noopener noreferrer\" target=\"_blank\">quemadores de reflujo inverso<\/a> para vender un pack de relajaci\u00f3n completa!<\/p>\n<p><strong>\u00a1Revende en tu tienda productos de calidad y a precios competitivos!<\/strong><\/p>\n","protected":false},"excerpt":{"rendered":"<p>Aroma Sentia Espa\u00f1a es mayorista de conos de Incienso de Reflujo Inverso.&nbsp; Estos conos con de reflujo inverso de Palo santo ofrecer\u00e1n a sus clientes una fragancia ex\u00f3tica y relajante. Producto ideal para cualquier negocio que promueva el bienestar. El Palo Santo es conocido por su capacidad para limpiar y purificar ambientes. Su aroma se [&hellip;]<\/p>\n","protected":false},"featured_media":405263,"comment_status":"closed","ping_status":"open","template":"","meta":{"_angie_page":false},"product_brand":[],"product_cat":[26898,25844,15334,15157,26321],"product_tag":[],"class_list":{"0":"post-222378","1":"product","2":"type-product","3":"status-publish","4":"has-post-thumbnail","6":"product_cat-amaderado","7":"product_cat-aromas","8":"product_cat-conos-de-incienso","9":"product_cat-incienso-exotico-y-porta-incienso","10":"product_cat-palo-santo-scents-aromas","11":"pa_collection-jumbo-golden-nag-backflow-incense-cones-es","12":"pa_made-in-india","14":"first","15":"outofstock","16":"purchasable","17":"product-type-simple"},"supplier_id":null,"supplier_sku":"JBackF-05","barcode":null,"atum_controlled":true,"out_stock_date":"2026-04-25 16:33:08","out_stock_threshold":null,"inheritable":false,"inbound_stock":null,"stock_on_hold":0,"sold_today":0,"sales_last_days":0,"reserved_stock":null,"customer_returns":null,"warehouse_damage":null,"lost_in_post":null,"other_logs":null,"out_stock_days":0,"lost_sales":0,"has_location":null,"update_date":"2026-04-27T07:09:40","atum_locations":[],"atum_stock_status":"outofstock","restock_status":false,"low_stock_amount":"","sales_update_date":"2026-01-30T01:26:03","calc_backorders":null,"_links":{"self":[{"href":"https:\/\/aromasentia.com\/es\/wp-json\/wp\/v2\/product\/222378","targetHints":{"allow":["GET"]}}],"collection":[{"href":"https:\/\/aromasentia.com\/es\/wp-json\/wp\/v2\/product"}],"about":[{"href":"https:\/\/aromasentia.com\/es\/wp-json\/wp\/v2\/types\/product"}],"replies":[{"embeddable":true,"href":"https:\/\/aromasentia.com\/es\/wp-json\/wp\/v2\/comments?post=222378"}],"version-history":[{"count":0,"href":"https:\/\/aromasentia.com\/es\/wp-json\/wp\/v2\/product\/222378\/revisions"}],"wp:featuredmedia":[{"embeddable":true,"href":"https:\/\/aromasentia.com\/es\/wp-json\/wp\/v2\/media\/405263"}],"wp:attachment":[{"href":"https:\/\/aromasentia.com\/es\/wp-json\/wp\/v2\/media?parent=222378"}],"wp:term":[{"taxonomy":"product_brand","embeddable":true,"href":"https:\/\/aromasentia.com\/es\/wp-json\/wp\/v2\/product_brand?post=222378"},{"taxonomy":"product_cat","embeddable":true,"href":"https:\/\/aromasentia.com\/es\/wp-json\/wp\/v2\/product_cat?post=222378"},{"taxonomy":"product_tag","embeddable":true,"href":"https:\/\/aromasentia.com\/es\/wp-json\/wp\/v2\/product_tag?post=222378"}],"curies":[{"name":"wp","href":"https:\/\/api.w.org\/{rel}","templated":true}]}}