{"id":222362,"date":"2025-03-23T10:30:36","date_gmt":"2025-03-23T10:30:36","guid":{"rendered":"https:\/\/aromasentia.com\/product\/42g-jumbo-golden-nag-champa-back-flow-incense-cones\/"},"modified":"2025-12-30T21:10:07","modified_gmt":"2025-12-30T21:10:07","slug":"conos-de-incienso-reflujo-jumbo-golden-nag-champa","status":"publish","type":"product","link":"https:\/\/aromasentia.com\/es\/conos-de-incienso-reflujo-jumbo-golden-nag-champa\/","title":{"rendered":"Conos de Incienso Reflujo Jumbo Golden Nag &#8211; Champa"},"content":{"rendered":"<p><strong>Descubre el aroma relajante del incienso Jumbo Golden Nag &#8211; Champa al por mayor de Aroma Sentia Espa\u00f1a.<\/strong><\/p>\n<p>Estos conos de inciensos son ideales para espacios de meditaci\u00f3n, yoga o cualquier lugar donde se busque paz.<\/p>\n<p>El incienso Champa tiene un aroma distintivo, c\u00e1lido, floral y ligeramente dulce, con una base terrosa y almizclada<\/p>\n<p>Cada caja contiene 12 paquetes de conos de Reflujo Inverso en forma de pir\u00e1mide, cada paquete contiene 10 conos, lo que suma un total de 120 conos.<\/p>\n<p>\u00a1No dudes en combinarlo con los <a href=\"https:\/\/aromasentia.com\/backf\" rel=\"noopener noreferrer\" target=\"_blank\"><strong>quemadores de reflujo inverso<\/strong><\/a> para vender un pack de relajaci\u00f3n completa!<\/p>\n<p><strong>\u00a1Haz tu pedido ahora y ofrece a tus clientes una experiencia de relajaci\u00f3n \u00fanica!<\/strong><\/p>\n","protected":false},"excerpt":{"rendered":"<p>Descubre el aroma relajante del incienso Jumbo Golden Nag &#8211; Champa al por mayor de Aroma Sentia Espa\u00f1a. Estos conos de inciensos son ideales para espacios de meditaci\u00f3n, yoga o cualquier lugar donde se busque paz. El incienso Champa tiene un aroma distintivo, c\u00e1lido, floral y ligeramente dulce, con una base terrosa y almizclada Cada [&hellip;]<\/p>\n","protected":false},"featured_media":405123,"comment_status":"closed","ping_status":"open","template":"","meta":{"_angie_page":false},"product_brand":[],"product_cat":[15334,15157],"product_tag":[],"class_list":{"0":"post-222362","1":"product","2":"type-product","3":"status-publish","4":"has-post-thumbnail","6":"product_cat-conos-de-incienso","7":"product_cat-incienso-exotico-y-porta-incienso","8":"pa_collection-jumbo-golden-nag-backflow-incense-cones-es","9":"pa_made-in-india","11":"first","12":"instock","13":"purchasable","14":"product-type-simple"},"supplier_id":null,"supplier_sku":"JBackF-01","barcode":null,"atum_controlled":true,"out_stock_date":null,"out_stock_threshold":null,"inheritable":false,"inbound_stock":null,"stock_on_hold":0,"sold_today":0,"sales_last_days":0,"reserved_stock":null,"customer_returns":null,"warehouse_damage":null,"lost_in_post":null,"other_logs":null,"out_stock_days":0,"lost_sales":0,"has_location":null,"update_date":"2026-04-30T17:59:10","atum_locations":[],"atum_stock_status":"instock","restock_status":false,"low_stock_amount":"","sales_update_date":"2026-02-06T00:02:02","calc_backorders":null,"_links":{"self":[{"href":"https:\/\/aromasentia.com\/es\/wp-json\/wp\/v2\/product\/222362","targetHints":{"allow":["GET"]}}],"collection":[{"href":"https:\/\/aromasentia.com\/es\/wp-json\/wp\/v2\/product"}],"about":[{"href":"https:\/\/aromasentia.com\/es\/wp-json\/wp\/v2\/types\/product"}],"replies":[{"embeddable":true,"href":"https:\/\/aromasentia.com\/es\/wp-json\/wp\/v2\/comments?post=222362"}],"version-history":[{"count":0,"href":"https:\/\/aromasentia.com\/es\/wp-json\/wp\/v2\/product\/222362\/revisions"}],"wp:featuredmedia":[{"embeddable":true,"href":"https:\/\/aromasentia.com\/es\/wp-json\/wp\/v2\/media\/405123"}],"wp:attachment":[{"href":"https:\/\/aromasentia.com\/es\/wp-json\/wp\/v2\/media?parent=222362"}],"wp:term":[{"taxonomy":"product_brand","embeddable":true,"href":"https:\/\/aromasentia.com\/es\/wp-json\/wp\/v2\/product_brand?post=222362"},{"taxonomy":"product_cat","embeddable":true,"href":"https:\/\/aromasentia.com\/es\/wp-json\/wp\/v2\/product_cat?post=222362"},{"taxonomy":"product_tag","embeddable":true,"href":"https:\/\/aromasentia.com\/es\/wp-json\/wp\/v2\/product_tag?post=222362"}],"curies":[{"name":"wp","href":"https:\/\/api.w.org\/{rel}","templated":true}]}}