{"id":222334,"date":"2025-03-23T10:30:36","date_gmt":"2025-03-23T10:30:36","guid":{"rendered":"https:\/\/aromasentia.com\/product\/lrg-ritual-bowl-incense-cone-holder-11x10-cm-om\/"},"modified":"2025-12-30T21:09:57","modified_gmt":"2025-12-30T21:09:57","slug":"gran-cuenco-ritual-para-conos-de-incienso-11x6cm-om","status":"publish","type":"product","link":"https:\/\/aromasentia.com\/es\/gran-cuenco-ritual-para-conos-de-incienso-11x6cm-om\/","title":{"rendered":"Gran Cuenco Ritual para Conos de Incienso 11x6cm &#8211; Om"},"content":{"rendered":"<p><strong>Aroma Sentia Espa\u00f1a&nbsp;<\/strong>os presenta este elegante cuenco de incienso de madera de mango, hecho a mano en la India.<\/p>\n<p>La madera de mango es conocida por ser resistente, por su bonito color y por ser buen resistente a la humedad.&nbsp;<\/p>\n<p>En este cuento de ritual, tiene grabado el <strong>s\u00edmbolo OM<\/strong> tiene como un objetivo la b\u00fasqueda de la conexi\u00f3n con lo divino, el despertar espiritual y la unidad con el todo. Es un s\u00edmbolo de paz, equilibrio, y conciencia.&nbsp;<\/p>\n<p>Este producto es perfecto para la venta al por mayor, es un producto decorativo y a la vez funcional, reflejando la sabidur\u00eda ancestral.&nbsp;<\/p>\n<p>Tenga en cuenta que puede usarse para varillas y conos de incienso, lo que lo convierte en una pieza ideal para quienes buscan una herramienta de meditaci\u00f3n o relajaci\u00f3n.&nbsp;<\/p>\n<p><strong>Su tama\u00f1o de 11&#215;9 lo hace perfecto para cualquier espacio.<\/strong><\/p>\n","protected":false},"excerpt":{"rendered":"<p>Aroma Sentia Espa\u00f1a&nbsp;os presenta este elegante cuenco de incienso de madera de mango, hecho a mano en la India. La madera de mango es conocida por ser resistente, por su bonito color y por ser buen resistente a la humedad.&nbsp; En este cuento de ritual, tiene grabado el s\u00edmbolo OM tiene como un objetivo la [&hellip;]<\/p>\n","protected":false},"featured_media":404900,"comment_status":"closed","ping_status":"open","template":"","meta":[],"product_brand":[],"product_cat":[15157,15170,15158],"product_tag":[],"class_list":{"0":"post-222334","1":"product","2":"type-product","3":"status-publish","4":"has-post-thumbnail","6":"product_cat-incienso-exotico-y-porta-incienso","7":"product_cat-quemador-conos-incienso","8":"product_cat-quemador-porta-incienso","9":"pa_collection-wooden-incense-holders-es","10":"pa_made-in-india","12":"first","13":"instock","14":"purchasable","15":"product-type-simple"},"supplier_id":null,"supplier_sku":"ISH-246","barcode":null,"atum_controlled":true,"out_stock_date":null,"out_stock_threshold":null,"inheritable":false,"inbound_stock":null,"stock_on_hold":0,"sold_today":0,"sales_last_days":0,"reserved_stock":null,"customer_returns":null,"warehouse_damage":null,"lost_in_post":null,"other_logs":null,"out_stock_days":0,"lost_sales":0,"has_location":null,"update_date":"2026-02-10T02:20:35","atum_locations":[],"atum_stock_status":"instock","restock_status":false,"low_stock_amount":"","sales_update_date":"2026-02-06T00:02:33","calc_backorders":null,"_links":{"self":[{"href":"https:\/\/aromasentia.com\/es\/wp-json\/wp\/v2\/product\/222334","targetHints":{"allow":["GET"]}}],"collection":[{"href":"https:\/\/aromasentia.com\/es\/wp-json\/wp\/v2\/product"}],"about":[{"href":"https:\/\/aromasentia.com\/es\/wp-json\/wp\/v2\/types\/product"}],"replies":[{"embeddable":true,"href":"https:\/\/aromasentia.com\/es\/wp-json\/wp\/v2\/comments?post=222334"}],"version-history":[{"count":0,"href":"https:\/\/aromasentia.com\/es\/wp-json\/wp\/v2\/product\/222334\/revisions"}],"wp:featuredmedia":[{"embeddable":true,"href":"https:\/\/aromasentia.com\/es\/wp-json\/wp\/v2\/media\/404900"}],"wp:attachment":[{"href":"https:\/\/aromasentia.com\/es\/wp-json\/wp\/v2\/media?parent=222334"}],"wp:term":[{"taxonomy":"product_brand","embeddable":true,"href":"https:\/\/aromasentia.com\/es\/wp-json\/wp\/v2\/product_brand?post=222334"},{"taxonomy":"product_cat","embeddable":true,"href":"https:\/\/aromasentia.com\/es\/wp-json\/wp\/v2\/product_cat?post=222334"},{"taxonomy":"product_tag","embeddable":true,"href":"https:\/\/aromasentia.com\/es\/wp-json\/wp\/v2\/product_tag?post=222334"}],"curies":[{"name":"wp","href":"https:\/\/api.w.org\/{rel}","templated":true}]}}