{"id":222238,"date":"2025-03-23T10:30:45","date_gmt":"2025-03-23T10:30:45","guid":{"rendered":"https:\/\/aromasentia.com\/product\/smudge-stick-white-sage-and-pirul-seed\/"},"modified":"2025-12-30T21:09:41","modified_gmt":"2025-12-30T21:09:41","slug":"atado-de-hierba-salvia-blanca-y-semilla-de-pirul","status":"publish","type":"product","link":"https:\/\/aromasentia.com\/es\/atado-de-hierba-salvia-blanca-y-semilla-de-pirul\/","title":{"rendered":"Atado de Hierba &#8211; Salvia Blanca y Semilla de Pirul"},"content":{"rendered":"<p>Nuestro <strong>Bastoncillo para Sahumerio al por mayor<\/strong> con <strong>Salvia Blanca y Semilla de Pirul<\/strong> es la herramienta perfecta para la limpieza y purificaci\u00f3n espiritual. Esta varilla para el sahumerio mide aproximadamente 10 cm de longitud. Es una herramienta de alta calidad y natural para las pr\u00e1cticas espirituales.<\/p>\n<p><strong><em>Salvia Blanca<\/em><\/strong> ha sido utilizada durante siglos por los pueblos ind\u00edgenas por sus propiedades espirituales y medicinales. Se cree que su aroma distintivo y agradable tiene poderosas propiedades limpiadoras y purificadoras que pueden limpiar la energ\u00eda negativa y promover la energ\u00eda positiva.<\/p>\n<p><strong><em>Semilla de Pirul<\/em><\/strong>, tambi\u00e9n conocida como Schinus molle, es una planta sagrada originaria de Sudam\u00e9rica que se ha utilizado con fines espirituales y medicinales durante siglos. Se cree que su fragante humo tiene propiedades purificadoras que pueden limpiar la energ\u00eda de un espacio y promover la conciencia espiritual.<\/p>\n<p>Juntos, la Salvia Blanca y la Semilla de Pirul crean una poderosa combinaci\u00f3n que es perfecta para los practicantes espirituales, curanderos y cualquier persona interesada en el uso de remedios naturales para la limpieza y purificaci\u00f3n espiritual. \u00dasalo para empa\u00f1arte a ti mismo, a tu hogar o a cualquier espacio que necesite un poco m\u00e1s de limpieza y protecci\u00f3n. <\/p>\n<p class=\"text-align: justify;\">\n","protected":false},"excerpt":{"rendered":"<p>Nuestro Bastoncillo para Sahumerio al por mayor con Salvia Blanca y Semilla de Pirul es la herramienta perfecta para la limpieza y purificaci\u00f3n espiritual. Esta varilla para el sahumerio mide aproximadamente 10 cm de longitud. Es una herramienta de alta calidad y natural para las pr\u00e1cticas espirituales. Salvia Blanca ha sido utilizada durante siglos por [&hellip;]<\/p>\n","protected":false},"featured_media":406200,"comment_status":"closed","ping_status":"open","template":"","meta":{"_angie_page":false},"product_brand":[],"product_cat":[25844,26863,15157,26501,25813],"product_tag":[],"class_list":{"0":"post-222238","1":"product","2":"type-product","3":"status-publish","4":"has-post-thumbnail","6":"product_cat-aromas","7":"product_cat-herbal-aromatico","8":"product_cat-incienso-exotico-y-porta-incienso","9":"product_cat-salvia-blanca","10":"product_cat-smudge-sticks","11":"pa_collection-wrapped-smudge-sticks-es","12":"pa_made-in-mexico","14":"first","15":"instock","16":"purchasable","17":"product-type-simple"},"supplier_id":null,"supplier_sku":"MSage-59","barcode":null,"atum_controlled":true,"out_stock_date":null,"out_stock_threshold":null,"inheritable":false,"inbound_stock":null,"stock_on_hold":0,"sold_today":0,"sales_last_days":0,"reserved_stock":null,"customer_returns":null,"warehouse_damage":null,"lost_in_post":null,"other_logs":null,"out_stock_days":0,"lost_sales":0,"has_location":null,"update_date":"2026-04-27T07:13:52","atum_locations":[],"atum_stock_status":"instock","restock_status":false,"low_stock_amount":"","sales_update_date":"2026-01-30T01:24:54","calc_backorders":null,"_links":{"self":[{"href":"https:\/\/aromasentia.com\/es\/wp-json\/wp\/v2\/product\/222238","targetHints":{"allow":["GET"]}}],"collection":[{"href":"https:\/\/aromasentia.com\/es\/wp-json\/wp\/v2\/product"}],"about":[{"href":"https:\/\/aromasentia.com\/es\/wp-json\/wp\/v2\/types\/product"}],"replies":[{"embeddable":true,"href":"https:\/\/aromasentia.com\/es\/wp-json\/wp\/v2\/comments?post=222238"}],"version-history":[{"count":0,"href":"https:\/\/aromasentia.com\/es\/wp-json\/wp\/v2\/product\/222238\/revisions"}],"wp:featuredmedia":[{"embeddable":true,"href":"https:\/\/aromasentia.com\/es\/wp-json\/wp\/v2\/media\/406200"}],"wp:attachment":[{"href":"https:\/\/aromasentia.com\/es\/wp-json\/wp\/v2\/media?parent=222238"}],"wp:term":[{"taxonomy":"product_brand","embeddable":true,"href":"https:\/\/aromasentia.com\/es\/wp-json\/wp\/v2\/product_brand?post=222238"},{"taxonomy":"product_cat","embeddable":true,"href":"https:\/\/aromasentia.com\/es\/wp-json\/wp\/v2\/product_cat?post=222238"},{"taxonomy":"product_tag","embeddable":true,"href":"https:\/\/aromasentia.com\/es\/wp-json\/wp\/v2\/product_tag?post=222238"}],"curies":[{"name":"wp","href":"https:\/\/api.w.org\/{rel}","templated":true}]}}