{"id":222206,"date":"2025-03-23T10:30:45","date_gmt":"2025-03-23T10:30:45","guid":{"rendered":"https:\/\/aromasentia.com\/product\/smudge-stick-white-sage-and-7-corn-leaves\/"},"modified":"2025-12-30T21:09:33","modified_gmt":"2025-12-30T21:09:33","slug":"atado-de-hierba-salvia-blanca-y-7-hojas-de-maiz","status":"publish","type":"product","link":"https:\/\/aromasentia.com\/es\/atado-de-hierba-salvia-blanca-y-7-hojas-de-maiz\/","title":{"rendered":"Atado de Hierba &#8211; Salvia Blanca y 7 Hojas de Maiz"},"content":{"rendered":"<p>Presentamos nuestro <strong>Bast\u00f3n de Sahumerio al por mayor<\/strong> hecho de una mezcla de <strong>Salvia Blanca y 7 Hojas de Ma\u00edz<\/strong>, una poderosa combinaci\u00f3n que es perfecta para la limpieza y purificaci\u00f3n espiritual. Este bast\u00f3n mide aproximadamente 10 cm de largo.<\/p>\n<p><strong><em>Salvia Blanca<\/strong><\/em><\/strong> ha sido utilizada durante siglos por los pueblos ind\u00edgenas por sus propiedades espirituales y medicinales. Se cree que su aroma distintivo y agradable tiene poderosas propiedades de limpieza y purificaci\u00f3n que pueden limpiar la energ\u00eda negativa y promover la energ\u00eda positiva. <strong><em>Las 7 hojas de ma\u00edz<\/em><\/strong>, tambi\u00e9n conocidas como la &quot;planta sagrada de las siete direcciones,&quot; son utilizadas tradicionalmente por los pueblos ind\u00edgenas de Am\u00e9rica del Norte por su significado espiritual y su capacidad para promover el equilibrio y la armon\u00eda.<\/p>\n<p>Nuestra Salvia Blanca y 7 Hojas de Ma\u00edz es perfecta para los practicantes espirituales, curanderos y cualquier persona interesada en el uso de remedios naturales para la limpieza y purificaci\u00f3n espiritual. Util\u00edcelo para emborronarse usted mismo, su hogar o cualquier espacio que necesite un poco m\u00e1s de limpieza y equilibrio.<\/p>\n<p>En general, nuestro Palo para Emborronar al por mayor hecho de Salvia Blanca y 7 Hojas de Ma\u00edz es una herramienta natural y de alta calidad que puede ayudarle a promover el bienestar y el equilibrio espiritual. Su aroma \u00fanico y sus poderosas propiedades lo convierten en una excelente opci\u00f3n para cualquiera que busque incorporar remedios naturales en su pr\u00e1ctica espiritual. Con su uso regular, puede experimentar una conexi\u00f3n m\u00e1s profunda con su espiritualidad <\/p>\n<p>.<\/p>\n","protected":false},"excerpt":{"rendered":"<p>Presentamos nuestro Bast\u00f3n de Sahumerio al por mayor hecho de una mezcla de Salvia Blanca y 7 Hojas de Ma\u00edz, una poderosa combinaci\u00f3n que es perfecta para la limpieza y purificaci\u00f3n espiritual. Este bast\u00f3n mide aproximadamente 10 cm de largo. Salvia Blanca ha sido utilizada durante siglos por los pueblos ind\u00edgenas por sus propiedades espirituales [&hellip;]<\/p>\n","protected":false},"featured_media":406064,"comment_status":"closed","ping_status":"open","template":"","meta":{"_angie_page":false},"product_brand":[],"product_cat":[25844,26863,15157,26501,25813],"product_tag":[],"class_list":{"0":"post-222206","1":"product","2":"type-product","3":"status-publish","4":"has-post-thumbnail","6":"product_cat-aromas","7":"product_cat-herbal-aromatico","8":"product_cat-incienso-exotico-y-porta-incienso","9":"product_cat-salvia-blanca","10":"product_cat-smudge-sticks","11":"pa_collection-wrapped-smudge-sticks-es","12":"pa_made-in-mexico","14":"first","15":"instock","16":"purchasable","17":"product-type-simple"},"supplier_id":null,"supplier_sku":"MSage-51","barcode":null,"atum_controlled":true,"out_stock_date":null,"out_stock_threshold":null,"inheritable":false,"inbound_stock":null,"stock_on_hold":0,"sold_today":0,"sales_last_days":0,"reserved_stock":null,"customer_returns":null,"warehouse_damage":null,"lost_in_post":null,"other_logs":null,"out_stock_days":0,"lost_sales":0,"has_location":null,"update_date":"2026-04-27T07:13:52","atum_locations":[],"atum_stock_status":"instock","restock_status":false,"low_stock_amount":"","sales_update_date":"2026-01-30T01:24:47","calc_backorders":null,"_links":{"self":[{"href":"https:\/\/aromasentia.com\/es\/wp-json\/wp\/v2\/product\/222206","targetHints":{"allow":["GET"]}}],"collection":[{"href":"https:\/\/aromasentia.com\/es\/wp-json\/wp\/v2\/product"}],"about":[{"href":"https:\/\/aromasentia.com\/es\/wp-json\/wp\/v2\/types\/product"}],"replies":[{"embeddable":true,"href":"https:\/\/aromasentia.com\/es\/wp-json\/wp\/v2\/comments?post=222206"}],"version-history":[{"count":0,"href":"https:\/\/aromasentia.com\/es\/wp-json\/wp\/v2\/product\/222206\/revisions"}],"wp:featuredmedia":[{"embeddable":true,"href":"https:\/\/aromasentia.com\/es\/wp-json\/wp\/v2\/media\/406064"}],"wp:attachment":[{"href":"https:\/\/aromasentia.com\/es\/wp-json\/wp\/v2\/media?parent=222206"}],"wp:term":[{"taxonomy":"product_brand","embeddable":true,"href":"https:\/\/aromasentia.com\/es\/wp-json\/wp\/v2\/product_brand?post=222206"},{"taxonomy":"product_cat","embeddable":true,"href":"https:\/\/aromasentia.com\/es\/wp-json\/wp\/v2\/product_cat?post=222206"},{"taxonomy":"product_tag","embeddable":true,"href":"https:\/\/aromasentia.com\/es\/wp-json\/wp\/v2\/product_tag?post=222206"}],"curies":[{"name":"wp","href":"https:\/\/api.w.org\/{rel}","templated":true}]}}