{"id":222202,"date":"2025-03-23T10:30:45","date_gmt":"2025-03-23T10:30:45","guid":{"rendered":"https:\/\/aromasentia.com\/product\/smudge-stick-white-sage-clove-10cm\/"},"modified":"2025-12-30T21:09:33","modified_gmt":"2025-12-30T21:09:33","slug":"atado-de-hierba-salvia-blanca-y-clavo-10cm","status":"publish","type":"product","link":"https:\/\/aromasentia.com\/es\/atado-de-hierba-salvia-blanca-y-clavo-10cm\/","title":{"rendered":"Atado de Hierba &#8211; Salvia Blanca y Clavo 10cm"},"content":{"rendered":"<p>Presentamos nuestro <strong>Bast\u00f3n de sahumerio al por mayor<\/strong> hecho de una mezcla de <strong>Salvia Blanca y Clavo<\/strong>, una poderosa combinaci\u00f3n que es perfecta para la limpieza espiritual y la protecci\u00f3n. Este bastoncillo mide aproximadamente 10 cm de largo.<\/p>\n<p><strong><em>Salvia Blanca<\/em><\/strong> ha sido utilizada durante siglos por los pueblos ind\u00edgenas por sus propiedades espirituales y medicinales. Se cree que su aroma distintivo y agradable tiene poderosas propiedades limpiadoras y purificadoras que pueden despejar la energ\u00eda negativa y promover la energ\u00eda positiva.<strong><em>Clove<\/em><\/strong>, por otro lado, es conocida por sus propiedades protectoras y su capacidad para purificar el aire. Sus propiedades \u00fanicas hacen que sea una excelente opci\u00f3n para aquellos que buscan incorporar los remedios naturales en su pr\u00e1ctica espiritual.<\/p>\n<p>Nuestra Salvia Blanca y Clavo Smudge Stick es perfecto para los practicantes espirituales, curanderos, y cualquier persona interesada en el uso de remedios naturales para la limpieza y purificaci\u00f3n espiritual. Util\u00edcelo para mancharse usted mismo, su casa o cualquier espacio que necesite un poco m\u00e1s de limpieza y protecci\u00f3n.<\/p>\n<p>En general, nuestro Palo para Manchar al por mayor hecho de Salvia Blanca y Clavo es una herramienta de alta calidad y natural que puede ayudarle a promover el bienestar espiritual y la protecci\u00f3n. Su aroma \u00fanico y sus poderosas propiedades lo convierten en una excelente opci\u00f3n para cualquiera que busque incorporar remedios naturales a su pr\u00e1ctica espiritual. Con el uso regular, usted puede experimentar una conexi\u00f3n m\u00e1s profunda con su espiritualidad y una mayor sensaci\u00f3n de paz interior y protecci\u00f3n.<\/p>\n<p>\n","protected":false},"excerpt":{"rendered":"<p>Presentamos nuestro Bast\u00f3n de sahumerio al por mayor hecho de una mezcla de Salvia Blanca y Clavo, una poderosa combinaci\u00f3n que es perfecta para la limpieza espiritual y la protecci\u00f3n. Este bastoncillo mide aproximadamente 10 cm de largo. Salvia Blanca ha sido utilizada durante siglos por los pueblos ind\u00edgenas por sus propiedades espirituales y medicinales. [&hellip;]<\/p>\n","protected":false},"featured_media":406047,"comment_status":"closed","ping_status":"open","template":"","meta":{"_angie_page":false},"product_brand":[],"product_cat":[25844,26495,26891,26863,15157,26501,25813],"product_tag":[],"class_list":{"0":"post-222202","1":"product","2":"type-product","3":"status-publish","4":"has-post-thumbnail","6":"product_cat-aromas","7":"product_cat-clavo","8":"product_cat-especiado","9":"product_cat-herbal-aromatico","10":"product_cat-incienso-exotico-y-porta-incienso","11":"product_cat-salvia-blanca","12":"product_cat-smudge-sticks","13":"pa_collection-wrapped-smudge-sticks-es","14":"pa_made-in-mexico","16":"first","17":"instock","18":"purchasable","19":"product-type-simple"},"supplier_id":null,"supplier_sku":"MSage-50","barcode":null,"atum_controlled":true,"out_stock_date":null,"out_stock_threshold":null,"inheritable":false,"inbound_stock":null,"stock_on_hold":0,"sold_today":0,"sales_last_days":0,"reserved_stock":null,"customer_returns":null,"warehouse_damage":null,"lost_in_post":null,"other_logs":null,"out_stock_days":0,"lost_sales":0,"has_location":null,"update_date":"2026-04-27T07:13:52","atum_locations":[],"atum_stock_status":"instock","restock_status":false,"low_stock_amount":"","sales_update_date":"2025-09-03T00:19:17","calc_backorders":null,"_links":{"self":[{"href":"https:\/\/aromasentia.com\/es\/wp-json\/wp\/v2\/product\/222202","targetHints":{"allow":["GET"]}}],"collection":[{"href":"https:\/\/aromasentia.com\/es\/wp-json\/wp\/v2\/product"}],"about":[{"href":"https:\/\/aromasentia.com\/es\/wp-json\/wp\/v2\/types\/product"}],"replies":[{"embeddable":true,"href":"https:\/\/aromasentia.com\/es\/wp-json\/wp\/v2\/comments?post=222202"}],"version-history":[{"count":0,"href":"https:\/\/aromasentia.com\/es\/wp-json\/wp\/v2\/product\/222202\/revisions"}],"wp:featuredmedia":[{"embeddable":true,"href":"https:\/\/aromasentia.com\/es\/wp-json\/wp\/v2\/media\/406047"}],"wp:attachment":[{"href":"https:\/\/aromasentia.com\/es\/wp-json\/wp\/v2\/media?parent=222202"}],"wp:term":[{"taxonomy":"product_brand","embeddable":true,"href":"https:\/\/aromasentia.com\/es\/wp-json\/wp\/v2\/product_brand?post=222202"},{"taxonomy":"product_cat","embeddable":true,"href":"https:\/\/aromasentia.com\/es\/wp-json\/wp\/v2\/product_cat?post=222202"},{"taxonomy":"product_tag","embeddable":true,"href":"https:\/\/aromasentia.com\/es\/wp-json\/wp\/v2\/product_tag?post=222202"}],"curies":[{"name":"wp","href":"https:\/\/api.w.org\/{rel}","templated":true}]}}