{"id":222038,"date":"2025-03-23T10:30:55","date_gmt":"2025-03-23T10:30:55","guid":{"rendered":"https:\/\/aromasentia.com\/product\/palo-santo-large-incense-sticks-eucalyptus\/"},"modified":"2025-12-30T21:09:01","modified_gmt":"2025-12-30T21:09:01","slug":"set-de-4-varitas-de-incienso-grandes-de-palo-santo-eucalipto","status":"publish","type":"product","link":"https:\/\/aromasentia.com\/es\/set-de-4-varitas-de-incienso-grandes-de-palo-santo-eucalipto\/","title":{"rendered":"Set de 4 varitas de incienso grandes de Palo Santo &#8211; Eucalipto"},"content":{"rendered":"<p>varitas de incienso con Eucalipto de Palo Santo. Su exquisitas fragancia que una vez encendida perdura durante el tiempo deja un olor c\u00e1lido y estimulando.<\/p>\n<p>el aroma de eucalipto ayuda a promover el flujo sangu\u00edneo, la concentraci\u00f3n y el equilibrio emocional.<\/p>\n<p>Crea un ambiente positivo en casa, ideal para disfrutar con amigos y familia.<\/p>\n","protected":false},"excerpt":{"rendered":"<p>varitas de incienso con Eucalipto de Palo Santo. Su exquisitas fragancia que una vez encendida perdura durante el tiempo deja un olor c\u00e1lido y estimulando. el aroma de eucalipto ayuda a promover el flujo sangu\u00edneo, la concentraci\u00f3n y el equilibrio emocional. Crea un ambiente positivo en casa, ideal para disfrutar con amigos y familia.<\/p>\n","protected":false},"featured_media":642699,"comment_status":"closed","ping_status":"open","template":"","meta":{"_angie_page":false},"product_brand":[],"product_cat":[26898,25844,26178,15201,15157,26870,26321],"product_tag":[],"class_list":{"0":"post-222038","1":"product","2":"type-product","3":"status-publish","4":"has-post-thumbnail","6":"product_cat-amaderado","7":"product_cat-aromas","8":"product_cat-eucalipto","9":"product_cat-incienso-en-varillas-varitas","10":"product_cat-incienso-exotico-y-porta-incienso","11":"product_cat-medicinal-alcanforado","12":"product_cat-palo-santo-scents-aromas","13":"pa_collection-palo-santo-large-incense-sticks-es","14":"pa_made-in-peru","16":"first","17":"instock","18":"purchasable","19":"product-type-simple"},"supplier_id":null,"supplier_sku":"MSantoI-14","barcode":null,"atum_controlled":true,"out_stock_date":null,"out_stock_threshold":null,"inheritable":false,"inbound_stock":null,"stock_on_hold":0,"sold_today":0,"sales_last_days":0,"reserved_stock":null,"customer_returns":null,"warehouse_damage":null,"lost_in_post":null,"other_logs":null,"out_stock_days":0,"lost_sales":0,"has_location":null,"update_date":"2026-04-27T07:14:01","atum_locations":[],"atum_stock_status":"instock","restock_status":false,"low_stock_amount":"","sales_update_date":"2026-02-06T00:02:34","calc_backorders":null,"_links":{"self":[{"href":"https:\/\/aromasentia.com\/es\/wp-json\/wp\/v2\/product\/222038","targetHints":{"allow":["GET"]}}],"collection":[{"href":"https:\/\/aromasentia.com\/es\/wp-json\/wp\/v2\/product"}],"about":[{"href":"https:\/\/aromasentia.com\/es\/wp-json\/wp\/v2\/types\/product"}],"replies":[{"embeddable":true,"href":"https:\/\/aromasentia.com\/es\/wp-json\/wp\/v2\/comments?post=222038"}],"version-history":[{"count":0,"href":"https:\/\/aromasentia.com\/es\/wp-json\/wp\/v2\/product\/222038\/revisions"}],"wp:featuredmedia":[{"embeddable":true,"href":"https:\/\/aromasentia.com\/es\/wp-json\/wp\/v2\/media\/642699"}],"wp:attachment":[{"href":"https:\/\/aromasentia.com\/es\/wp-json\/wp\/v2\/media?parent=222038"}],"wp:term":[{"taxonomy":"product_brand","embeddable":true,"href":"https:\/\/aromasentia.com\/es\/wp-json\/wp\/v2\/product_brand?post=222038"},{"taxonomy":"product_cat","embeddable":true,"href":"https:\/\/aromasentia.com\/es\/wp-json\/wp\/v2\/product_cat?post=222038"},{"taxonomy":"product_tag","embeddable":true,"href":"https:\/\/aromasentia.com\/es\/wp-json\/wp\/v2\/product_tag?post=222038"}],"curies":[{"name":"wp","href":"https:\/\/api.w.org\/{rel}","templated":true}]}}