{"id":222030,"date":"2025-03-23T10:30:55","date_gmt":"2025-03-23T10:30:55","guid":{"rendered":"https:\/\/aromasentia.com\/product\/palo-santo-large-incense-sticks-chipre\/"},"modified":"2025-12-30T21:09:01","modified_gmt":"2025-12-30T21:09:01","slug":"set-de-4-varitas-de-incienso-palo-santo-grande-chipre","status":"publish","type":"product","link":"https:\/\/aromasentia.com\/es\/set-de-4-varitas-de-incienso-palo-santo-grande-chipre\/","title":{"rendered":"Set de 4 varitas de incienso Palo Santo Grande &#8211; Chipre"},"content":{"rendered":"<p>El aroma Chipre recibe su nombre de la isla mediterr\u00e1nea, debido a que fue aqu\u00ed donde se origin\u00f3 este aroma. Para su composici\u00f3n se utilizan notas de estoranque, musgo de encina, bergamota, pachuli, labdano y jara, esta mezcla ya se utilizaba en tiempos del Imperio Romano.<\/p>\n<p>La calidad del incienso de Chipre es una de las favoritas por clientes. Su olor profundo y distintivo no dejara indiferente a nadie.<\/p>\n","protected":false},"excerpt":{"rendered":"<p>El aroma Chipre recibe su nombre de la isla mediterr\u00e1nea, debido a que fue aqu\u00ed donde se origin\u00f3 este aroma. Para su composici\u00f3n se utilizan notas de estoranque, musgo de encina, bergamota, pachuli, labdano y jara, esta mezcla ya se utilizaba en tiempos del Imperio Romano. La calidad del incienso de Chipre es una de [&hellip;]<\/p>\n","protected":false},"featured_media":406247,"comment_status":"closed","ping_status":"open","template":"","meta":{"_angie_page":false},"product_brand":[],"product_cat":[26898,25844,15201,15157,26321],"product_tag":[],"class_list":{"0":"post-222030","1":"product","2":"type-product","3":"status-publish","4":"has-post-thumbnail","6":"product_cat-amaderado","7":"product_cat-aromas","8":"product_cat-incienso-en-varillas-varitas","9":"product_cat-incienso-exotico-y-porta-incienso","10":"product_cat-palo-santo-scents-aromas","11":"pa_collection-palo-santo-large-incense-sticks-es","12":"pa_made-in-peru","14":"first","15":"instock","16":"purchasable","17":"product-type-simple"},"supplier_id":null,"supplier_sku":"MSantoI-12","barcode":null,"atum_controlled":true,"out_stock_date":null,"out_stock_threshold":null,"inheritable":false,"inbound_stock":null,"stock_on_hold":0,"sold_today":0,"sales_last_days":0,"reserved_stock":null,"customer_returns":null,"warehouse_damage":null,"lost_in_post":null,"other_logs":null,"out_stock_days":0,"lost_sales":0,"has_location":null,"update_date":"2026-04-27T07:14:01","atum_locations":[],"atum_stock_status":"instock","restock_status":false,"low_stock_amount":"","sales_update_date":"2026-01-30T01:25:29","calc_backorders":null,"_links":{"self":[{"href":"https:\/\/aromasentia.com\/es\/wp-json\/wp\/v2\/product\/222030","targetHints":{"allow":["GET"]}}],"collection":[{"href":"https:\/\/aromasentia.com\/es\/wp-json\/wp\/v2\/product"}],"about":[{"href":"https:\/\/aromasentia.com\/es\/wp-json\/wp\/v2\/types\/product"}],"replies":[{"embeddable":true,"href":"https:\/\/aromasentia.com\/es\/wp-json\/wp\/v2\/comments?post=222030"}],"version-history":[{"count":0,"href":"https:\/\/aromasentia.com\/es\/wp-json\/wp\/v2\/product\/222030\/revisions"}],"wp:featuredmedia":[{"embeddable":true,"href":"https:\/\/aromasentia.com\/es\/wp-json\/wp\/v2\/media\/406247"}],"wp:attachment":[{"href":"https:\/\/aromasentia.com\/es\/wp-json\/wp\/v2\/media?parent=222030"}],"wp:term":[{"taxonomy":"product_brand","embeddable":true,"href":"https:\/\/aromasentia.com\/es\/wp-json\/wp\/v2\/product_brand?post=222030"},{"taxonomy":"product_cat","embeddable":true,"href":"https:\/\/aromasentia.com\/es\/wp-json\/wp\/v2\/product_cat?post=222030"},{"taxonomy":"product_tag","embeddable":true,"href":"https:\/\/aromasentia.com\/es\/wp-json\/wp\/v2\/product_tag?post=222030"}],"curies":[{"name":"wp","href":"https:\/\/api.w.org\/{rel}","templated":true}]}}