{"id":222006,"date":"2025-03-23T10:30:55","date_gmt":"2025-03-23T10:30:55","guid":{"rendered":"https:\/\/aromasentia.com\/product\/smudge-stick-white-sage-ginger-and-cedar\/"},"modified":"2025-12-30T21:08:54","modified_gmt":"2025-12-30T21:08:54","slug":"atado-de-hierba-salvia-blanca-jengibre-y-cedro","status":"publish","type":"product","link":"https:\/\/aromasentia.com\/es\/atado-de-hierba-salvia-blanca-jengibre-y-cedro\/","title":{"rendered":"Atado de Hierba &#8211; Salvia Blanca, Jengibre y Cedro"},"content":{"rendered":"<p>Presentamos nuestro <strong>palito de sahumerio al por mayor<\/strong>, con una poderosa combinaci\u00f3n de <strong>salvia blanca, jengibre y cedro<\/strong>. Este palillo del smudge es perfecto para los que est\u00e1n intentando purificar sus hogares o espacios, realzar sus pr\u00e1cticas de la meditaci\u00f3n, o gozar simplemente del aroma que calma y que calma de la salvia blanca, del jengibre, y del cedro.<\/p>\n<p><strong><em>salvia blanca<\/em><\/strong> se ha utilizado por siglos por las comunidades ind\u00edgenas en Norteam\u00e9rica para los prop\u00f3sitos espirituales y medicinales. Se cree que tiene propiedades limpiadoras que pueden ayudar a eliminar la energ\u00eda negativa, purificar el aire y promover el bienestar general.<strong><em>Jengibre<\/em><\/strong> es una especia popular que se ha utilizado durante miles de a\u00f1os por sus propiedades antiinflamatorias y antioxidantes, as\u00ed como por su capacidad para calmar la mente y el cuerpo. <strong><em>Cedro<\/em><\/strong> es un \u00e1rbol sagrado que ha sido utilizado por muchas culturas ind\u00edgenas por sus propiedades purificadoras y de enraizamiento.<\/p>\n<p>Nuestro bastoncillo para difuminar de salvia blanca, jengibre y cedro es perfecto para cualquiera que busque un bastoncillo para difuminar \u00fanico y poderoso para incorporar a su pr\u00e1ctica espiritual. Con el uso regular, usted puede experimentar una conexi\u00f3n m\u00e1s profunda con su espiritualidad y una mayor sensaci\u00f3n de protecci\u00f3n y bienestar.<\/p>\n<p>Si usted es un practicante espiritual, un entusiasta del bienestar, o simplemente en busca de una forma natural para refrescar su espacio, nuestra venta al por mayor Smudge Stick es la elecci\u00f3n perfecta.<\/p>\n<p>Si usted es un practicante espiritual, un entusiasta del bienestar, o simplemente en busca de una forma natural para refrescar su espacio, nuestra venta al por mayor Smudge Stick es la elecci\u00f3n perfecta.<\/p>\n","protected":false},"excerpt":{"rendered":"<p>Presentamos nuestro palito de sahumerio al por mayor, con una poderosa combinaci\u00f3n de salvia blanca, jengibre y cedro. Este palillo del smudge es perfecto para los que est\u00e1n intentando purificar sus hogares o espacios, realzar sus pr\u00e1cticas de la meditaci\u00f3n, o gozar simplemente del aroma que calma y que calma de la salvia blanca, del [&hellip;]<\/p>\n","protected":false},"featured_media":406217,"comment_status":"closed","ping_status":"open","template":"","meta":{"_angie_page":false},"product_brand":[],"product_cat":[25844,26891,26192,26863,15157,26501,25813],"product_tag":[],"class_list":{"0":"post-222006","1":"product","2":"type-product","3":"status-publish","4":"has-post-thumbnail","6":"product_cat-aromas","7":"product_cat-especiado","8":"product_cat-geranio","9":"product_cat-herbal-aromatico","10":"product_cat-incienso-exotico-y-porta-incienso","11":"product_cat-salvia-blanca","12":"product_cat-smudge-sticks","13":"pa_collection-wrapped-smudge-sticks-es","14":"pa_made-in-mexico","16":"first","17":"instock","18":"purchasable","19":"product-type-simple"},"supplier_id":null,"supplier_sku":"MSage-60","barcode":null,"atum_controlled":true,"out_stock_date":null,"out_stock_threshold":null,"inheritable":false,"inbound_stock":null,"stock_on_hold":0,"sold_today":0,"sales_last_days":0,"reserved_stock":null,"customer_returns":null,"warehouse_damage":null,"lost_in_post":null,"other_logs":null,"out_stock_days":0,"lost_sales":0,"has_location":null,"update_date":"2026-04-27T07:14:01","atum_locations":[],"atum_stock_status":"instock","restock_status":false,"low_stock_amount":"","sales_update_date":"2025-09-03T00:19:07","calc_backorders":null,"_links":{"self":[{"href":"https:\/\/aromasentia.com\/es\/wp-json\/wp\/v2\/product\/222006","targetHints":{"allow":["GET"]}}],"collection":[{"href":"https:\/\/aromasentia.com\/es\/wp-json\/wp\/v2\/product"}],"about":[{"href":"https:\/\/aromasentia.com\/es\/wp-json\/wp\/v2\/types\/product"}],"replies":[{"embeddable":true,"href":"https:\/\/aromasentia.com\/es\/wp-json\/wp\/v2\/comments?post=222006"}],"version-history":[{"count":0,"href":"https:\/\/aromasentia.com\/es\/wp-json\/wp\/v2\/product\/222006\/revisions"}],"wp:featuredmedia":[{"embeddable":true,"href":"https:\/\/aromasentia.com\/es\/wp-json\/wp\/v2\/media\/406217"}],"wp:attachment":[{"href":"https:\/\/aromasentia.com\/es\/wp-json\/wp\/v2\/media?parent=222006"}],"wp:term":[{"taxonomy":"product_brand","embeddable":true,"href":"https:\/\/aromasentia.com\/es\/wp-json\/wp\/v2\/product_brand?post=222006"},{"taxonomy":"product_cat","embeddable":true,"href":"https:\/\/aromasentia.com\/es\/wp-json\/wp\/v2\/product_cat?post=222006"},{"taxonomy":"product_tag","embeddable":true,"href":"https:\/\/aromasentia.com\/es\/wp-json\/wp\/v2\/product_tag?post=222006"}],"curies":[{"name":"wp","href":"https:\/\/api.w.org\/{rel}","templated":true}]}}