{"id":221998,"date":"2025-03-23T10:30:55","date_gmt":"2025-03-23T10:30:55","guid":{"rendered":"https:\/\/aromasentia.com\/product\/polished-aluminium-tibetan-symbols-incense-holder-12cm\/"},"modified":"2025-12-30T21:08:54","modified_gmt":"2025-12-30T21:08:54","slug":"porta-incienso-simbolos-tibetanos-de-aluminio-pulido-12cm","status":"publish","type":"product","link":"https:\/\/aromasentia.com\/es\/porta-incienso-simbolos-tibetanos-de-aluminio-pulido-12cm\/","title":{"rendered":"Porta Incienso S\u00edmbolos Tibetanos de  Aluminio Pulido 12cm"},"content":{"rendered":"<p><strong>Porta Incienso S\u00edmbolos Tibetanos al por mayor<\/strong>, porta-inciensos de aluminio pulido hechos a mano con s\u00edmbolos tibetanos, importados directamente de la India. Con una altura de 12 cm, estos bonitos porta-inciensos son una forma \u00fanica y elegante de quemar tus varillas o conos de incienso favoritos (con base plana). Los s\u00edmbolos exactos var\u00edan, pero a menudo incluyen nudos de la suerte, nudos sin fin y otros motivos espirituales. Estos porta-inciensos son una forma perfecta de a\u00f1adir un toque <strong>Zen a cualquier hogar o estudio.<\/strong><\/p>\n<p>Caracter\u00edsticas:<\/strong><\/p>\n<p><strong>Dise\u00f1o de S\u00edmbolos Tibetanos: Var\u00eda,<\/strong> pero a menudo presenta nudos de la suerte, nudos sin fin y otros motivos espirituales.&nbsp;<\/p>\n<p><strong>Aluminio pulido<\/strong>: Fabricado en aluminio de alta calidad para un acabado bonito y reflectante.<\/p>\n<p><strong>Tama\u00f1o grande (12cm):<\/strong>Acomoda la mayor\u00eda de varillas y conos de incienso est\u00e1ndar. Vers\u00e1til&nbsp;<\/p>\n<p>Beneficios:&nbsp;<\/p>\n<p><strong>A\u00f1ade un toque de elegancia y simbolismo espiritual a cualquier espacio.&nbsp;<\/strong><\/p>\n<p><strong>Promueve sentimientos de paz y tranquilidad.&nbsp;<\/strong><\/p>\n<p><strong>Quema varillas y conos de incienso.<\/strong><\/p>\n<p><strong>Construcci\u00f3n de aluminio de alta calidad para una belleza duradera.&nbsp;<\/strong><\/p>\n<p><\/p>\n<p><strong>Transforma el espacio de tus clientes en un santuario de paz. <\/strong> <\/p>\n<p><strong>Transforma el espacio de tus clientes en un santuario de paz<\/strong>.<\/p>\n","protected":false},"excerpt":{"rendered":"<p>Porta Incienso S\u00edmbolos Tibetanos al por mayor, porta-inciensos de aluminio pulido hechos a mano con s\u00edmbolos tibetanos, importados directamente de la India. Con una altura de 12 cm, estos bonitos porta-inciensos son una forma \u00fanica y elegante de quemar tus varillas o conos de incienso favoritos (con base plana). Los s\u00edmbolos exactos var\u00edan, pero a [&hellip;]<\/p>\n","protected":false},"featured_media":407265,"comment_status":"closed","ping_status":"open","template":"","meta":{"_angie_page":false},"product_brand":[],"product_cat":[15157,15170,15158],"product_tag":[],"class_list":{"0":"post-221998","1":"product","2":"type-product","3":"status-publish","4":"has-post-thumbnail","6":"product_cat-incienso-exotico-y-porta-incienso","7":"product_cat-quemador-conos-incienso","8":"product_cat-quemador-porta-incienso","9":"pa_collection-polished-aluminium-incense-holders-es","10":"pa_made-in-india","12":"first","13":"instock","14":"purchasable","15":"product-type-simple"},"supplier_id":null,"supplier_sku":"PAIH-04","barcode":null,"atum_controlled":true,"out_stock_date":null,"out_stock_threshold":null,"inheritable":false,"inbound_stock":null,"stock_on_hold":0,"sold_today":0,"sales_last_days":0,"reserved_stock":null,"customer_returns":null,"warehouse_damage":null,"lost_in_post":null,"other_logs":null,"out_stock_days":0,"lost_sales":0,"has_location":null,"update_date":"2026-04-27T07:17:28","atum_locations":[],"atum_stock_status":"instock","restock_status":false,"low_stock_amount":"","sales_update_date":"2026-01-30T01:26:03","calc_backorders":null,"_links":{"self":[{"href":"https:\/\/aromasentia.com\/es\/wp-json\/wp\/v2\/product\/221998","targetHints":{"allow":["GET"]}}],"collection":[{"href":"https:\/\/aromasentia.com\/es\/wp-json\/wp\/v2\/product"}],"about":[{"href":"https:\/\/aromasentia.com\/es\/wp-json\/wp\/v2\/types\/product"}],"replies":[{"embeddable":true,"href":"https:\/\/aromasentia.com\/es\/wp-json\/wp\/v2\/comments?post=221998"}],"version-history":[{"count":0,"href":"https:\/\/aromasentia.com\/es\/wp-json\/wp\/v2\/product\/221998\/revisions"}],"wp:featuredmedia":[{"embeddable":true,"href":"https:\/\/aromasentia.com\/es\/wp-json\/wp\/v2\/media\/407265"}],"wp:attachment":[{"href":"https:\/\/aromasentia.com\/es\/wp-json\/wp\/v2\/media?parent=221998"}],"wp:term":[{"taxonomy":"product_brand","embeddable":true,"href":"https:\/\/aromasentia.com\/es\/wp-json\/wp\/v2\/product_brand?post=221998"},{"taxonomy":"product_cat","embeddable":true,"href":"https:\/\/aromasentia.com\/es\/wp-json\/wp\/v2\/product_cat?post=221998"},{"taxonomy":"product_tag","embeddable":true,"href":"https:\/\/aromasentia.com\/es\/wp-json\/wp\/v2\/product_tag?post=221998"}],"curies":[{"name":"wp","href":"https:\/\/api.w.org\/{rel}","templated":true}]}}