{"id":221894,"date":"2025-03-23T10:30:55","date_gmt":"2025-03-23T10:30:55","guid":{"rendered":"https:\/\/aromasentia.com\/product\/palo-santo-large-incense-sticks-peppermint\/"},"modified":"2025-12-30T21:08:30","modified_gmt":"2025-12-30T21:08:30","slug":"set-de-4-varitas-de-incienso-grandes-de-palo-santo-hierbabuena","status":"publish","type":"product","link":"https:\/\/aromasentia.com\/es\/set-de-4-varitas-de-incienso-grandes-de-palo-santo-hierbabuena\/","title":{"rendered":"Set de 4 varitas de incienso grandes de Palo Santo &#8211; Hierbabuena"},"content":{"rendered":"<p>Palo santo significa &laquo;madera sagrada&raquo; y es el nombre espa\u00f1ol para bursera graveolens, el \u00e1rbol de donde se saca la madera para hacer el incienso de palo santo.&nbsp;<\/p>\n<p>&nbsp;Este \u00e1rbol vive en la regi\u00f3n sudamericana de Gran Chaco (en el norte de Argentina), Paraguay, Bolivia, Per\u00fa y Ecuador.&nbsp;<\/p>\n<p>La hierbabuena da un toque diferenciador y arom\u00e1tico, el cual creara un ambiente acogedor para disfrutar con familia y amigos.<\/p>\n","protected":false},"excerpt":{"rendered":"<p>Palo santo significa &laquo;madera sagrada&raquo; y es el nombre espa\u00f1ol para bursera graveolens, el \u00e1rbol de donde se saca la madera para hacer el incienso de palo santo.&nbsp; &nbsp;Este \u00e1rbol vive en la regi\u00f3n sudamericana de Gran Chaco (en el norte de Argentina), Paraguay, Bolivia, Per\u00fa y Ecuador.&nbsp; La hierbabuena da un toque diferenciador y [&hellip;]<\/p>\n","protected":false},"featured_media":642707,"comment_status":"closed","ping_status":"open","template":"","meta":[],"product_brand":[],"product_cat":[26898,25844,15201,15157,26339,26877,26321],"product_tag":[],"class_list":{"0":"post-221894","1":"product","2":"type-product","3":"status-publish","4":"has-post-thumbnail","6":"product_cat-amaderado","7":"product_cat-aromas","8":"product_cat-incienso-en-varillas-varitas","9":"product_cat-incienso-exotico-y-porta-incienso","10":"product_cat-menta-piperita","11":"product_cat-mentolado","12":"product_cat-palo-santo-scents-aromas","13":"pa_collection-palo-santo-large-incense-sticks-es","14":"pa_made-in-peru","16":"first","17":"instock","18":"purchasable","19":"product-type-simple"},"supplier_id":null,"supplier_sku":"MSantoI-07","barcode":null,"atum_controlled":true,"out_stock_date":null,"out_stock_threshold":null,"inheritable":false,"inbound_stock":null,"stock_on_hold":0,"sold_today":0,"sales_last_days":0,"reserved_stock":null,"customer_returns":null,"warehouse_damage":null,"lost_in_post":null,"other_logs":null,"out_stock_days":0,"lost_sales":0,"has_location":null,"update_date":"2026-01-30T01:25:59","atum_locations":[],"atum_stock_status":"instock","restock_status":false,"low_stock_amount":"","sales_update_date":"2026-01-30T01:25:59","calc_backorders":null,"_links":{"self":[{"href":"https:\/\/aromasentia.com\/es\/wp-json\/wp\/v2\/product\/221894","targetHints":{"allow":["GET"]}}],"collection":[{"href":"https:\/\/aromasentia.com\/es\/wp-json\/wp\/v2\/product"}],"about":[{"href":"https:\/\/aromasentia.com\/es\/wp-json\/wp\/v2\/types\/product"}],"replies":[{"embeddable":true,"href":"https:\/\/aromasentia.com\/es\/wp-json\/wp\/v2\/comments?post=221894"}],"version-history":[{"count":0,"href":"https:\/\/aromasentia.com\/es\/wp-json\/wp\/v2\/product\/221894\/revisions"}],"wp:featuredmedia":[{"embeddable":true,"href":"https:\/\/aromasentia.com\/es\/wp-json\/wp\/v2\/media\/642707"}],"wp:attachment":[{"href":"https:\/\/aromasentia.com\/es\/wp-json\/wp\/v2\/media?parent=221894"}],"wp:term":[{"taxonomy":"product_brand","embeddable":true,"href":"https:\/\/aromasentia.com\/es\/wp-json\/wp\/v2\/product_brand?post=221894"},{"taxonomy":"product_cat","embeddable":true,"href":"https:\/\/aromasentia.com\/es\/wp-json\/wp\/v2\/product_cat?post=221894"},{"taxonomy":"product_tag","embeddable":true,"href":"https:\/\/aromasentia.com\/es\/wp-json\/wp\/v2\/product_tag?post=221894"}],"curies":[{"name":"wp","href":"https:\/\/api.w.org\/{rel}","templated":true}]}}