{"id":221658,"date":"2025-03-23T10:31:03","date_gmt":"2025-03-23T10:31:03","guid":{"rendered":"https:\/\/aromasentia.com\/product\/polished-aluminium-flower-of-life-incense-holder-11cm\/"},"modified":"2025-12-30T21:07:41","modified_gmt":"2025-12-30T21:07:41","slug":"porta-incienso-flor-de-la-vida-de-aluminio-pulido-11cm","status":"publish","type":"product","link":"https:\/\/aromasentia.com\/es\/porta-incienso-flor-de-la-vida-de-aluminio-pulido-11cm\/","title":{"rendered":"Porta Incienso Flor de la Vida de Aluminio Pulido 11cm"},"content":{"rendered":"<p><strong>Porta Incienso Flor de la Vida de Aluminio Pulido al por mayor.<\/strong> Hecho a mano en la India, este portaincienso de 11cm presenta el hermoso s\u00edmbolo de la Flor de la Vida, un s\u00edmbolo universal de creaci\u00f3n, interconexi\u00f3n y totalidad espiritual. <\/p>\n<p>Hecho de aluminio de alta calidad y pulido con un acabado reflectante, este portaincienso es elegante y funcional.<\/p>\n<p>Caracter\u00edsticas:&nbsp;<\/p>\n<p><strong>Dise\u00f1o de la Flor de la Vida:&nbsp;<\/strong>Un poderoso s\u00edmbolo de creaci\u00f3n, interconexi\u00f3n y totalidad espiritual.<\/p>\n<p><strong>Aluminio Pulido:<\/strong> La construcci\u00f3n de aluminio de alta calidad garantiza la durabilidad y un hermoso acabado reflectante.&nbsp;<\/p>\n<p><strong>Tama\u00f1o mediano (11cm):&nbsp;<\/strong>Perfectamente dimensionado para escritorios, mesas auxiliares o espacios de meditaci\u00f3n.&nbsp;<\/p>\n<p>Uso vers\u00e1til: Dise\u00f1ado para varillas de incienso y compatible con algunos dise\u00f1os de conos (requiere base plana).&nbsp;<\/p>\n<p><strong>Regalo Ideal:&nbsp;<\/strong>Un regalo significativo para cualquiera que aprecie la <strong>geometr\u00eda sagrada, el yoga, la meditaci\u00f3n o el simbolismo espiritual.&nbsp;<\/strong><\/p>\n<p>Beneficios:&nbsp;<\/p>\n<p><strong>Promueve sentimientos de paz y tranquilidad.&nbsp;<\/strong>Quema varillas de incienso y algunos inciensos c\u00f3nicos (requiere base plana). Construcci\u00f3n de aluminio de alta calidad para una belleza duradera. Un complemento perfecto para su tienda de regalos. <strong>Imprescindible para tiendas que venden incienso.<\/strong><\/p>\n<p><strong>Transforme el espacio de sus clientes en un santuario de paz. Pida hoy mismo sus porta-inciensos de aluminio pulido al por mayor. &nbsp;<\/strong><\/p>\n","protected":false},"excerpt":{"rendered":"<p>Porta Incienso Flor de la Vida de Aluminio Pulido al por mayor. Hecho a mano en la India, este portaincienso de 11cm presenta el hermoso s\u00edmbolo de la Flor de la Vida, un s\u00edmbolo universal de creaci\u00f3n, interconexi\u00f3n y totalidad espiritual. Hecho de aluminio de alta calidad y pulido con un acabado reflectante, este portaincienso [&hellip;]<\/p>\n","protected":false},"featured_media":407316,"comment_status":"closed","ping_status":"open","template":"","meta":{"_angie_page":false},"product_brand":[],"product_cat":[15157,15170,15158],"product_tag":[],"class_list":{"0":"post-221658","1":"product","2":"type-product","3":"status-publish","4":"has-post-thumbnail","6":"product_cat-incienso-exotico-y-porta-incienso","7":"product_cat-quemador-conos-incienso","8":"product_cat-quemador-porta-incienso","9":"pa_collection-polished-aluminium-incense-holders-es","10":"pa_made-in-india","12":"first","13":"instock","14":"purchasable","15":"product-type-simple"},"supplier_id":null,"supplier_sku":"PAIH-07","barcode":null,"atum_controlled":true,"out_stock_date":null,"out_stock_threshold":null,"inheritable":false,"inbound_stock":null,"stock_on_hold":0,"sold_today":0,"sales_last_days":0,"reserved_stock":null,"customer_returns":null,"warehouse_damage":null,"lost_in_post":null,"other_logs":null,"out_stock_days":0,"lost_sales":0,"has_location":null,"update_date":"2026-05-08T05:16:48","atum_locations":[],"atum_stock_status":"instock","restock_status":false,"low_stock_amount":"","sales_update_date":"2026-02-06T00:01:15","calc_backorders":null,"_links":{"self":[{"href":"https:\/\/aromasentia.com\/es\/wp-json\/wp\/v2\/product\/221658","targetHints":{"allow":["GET"]}}],"collection":[{"href":"https:\/\/aromasentia.com\/es\/wp-json\/wp\/v2\/product"}],"about":[{"href":"https:\/\/aromasentia.com\/es\/wp-json\/wp\/v2\/types\/product"}],"replies":[{"embeddable":true,"href":"https:\/\/aromasentia.com\/es\/wp-json\/wp\/v2\/comments?post=221658"}],"version-history":[{"count":0,"href":"https:\/\/aromasentia.com\/es\/wp-json\/wp\/v2\/product\/221658\/revisions"}],"wp:featuredmedia":[{"embeddable":true,"href":"https:\/\/aromasentia.com\/es\/wp-json\/wp\/v2\/media\/407316"}],"wp:attachment":[{"href":"https:\/\/aromasentia.com\/es\/wp-json\/wp\/v2\/media?parent=221658"}],"wp:term":[{"taxonomy":"product_brand","embeddable":true,"href":"https:\/\/aromasentia.com\/es\/wp-json\/wp\/v2\/product_brand?post=221658"},{"taxonomy":"product_cat","embeddable":true,"href":"https:\/\/aromasentia.com\/es\/wp-json\/wp\/v2\/product_cat?post=221658"},{"taxonomy":"product_tag","embeddable":true,"href":"https:\/\/aromasentia.com\/es\/wp-json\/wp\/v2\/product_tag?post=221658"}],"curies":[{"name":"wp","href":"https:\/\/api.w.org\/{rel}","templated":true}]}}