{"id":221086,"date":"2025-03-23T10:31:25","date_gmt":"2025-03-23T10:31:25","guid":{"rendered":"https:\/\/aromasentia.com\/product\/smudge-stick-sweetgrass-braid-10cm\/"},"modified":"2025-12-30T21:05:52","modified_gmt":"2025-12-30T21:05:52","slug":"atados-de-hierba-trenza-de-hierba-dulce-10cm","status":"publish","type":"product","link":"https:\/\/aromasentia.com\/es\/atados-de-hierba-trenza-de-hierba-dulce-10cm\/","title":{"rendered":"Atados de Hierba &#8211; Trenza de Hierba Dulce 10cm"},"content":{"rendered":"<p>Experimenta el antiguo ritual de purificaci\u00f3n y bendiciones con nuestro <strong>Bast\u00f3n de Smudge de Hierba Dulce al por mayor<\/strong>. Esta trenza de 10 cm &nbsp;es una herramienta sagrada para limpiar espacios, promover la energ\u00eda positiva y honrar tradiciones que abarcan siglos.&nbsp;<\/p>\n<p>La hierba dulce es apreciada por su aroma dulce y edificante y se utiliza tradicionalmente para purificar espacios y atraer energ\u00edas positivas. Cada trenza de hierba dulce es meticulosamente trenzada a mano por h\u00e1biles artesanos, preservando el arte sagrado de esta tradici\u00f3n.<\/p>\n<p>Utiliza nuestro <strong>Bast\u00f3n de Smudge de Trenza de Hierba Dulce al por mayor<\/strong> para limpiar el hogar, espacio de meditaci\u00f3n, o cualquier \u00e1rea que desees infundir con energ\u00eda positiva. El aroma de la hierba dulce invita a la armon\u00eda, la purificaci\u00f3n y un sentido de renovaci\u00f3n. <\/p>\n<p class=\"text-align: justify;\">\n","protected":false},"excerpt":{"rendered":"<p>Experimenta el antiguo ritual de purificaci\u00f3n y bendiciones con nuestro Bast\u00f3n de Smudge de Hierba Dulce al por mayor. Esta trenza de 10 cm &nbsp;es una herramienta sagrada para limpiar espacios, promover la energ\u00eda positiva y honrar tradiciones que abarcan siglos.&nbsp; La hierba dulce es apreciada por su aroma dulce y edificante y se utiliza [&hellip;]<\/p>\n","protected":false},"featured_media":411162,"comment_status":"closed","ping_status":"open","template":"","meta":{"_angie_page":false},"product_brand":[],"product_cat":[15157,25813],"product_tag":[],"class_list":{"0":"post-221086","1":"product","2":"type-product","3":"status-publish","4":"has-post-thumbnail","6":"product_cat-incienso-exotico-y-porta-incienso","7":"product_cat-smudge-sticks","8":"pa_collection-smudge-sticks-es","9":"pa_made-in-estados-unidos","11":"first","12":"outofstock","13":"purchasable","14":"product-type-simple"},"supplier_id":null,"supplier_sku":"SmudgeS-55","barcode":null,"atum_controlled":true,"out_stock_date":"2025-09-05 16:07:50","out_stock_threshold":null,"inheritable":false,"inbound_stock":null,"stock_on_hold":0,"sold_today":0,"sales_last_days":0,"reserved_stock":null,"customer_returns":null,"warehouse_damage":null,"lost_in_post":null,"other_logs":null,"out_stock_days":0,"lost_sales":0,"has_location":null,"update_date":"2026-04-27T07:21:45","atum_locations":[],"atum_stock_status":"outofstock","restock_status":false,"low_stock_amount":"","sales_update_date":"2025-09-03T00:18:14","calc_backorders":null,"_links":{"self":[{"href":"https:\/\/aromasentia.com\/es\/wp-json\/wp\/v2\/product\/221086","targetHints":{"allow":["GET"]}}],"collection":[{"href":"https:\/\/aromasentia.com\/es\/wp-json\/wp\/v2\/product"}],"about":[{"href":"https:\/\/aromasentia.com\/es\/wp-json\/wp\/v2\/types\/product"}],"replies":[{"embeddable":true,"href":"https:\/\/aromasentia.com\/es\/wp-json\/wp\/v2\/comments?post=221086"}],"version-history":[{"count":0,"href":"https:\/\/aromasentia.com\/es\/wp-json\/wp\/v2\/product\/221086\/revisions"}],"wp:featuredmedia":[{"embeddable":true,"href":"https:\/\/aromasentia.com\/es\/wp-json\/wp\/v2\/media\/411162"}],"wp:attachment":[{"href":"https:\/\/aromasentia.com\/es\/wp-json\/wp\/v2\/media?parent=221086"}],"wp:term":[{"taxonomy":"product_brand","embeddable":true,"href":"https:\/\/aromasentia.com\/es\/wp-json\/wp\/v2\/product_brand?post=221086"},{"taxonomy":"product_cat","embeddable":true,"href":"https:\/\/aromasentia.com\/es\/wp-json\/wp\/v2\/product_cat?post=221086"},{"taxonomy":"product_tag","embeddable":true,"href":"https:\/\/aromasentia.com\/es\/wp-json\/wp\/v2\/product_tag?post=221086"}],"curies":[{"name":"wp","href":"https:\/\/api.w.org\/{rel}","templated":true}]}}