{"id":220522,"date":"2025-03-23T10:31:48","date_gmt":"2025-03-23T10:31:48","guid":{"rendered":"https:\/\/aromasentia.com\/product\/citronella-lemongrass-premium-incense\/"},"modified":"2025-12-30T21:04:04","modified_gmt":"2025-12-30T21:04:04","slug":"inciensos-stamford-premium-citronela-y-hierba-de-limon","status":"publish","type":"product","link":"https:\/\/aromasentia.com\/es\/inciensos-stamford-premium-citronela-y-hierba-de-limon\/","title":{"rendered":"Inciensos Stamford Premium &#8211; Citronela y Hierba de Lim\u00f3n"},"content":{"rendered":"<p>Las Varillas de Incienso Hexagonales Stamford al por mayor te permitir\u00e1n sentarte, relajarte y disfrutar de la sutileza de esta fragancia y aroma mientras dejas que el incienso impregne el aire a tu alrededor.<\/p>\n<p>Esta gama de Varillas de Incienso te permite crear el ambiente perfecto para la relajaci\u00f3n, el entretenimiento y un hogar verdaderamente elegante. Con aroma de buena calidad en cada dise\u00f1o, tendr\u00e1s algo especial para que cada cliente elija. &nbsp;<\/p>\n<p>\n","protected":false},"excerpt":{"rendered":"<p>Las Varillas de Incienso Hexagonales Stamford al por mayor te permitir\u00e1n sentarte, relajarte y disfrutar de la sutileza de esta fragancia y aroma mientras dejas que el incienso impregne el aire a tu alrededor. Esta gama de Varillas de Incienso te permite crear el ambiente perfecto para la relajaci\u00f3n, el entretenimiento y un hogar verdaderamente [&hellip;]<\/p>\n","protected":false},"featured_media":413993,"comment_status":"closed","ping_status":"open","template":"","meta":{"_angie_page":false},"product_brand":[27144],"product_cat":[25844,26821,26137,26255,15201,15157],"product_tag":[],"class_list":{"0":"post-220522","1":"product","2":"type-product","3":"status-publish","4":"has-post-thumbnail","6":"product_brand-stamford","7":"product_cat-aromas","8":"product_cat-citrico","9":"product_cat-citronela","10":"product_cat-hierba-limon-lemongrass","11":"product_cat-incienso-en-varillas-varitas","12":"product_cat-incienso-exotico-y-porta-incienso","13":"pa_collection-stamford-premium-incense-sticks-es","14":"pa_made-in-india","16":"first","17":"instock","18":"purchasable","19":"product-type-simple"},"supplier_id":null,"supplier_sku":"StamFP-46","barcode":null,"atum_controlled":true,"out_stock_date":null,"out_stock_threshold":null,"inheritable":false,"inbound_stock":null,"stock_on_hold":0,"sold_today":0,"sales_last_days":0,"reserved_stock":null,"customer_returns":null,"warehouse_damage":null,"lost_in_post":null,"other_logs":null,"out_stock_days":0,"lost_sales":0,"has_location":null,"update_date":"2026-04-27T07:23:41","atum_locations":[],"atum_stock_status":"instock","restock_status":false,"low_stock_amount":"","sales_update_date":"2026-01-30T01:26:10","calc_backorders":null,"_links":{"self":[{"href":"https:\/\/aromasentia.com\/es\/wp-json\/wp\/v2\/product\/220522","targetHints":{"allow":["GET"]}}],"collection":[{"href":"https:\/\/aromasentia.com\/es\/wp-json\/wp\/v2\/product"}],"about":[{"href":"https:\/\/aromasentia.com\/es\/wp-json\/wp\/v2\/types\/product"}],"replies":[{"embeddable":true,"href":"https:\/\/aromasentia.com\/es\/wp-json\/wp\/v2\/comments?post=220522"}],"version-history":[{"count":0,"href":"https:\/\/aromasentia.com\/es\/wp-json\/wp\/v2\/product\/220522\/revisions"}],"wp:featuredmedia":[{"embeddable":true,"href":"https:\/\/aromasentia.com\/es\/wp-json\/wp\/v2\/media\/413993"}],"wp:attachment":[{"href":"https:\/\/aromasentia.com\/es\/wp-json\/wp\/v2\/media?parent=220522"}],"wp:term":[{"taxonomy":"product_brand","embeddable":true,"href":"https:\/\/aromasentia.com\/es\/wp-json\/wp\/v2\/product_brand?post=220522"},{"taxonomy":"product_cat","embeddable":true,"href":"https:\/\/aromasentia.com\/es\/wp-json\/wp\/v2\/product_cat?post=220522"},{"taxonomy":"product_tag","embeddable":true,"href":"https:\/\/aromasentia.com\/es\/wp-json\/wp\/v2\/product_tag?post=220522"}],"curies":[{"name":"wp","href":"https:\/\/api.w.org\/{rel}","templated":true}]}}