{"id":220470,"date":"2025-03-23T10:31:48","date_gmt":"2025-03-23T10:31:48","guid":{"rendered":"https:\/\/aromasentia.com\/product\/opium-premium-incense-sticks\/"},"modified":"2025-12-30T21:03:56","modified_gmt":"2025-12-30T21:03:56","slug":"stamford-incienso-premium-opium","status":"publish","type":"product","link":"https:\/\/aromasentia.com\/es\/stamford-incienso-premium-opium\/","title":{"rendered":"Stamford Incienso Premium Opium"},"content":{"rendered":"<p>Esta fragancia embriagadora y ex\u00f3tica crea una atm\u00f3sfera de celebraci\u00f3n y armon\u00eda. Este incienso de Opio est\u00e1 elaborado \u00fanicamente a partir de materias primas de perfumer\u00eda. Este incienso no contiene Opio ni ning\u00fan otro material prohibido o nocivo. Este incienso no es adictivo y no crea ning\u00fan efecto nocivo.<br \/><strong><br \/>Palillos de Incienso Hexagonales Stamford al por mayor<\/strong> te permitir\u00e1n sentarte, relajarte y disfrutar de la sutileza de esta fragancia y aroma mientras dejas que el incienso impregne el aire a tu alrededor.<br \/>Esta gama de Palillos de Incienso te permiten crear el ambiente perfecto para la relajaci\u00f3n, el entretenimiento y un hogar verdaderamente elegante. Con un aroma de buena calidad en cada dise\u00f1o, tenemos algo perfecto para todos.<br \/>Simplemente enciende la punta de tu Varilla de Incienso y espera a que brille. A continuaci\u00f3n, apaga la llama y col\u00f3calo en un porta incienso para obtener una hermosa fragancia en toda tu casa.<br \/>Paquete de varillas de incienso con n\u00facleo<br \/>Contiene 20 varillas de incienso aprox.<br \/>Tiempo de combusti\u00f3n 30 minutos aprox. por varilla<br \/>Para obtener mejores resultados, col\u00f3calo en un porta incienso<br \/>Fabricado \u00fanicamente con materias primas de perfumer\u00eda<br \/>El embalaje es reciclable.<\/p>\n","protected":false},"excerpt":{"rendered":"<p>Esta fragancia embriagadora y ex\u00f3tica crea una atm\u00f3sfera de celebraci\u00f3n y armon\u00eda. Este incienso de Opio est\u00e1 elaborado \u00fanicamente a partir de materias primas de perfumer\u00eda. Este incienso no contiene Opio ni ning\u00fan otro material prohibido o nocivo. Este incienso no es adictivo y no crea ning\u00fan efecto nocivo.Palillos de Incienso Hexagonales Stamford al por [&hellip;]<\/p>\n","protected":false},"featured_media":413900,"comment_status":"closed","ping_status":"open","template":"","meta":{"_angie_page":false},"product_brand":[27144],"product_cat":[15201,15157],"product_tag":[],"class_list":{"0":"post-220470","1":"product","2":"type-product","3":"status-publish","4":"has-post-thumbnail","6":"product_brand-stamford","7":"product_cat-incienso-en-varillas-varitas","8":"product_cat-incienso-exotico-y-porta-incienso","9":"pa_collection-stamford-premium-incense-sticks-es","10":"pa_made-in-india","12":"first","13":"instock","14":"purchasable","15":"product-type-simple"},"supplier_id":null,"supplier_sku":"StamFP-05","barcode":null,"atum_controlled":true,"out_stock_date":null,"out_stock_threshold":null,"inheritable":false,"inbound_stock":null,"stock_on_hold":0,"sold_today":0,"sales_last_days":0,"reserved_stock":null,"customer_returns":null,"warehouse_damage":null,"lost_in_post":null,"other_logs":null,"out_stock_days":0,"lost_sales":0,"has_location":null,"update_date":"2026-05-08T05:20:17","atum_locations":[],"atum_stock_status":"instock","restock_status":false,"low_stock_amount":"","sales_update_date":"2026-01-30T01:25:55","calc_backorders":null,"_links":{"self":[{"href":"https:\/\/aromasentia.com\/es\/wp-json\/wp\/v2\/product\/220470","targetHints":{"allow":["GET"]}}],"collection":[{"href":"https:\/\/aromasentia.com\/es\/wp-json\/wp\/v2\/product"}],"about":[{"href":"https:\/\/aromasentia.com\/es\/wp-json\/wp\/v2\/types\/product"}],"replies":[{"embeddable":true,"href":"https:\/\/aromasentia.com\/es\/wp-json\/wp\/v2\/comments?post=220470"}],"version-history":[{"count":0,"href":"https:\/\/aromasentia.com\/es\/wp-json\/wp\/v2\/product\/220470\/revisions"}],"wp:featuredmedia":[{"embeddable":true,"href":"https:\/\/aromasentia.com\/es\/wp-json\/wp\/v2\/media\/413900"}],"wp:attachment":[{"href":"https:\/\/aromasentia.com\/es\/wp-json\/wp\/v2\/media?parent=220470"}],"wp:term":[{"taxonomy":"product_brand","embeddable":true,"href":"https:\/\/aromasentia.com\/es\/wp-json\/wp\/v2\/product_brand?post=220470"},{"taxonomy":"product_cat","embeddable":true,"href":"https:\/\/aromasentia.com\/es\/wp-json\/wp\/v2\/product_cat?post=220470"},{"taxonomy":"product_tag","embeddable":true,"href":"https:\/\/aromasentia.com\/es\/wp-json\/wp\/v2\/product_tag?post=220470"}],"curies":[{"name":"wp","href":"https:\/\/api.w.org\/{rel}","templated":true}]}}