{"id":220326,"date":"2025-03-23T10:31:56","date_gmt":"2025-03-23T10:31:56","guid":{"rendered":"https:\/\/aromasentia.com\/product\/50gm-benzoin-resin\/"},"modified":"2025-12-30T21:03:27","modified_gmt":"2025-12-30T21:03:27","slug":"50g-resina-benjui","status":"publish","type":"product","link":"https:\/\/aromasentia.com\/es\/50g-resina-benjui\/","title":{"rendered":"50g Resina Benjui"},"content":{"rendered":"<p>Destaque de su competencia con la resinas Benjui al por mayor, extraida del \u00e1rbol Styrax benzoin.&nbsp;<\/p>\n<p>Esta resina se ha utilizado en terapias y rituales. Tiene una fragancia c\u00e1lido, dulce y suave. Le recomendamos que utilice esta resina para momentos de relajaci\u00f3n como meditaciones, pr\u00e1cticas de aromaterapia o simplemente para descargar el estr\u00e9s diario.&nbsp;<\/p>\n<p><strong>Se vende en conjuntos de 6 unidades, en cajitas de 50 gramos. Los pesos son aproximados (45-50 gr).<\/strong><\/p>\n<p><strong>\u00bfC\u00f3mo utilizarlo?<\/strong> Enciende el carb\u00f3n, este se encender\u00e1 por si solo en toda la superficie. Cuando el carb\u00f3n comience a ponerse gris en los bordes, ser\u00e1 el momento de colocar la resina en un <a href=\"https:\/\/aromasentia.com\/briw\" rel=\"noopener noreferrer\" target=\"_blank\">quemador de resina<\/a> y en breves minutos podr\u00e1s disfrutar de su aroma.<\/p>\n<p><\/p>\n","protected":false},"excerpt":{"rendered":"<p>Destaque de su competencia con la resinas Benjui al por mayor, extraida del \u00e1rbol Styrax benzoin.&nbsp; Esta resina se ha utilizado en terapias y rituales. Tiene una fragancia c\u00e1lido, dulce y suave. Le recomendamos que utilice esta resina para momentos de relajaci\u00f3n como meditaciones, pr\u00e1cticas de aromaterapia o simplemente para descargar el estr\u00e9s diario.&nbsp; Se [&hellip;]<\/p>\n","protected":false},"featured_media":415332,"comment_status":"closed","ping_status":"open","template":"","meta":{"_angie_page":false},"product_brand":[],"product_cat":[25844,26100,15157,15234,26884],"product_tag":[],"class_list":{"0":"post-220326","1":"product","2":"type-product","3":"status-publish","4":"has-post-thumbnail","6":"product_cat-aromas","7":"product_cat-benjui","8":"product_cat-incienso-exotico-y-porta-incienso","9":"product_cat-resina-de-incienso","10":"product_cat-resinoso-balsamico","11":"pa_collection-incense-resin-50g-tubs-es","12":"pa_made-in-india","13":"pa_size-50g","15":"first","16":"instock","17":"purchasable","18":"product-type-simple"},"supplier_id":null,"supplier_sku":"TRT-07","barcode":null,"atum_controlled":true,"out_stock_date":null,"out_stock_threshold":null,"inheritable":false,"inbound_stock":null,"stock_on_hold":0,"sold_today":0,"sales_last_days":0,"reserved_stock":null,"customer_returns":null,"warehouse_damage":null,"lost_in_post":null,"other_logs":null,"out_stock_days":34,"lost_sales":0,"has_location":null,"update_date":"2026-04-27T19:08:26","atum_locations":[],"atum_stock_status":"instock","restock_status":false,"low_stock_amount":"","sales_update_date":"2026-01-20T05:14:02","calc_backorders":null,"_links":{"self":[{"href":"https:\/\/aromasentia.com\/es\/wp-json\/wp\/v2\/product\/220326","targetHints":{"allow":["GET"]}}],"collection":[{"href":"https:\/\/aromasentia.com\/es\/wp-json\/wp\/v2\/product"}],"about":[{"href":"https:\/\/aromasentia.com\/es\/wp-json\/wp\/v2\/types\/product"}],"replies":[{"embeddable":true,"href":"https:\/\/aromasentia.com\/es\/wp-json\/wp\/v2\/comments?post=220326"}],"version-history":[{"count":0,"href":"https:\/\/aromasentia.com\/es\/wp-json\/wp\/v2\/product\/220326\/revisions"}],"wp:featuredmedia":[{"embeddable":true,"href":"https:\/\/aromasentia.com\/es\/wp-json\/wp\/v2\/media\/415332"}],"wp:attachment":[{"href":"https:\/\/aromasentia.com\/es\/wp-json\/wp\/v2\/media?parent=220326"}],"wp:term":[{"taxonomy":"product_brand","embeddable":true,"href":"https:\/\/aromasentia.com\/es\/wp-json\/wp\/v2\/product_brand?post=220326"},{"taxonomy":"product_cat","embeddable":true,"href":"https:\/\/aromasentia.com\/es\/wp-json\/wp\/v2\/product_cat?post=220326"},{"taxonomy":"product_tag","embeddable":true,"href":"https:\/\/aromasentia.com\/es\/wp-json\/wp\/v2\/product_tag?post=220326"}],"curies":[{"name":"wp","href":"https:\/\/api.w.org\/{rel}","templated":true}]}}