{"id":220318,"date":"2025-03-23T10:31:56","date_gmt":"2025-03-23T10:31:56","guid":{"rendered":"https:\/\/aromasentia.com\/product\/50gm-guggal-resin\/"},"modified":"2025-12-30T21:03:27","modified_gmt":"2025-12-30T21:03:27","slug":"resina-guggal-50gr","status":"publish","type":"product","link":"https:\/\/aromasentia.com\/es\/resina-guggal-50gr\/","title":{"rendered":"Resina Guggal 50gr"},"content":{"rendered":"<p>Descubre la resina Guggal de <span style=\"color: rgb(147, 101, 184);\"><strong>Aroma Sentia Espa\u00f1a<\/strong><\/span>. La resina Guggal proviene de un arbusto originario de la India. Este arbusto destaca por sus propiedades purificadoras y protectoras. &nbsp;<\/p>\n<p>Esta resina tiene un aroma es resinoso, terroso y ligeramente picante. Su humo es denso y ayuda a limpiar espacios.&nbsp;<\/p>\n<p><strong>Se tiene la creencia que esta resina tiene la capacitad de eliminar la negatividad.<\/strong><\/p>\n<p>La redina guggal al por mayor, es ideal para revender en tienda esot\u00e9ricas, de inciensos o en tiendas de bienestar.&nbsp;<\/p>\n<p><strong>Se vende en conjuntos de 6 unidades, en cajitas de 50 gramos. Los pesos son aproximados (45-50 gr).<\/strong><\/p>\n<p><strong>\u00bfC\u00f3mo utilizarlo?<\/strong> Enciende el carb\u00f3n, este se encender\u00e1 por si solo en toda la superficie. Cuando el carb\u00f3n comience a ponerse gris en los bordes, ser\u00e1 el momento de colocar la resina en un <a href=\"https:\/\/aromasentia.com\/briw\" rel=\"noopener noreferrer\" target=\"_blank\">quemador de resina<\/a> y en breves minutos podr\u00e1s disfrutar de su aroma.<\/p>\n","protected":false},"excerpt":{"rendered":"<p>Descubre la resina Guggal de Aroma Sentia Espa\u00f1a. La resina Guggal proviene de un arbusto originario de la India. Este arbusto destaca por sus propiedades purificadoras y protectoras. &nbsp; Esta resina tiene un aroma es resinoso, terroso y ligeramente picante. Su humo es denso y ayuda a limpiar espacios.&nbsp; Se tiene la creencia que esta [&hellip;]<\/p>\n","protected":false},"featured_media":415250,"comment_status":"closed","ping_status":"open","template":"","meta":{"_angie_page":false},"product_brand":[],"product_cat":[15157,15234],"product_tag":[],"class_list":{"0":"post-220318","1":"product","2":"type-product","3":"status-publish","4":"has-post-thumbnail","6":"product_cat-incienso-exotico-y-porta-incienso","7":"product_cat-resina-de-incienso","8":"pa_collection-incense-resin-50g-tubs-es","9":"pa_made-in-india","10":"pa_size-50g","12":"first","13":"instock","14":"purchasable","15":"product-type-simple"},"supplier_id":null,"supplier_sku":"TRT-05","barcode":null,"atum_controlled":true,"out_stock_date":null,"out_stock_threshold":null,"inheritable":false,"inbound_stock":null,"stock_on_hold":0,"sold_today":0,"sales_last_days":0,"reserved_stock":null,"customer_returns":null,"warehouse_damage":null,"lost_in_post":null,"other_logs":null,"out_stock_days":0,"lost_sales":0,"has_location":null,"update_date":"2026-04-27T19:08:26","atum_locations":[],"atum_stock_status":"instock","restock_status":false,"low_stock_amount":"","sales_update_date":"2026-02-06T00:02:40","calc_backorders":null,"_links":{"self":[{"href":"https:\/\/aromasentia.com\/es\/wp-json\/wp\/v2\/product\/220318","targetHints":{"allow":["GET"]}}],"collection":[{"href":"https:\/\/aromasentia.com\/es\/wp-json\/wp\/v2\/product"}],"about":[{"href":"https:\/\/aromasentia.com\/es\/wp-json\/wp\/v2\/types\/product"}],"replies":[{"embeddable":true,"href":"https:\/\/aromasentia.com\/es\/wp-json\/wp\/v2\/comments?post=220318"}],"version-history":[{"count":0,"href":"https:\/\/aromasentia.com\/es\/wp-json\/wp\/v2\/product\/220318\/revisions"}],"wp:featuredmedia":[{"embeddable":true,"href":"https:\/\/aromasentia.com\/es\/wp-json\/wp\/v2\/media\/415250"}],"wp:attachment":[{"href":"https:\/\/aromasentia.com\/es\/wp-json\/wp\/v2\/media?parent=220318"}],"wp:term":[{"taxonomy":"product_brand","embeddable":true,"href":"https:\/\/aromasentia.com\/es\/wp-json\/wp\/v2\/product_brand?post=220318"},{"taxonomy":"product_cat","embeddable":true,"href":"https:\/\/aromasentia.com\/es\/wp-json\/wp\/v2\/product_cat?post=220318"},{"taxonomy":"product_tag","embeddable":true,"href":"https:\/\/aromasentia.com\/es\/wp-json\/wp\/v2\/product_tag?post=220318"}],"curies":[{"name":"wp","href":"https:\/\/api.w.org\/{rel}","templated":true}]}}