{"id":220314,"date":"2025-03-23T10:31:56","date_gmt":"2025-03-23T10:31:56","guid":{"rendered":"https:\/\/aromasentia.com\/product\/50gm-myrrh-resin\/"},"modified":"2025-12-30T21:03:27","modified_gmt":"2025-12-30T21:03:27","slug":"resina-de-mirra-50gr","status":"publish","type":"product","link":"https:\/\/aromasentia.com\/es\/resina-de-mirra-50gr\/","title":{"rendered":"Resina de Mirra 50gr"},"content":{"rendered":"<p>Ampl\u00eda su cat\u00e1logo, con productos de calidad y que destacar\u00e1n en su tienda por su calidad y aroma.&nbsp;<\/p>\n<p>La resina de <strong>mirra&nbsp;<\/strong>es una de las mirras <strong>m\u00e1s antiguas<\/strong>, utilizadas a lo largo de la historia. Com\u00fanmente conocida por su efectos calmantes y espirituales. &nbsp;Tiene un<strong>&nbsp;aroma profundo y c\u00e1lido<\/strong>. Se suele utilizar en ceremonias de meditaci\u00f3n, rituales de sanaci\u00f3n y pr\u00e1cticas espirituales,&nbsp;<\/p>\n<p>Estar resina en concreto, es poderosa para <strong>conectar con el ser interior<\/strong> de cada uno. Puede levar la vibraci\u00f3n energ\u00e9tica del espacio y fomentar una atm\u00f3sfera de paz y tranquilidad.&nbsp;<\/p>\n<p><strong>Se vende en conjuntos de 6 unidades, en cajitas de 50 gramos. Los pesos son aproximados (45-50 gr).<\/strong><\/p>\n<p><strong>\u00bfC\u00f3mo utilizarlo?<\/strong> Enciende el carb\u00f3n, este se encender\u00e1 por si solo en toda la superficie. Cuando el carb\u00f3n comience a ponerse gris en los bordes, ser\u00e1 el momento de colocar la resina en un <a href=\"https:\/\/aromasentia.com\/briw\" rel=\"noopener noreferrer\" target=\"_blank\">quemador de resina<\/a> y en breves minutos podr\u00e1s disfrutar de su aroma.<\/p>\n","protected":false},"excerpt":{"rendered":"<p>Ampl\u00eda su cat\u00e1logo, con productos de calidad y que destacar\u00e1n en su tienda por su calidad y aroma.&nbsp; La resina de mirra&nbsp;es una de las mirras m\u00e1s antiguas, utilizadas a lo largo de la historia. Com\u00fanmente conocida por su efectos calmantes y espirituales. &nbsp;Tiene un&nbsp;aroma profundo y c\u00e1lido. Se suele utilizar en ceremonias de meditaci\u00f3n, [&hellip;]<\/p>\n","protected":false},"featured_media":415209,"comment_status":"closed","ping_status":"open","template":"","meta":{"_angie_page":false},"product_brand":[],"product_cat":[25844,15157,26281,15234,26884],"product_tag":[],"class_list":{"0":"post-220314","1":"product","2":"type-product","3":"status-publish","4":"has-post-thumbnail","6":"product_cat-aromas","7":"product_cat-incienso-exotico-y-porta-incienso","8":"product_cat-mirto","9":"product_cat-resina-de-incienso","10":"product_cat-resinoso-balsamico","11":"pa_collection-incense-resin-50g-tubs-es","12":"pa_made-in-india","13":"pa_size-50g","15":"first","16":"instock","17":"purchasable","18":"product-type-simple"},"supplier_id":null,"supplier_sku":"TRT-04","barcode":null,"atum_controlled":true,"out_stock_date":null,"out_stock_threshold":null,"inheritable":false,"inbound_stock":null,"stock_on_hold":0,"sold_today":0,"sales_last_days":0,"reserved_stock":null,"customer_returns":null,"warehouse_damage":null,"lost_in_post":null,"other_logs":null,"out_stock_days":0,"lost_sales":0,"has_location":null,"update_date":"2026-05-08T05:21:26","atum_locations":[],"atum_stock_status":"instock","restock_status":false,"low_stock_amount":"","sales_update_date":"2025-09-03T00:17:31","calc_backorders":null,"_links":{"self":[{"href":"https:\/\/aromasentia.com\/es\/wp-json\/wp\/v2\/product\/220314","targetHints":{"allow":["GET"]}}],"collection":[{"href":"https:\/\/aromasentia.com\/es\/wp-json\/wp\/v2\/product"}],"about":[{"href":"https:\/\/aromasentia.com\/es\/wp-json\/wp\/v2\/types\/product"}],"replies":[{"embeddable":true,"href":"https:\/\/aromasentia.com\/es\/wp-json\/wp\/v2\/comments?post=220314"}],"version-history":[{"count":0,"href":"https:\/\/aromasentia.com\/es\/wp-json\/wp\/v2\/product\/220314\/revisions"}],"wp:featuredmedia":[{"embeddable":true,"href":"https:\/\/aromasentia.com\/es\/wp-json\/wp\/v2\/media\/415209"}],"wp:attachment":[{"href":"https:\/\/aromasentia.com\/es\/wp-json\/wp\/v2\/media?parent=220314"}],"wp:term":[{"taxonomy":"product_brand","embeddable":true,"href":"https:\/\/aromasentia.com\/es\/wp-json\/wp\/v2\/product_brand?post=220314"},{"taxonomy":"product_cat","embeddable":true,"href":"https:\/\/aromasentia.com\/es\/wp-json\/wp\/v2\/product_cat?post=220314"},{"taxonomy":"product_tag","embeddable":true,"href":"https:\/\/aromasentia.com\/es\/wp-json\/wp\/v2\/product_tag?post=220314"}],"curies":[{"name":"wp","href":"https:\/\/api.w.org\/{rel}","templated":true}]}}