{"id":220306,"date":"2025-03-23T10:31:56","date_gmt":"2025-03-23T10:31:56","guid":{"rendered":"https:\/\/aromasentia.com\/product\/50gm-amber-resin\/"},"modified":"2025-12-30T21:03:27","modified_gmt":"2025-12-30T21:03:27","slug":"resina-de-ambar-50gr","status":"publish","type":"product","link":"https:\/\/aromasentia.com\/es\/resina-de-ambar-50gr\/","title":{"rendered":"Resina de Ambar 50gr"},"content":{"rendered":"<p><strong>\u00bfBuscas ofrecer productos naturales? No dudes en a\u00f1adir a tu cat\u00e1logo l<\/strong>a resina de \u00e1mbar de <strong><span style=\"color: rgb(147, 101, 184);\">Aroma Sentia Espa\u00f1a<\/span><\/strong>, porque es uno de los productos naturales m\u00e1s apreciados por sus propiedades arom\u00e1ticas y energ\u00e9ticas.&nbsp;<\/p>\n<p>Su fragancia dulce y c\u00e1lida, junto con sus propiedades purificadoras, la hacen una opci\u00f3n ideal para aquellos que buscan productos de calidad para el bienestar, la meditaci\u00f3n y la armonizaci\u00f3n de espacios.<\/p>\n<p><strong>Se vende en conjuntos de 6 unidades, en cajitas de 50 gramos. Los pesos son aproximados (45-50 gr).&nbsp;<\/strong><\/p>\n<p><strong>\u00bfC\u00f3mo utilizarlo?<\/strong> Enciende el carb\u00f3n, este se encender\u00e1 por si solo en toda la superficie. Cuando el carb\u00f3n comience a ponerse gris en los bordes, ser\u00e1 el momento de colocar la resina en un <a href=\"https:\/\/aromasentia.com\/briw\" rel=\"noopener noreferrer\" target=\"_blank\">quemador de resina<\/a> y en breves minutos podr\u00e1s disfrutar de su aroma.<\/p>\n","protected":false},"excerpt":{"rendered":"<p>\u00bfBuscas ofrecer productos naturales? No dudes en a\u00f1adir a tu cat\u00e1logo la resina de \u00e1mbar de Aroma Sentia Espa\u00f1a, porque es uno de los productos naturales m\u00e1s apreciados por sus propiedades arom\u00e1ticas y energ\u00e9ticas.&nbsp; Su fragancia dulce y c\u00e1lida, junto con sus propiedades purificadoras, la hacen una opci\u00f3n ideal para aquellos que buscan productos de [&hellip;]<\/p>\n","protected":false},"featured_media":415127,"comment_status":"closed","ping_status":"open","template":"","meta":{"_angie_page":false},"product_brand":[],"product_cat":[15157,15234],"product_tag":[],"class_list":{"0":"post-220306","1":"product","2":"type-product","3":"status-publish","4":"has-post-thumbnail","6":"product_cat-incienso-exotico-y-porta-incienso","7":"product_cat-resina-de-incienso","8":"pa_collection-incense-resin-50g-tubs-es","9":"pa_made-in-india","10":"pa_size-50g","12":"first","13":"instock","14":"purchasable","15":"product-type-simple"},"supplier_id":null,"supplier_sku":"TRT-02","barcode":null,"atum_controlled":true,"out_stock_date":null,"out_stock_threshold":null,"inheritable":false,"inbound_stock":null,"stock_on_hold":0,"sold_today":0,"sales_last_days":0,"reserved_stock":null,"customer_returns":null,"warehouse_damage":null,"lost_in_post":null,"other_logs":null,"out_stock_days":0,"lost_sales":0,"has_location":null,"update_date":"2026-04-27T07:25:27","atum_locations":[],"atum_stock_status":"instock","restock_status":false,"low_stock_amount":"","sales_update_date":"2025-09-03T00:17:31","calc_backorders":null,"_links":{"self":[{"href":"https:\/\/aromasentia.com\/es\/wp-json\/wp\/v2\/product\/220306","targetHints":{"allow":["GET"]}}],"collection":[{"href":"https:\/\/aromasentia.com\/es\/wp-json\/wp\/v2\/product"}],"about":[{"href":"https:\/\/aromasentia.com\/es\/wp-json\/wp\/v2\/types\/product"}],"replies":[{"embeddable":true,"href":"https:\/\/aromasentia.com\/es\/wp-json\/wp\/v2\/comments?post=220306"}],"version-history":[{"count":0,"href":"https:\/\/aromasentia.com\/es\/wp-json\/wp\/v2\/product\/220306\/revisions"}],"wp:featuredmedia":[{"embeddable":true,"href":"https:\/\/aromasentia.com\/es\/wp-json\/wp\/v2\/media\/415127"}],"wp:attachment":[{"href":"https:\/\/aromasentia.com\/es\/wp-json\/wp\/v2\/media?parent=220306"}],"wp:term":[{"taxonomy":"product_brand","embeddable":true,"href":"https:\/\/aromasentia.com\/es\/wp-json\/wp\/v2\/product_brand?post=220306"},{"taxonomy":"product_cat","embeddable":true,"href":"https:\/\/aromasentia.com\/es\/wp-json\/wp\/v2\/product_cat?post=220306"},{"taxonomy":"product_tag","embeddable":true,"href":"https:\/\/aromasentia.com\/es\/wp-json\/wp\/v2\/product_tag?post=220306"}],"curies":[{"name":"wp","href":"https:\/\/api.w.org\/{rel}","templated":true}]}}