{"id":220302,"date":"2025-03-23T10:31:56","date_gmt":"2025-03-23T10:31:56","guid":{"rendered":"https:\/\/aromasentia.com\/product\/50gm-frankincense-resin\/"},"modified":"2025-12-30T21:03:27","modified_gmt":"2025-12-30T21:03:27","slug":"resina-de-incienso-50gr","status":"publish","type":"product","link":"https:\/\/aromasentia.com\/es\/resina-de-incienso-50gr\/","title":{"rendered":"Resina de Incienso 50gr"},"content":{"rendered":"<p>Las resinas de incienso de<strong><span style=\"color: rgb(147, 101, 184);\">&nbsp;Aroma Sentia Espa\u00f1a&nbsp;<\/span><\/strong>es una opci\u00f3n perfecta para quienes buscan una fragancia dulce y suave que ayude a crear un ambiente tranquilo y sereno.&nbsp;<\/p>\n<p>Este incienso es ideal para momentos de relajaci\u00f3n, pr\u00e1cticas de meditaci\u00f3n o yoga. <strong>Este producto es perfecto para revender en centros de meditaci\u00f3n, tiendas de inciensos o bienestar.<\/strong><\/p>\n<p>Su fragancia reconfortante es ideal para purificar el ambiente, eliminar las malas vibras y atraer energ\u00eda positiva.&nbsp;<\/p>\n<p><strong>Se vende en conjuntos de 6 unidades, en cajitas de 50 gramos. Los pesos son aproximados (45-50 gr).<\/strong><\/p>\n<p><strong>\u00bfC\u00f3mo utilizarlo?<\/strong> Enciende el carb\u00f3n, este se encender\u00e1 por si solo en toda la superficie. Cuando el carb\u00f3n comience a ponerse gris en los bordes, ser\u00e1 el momento de colocar la resina en un <a href=\"https:\/\/aromasentia.com\/briw\" rel=\"noopener noreferrer\" target=\"_blank\">quemador de resina<\/a> y en breves minutos podr\u00e1s disfrutar de su aroma. <\/p>\n","protected":false},"excerpt":{"rendered":"<p>Las resinas de incienso de&nbsp;Aroma Sentia Espa\u00f1a&nbsp;es una opci\u00f3n perfecta para quienes buscan una fragancia dulce y suave que ayude a crear un ambiente tranquilo y sereno.&nbsp; Este incienso es ideal para momentos de relajaci\u00f3n, pr\u00e1cticas de meditaci\u00f3n o yoga. Este producto es perfecto para revender en centros de meditaci\u00f3n, tiendas de inciensos o bienestar. [&hellip;]<\/p>\n","protected":false},"featured_media":415086,"comment_status":"closed","ping_status":"open","template":"","meta":[],"product_brand":[],"product_cat":[25844,15157,26196,15234,26884],"product_tag":[],"class_list":{"0":"post-220302","1":"product","2":"type-product","3":"status-publish","4":"has-post-thumbnail","6":"product_cat-aromas","7":"product_cat-incienso-exotico-y-porta-incienso","8":"product_cat-jengibre","9":"product_cat-resina-de-incienso","10":"product_cat-resinoso-balsamico","11":"pa_collection-incense-resin-50g-tubs-es","12":"pa_made-in-india","13":"pa_size-50g","15":"first","16":"instock","17":"purchasable","18":"product-type-simple"},"supplier_id":null,"supplier_sku":"TRT-01","barcode":null,"atum_controlled":true,"out_stock_date":null,"out_stock_threshold":null,"inheritable":false,"inbound_stock":null,"stock_on_hold":0,"sold_today":0,"sales_last_days":0,"reserved_stock":null,"customer_returns":null,"warehouse_damage":null,"lost_in_post":null,"other_logs":null,"out_stock_days":0,"lost_sales":0,"has_location":null,"update_date":"2026-02-06T00:02:41","atum_locations":[],"atum_stock_status":"instock","restock_status":false,"low_stock_amount":"","sales_update_date":"2026-02-06T00:02:41","calc_backorders":null,"_links":{"self":[{"href":"https:\/\/aromasentia.com\/es\/wp-json\/wp\/v2\/product\/220302","targetHints":{"allow":["GET"]}}],"collection":[{"href":"https:\/\/aromasentia.com\/es\/wp-json\/wp\/v2\/product"}],"about":[{"href":"https:\/\/aromasentia.com\/es\/wp-json\/wp\/v2\/types\/product"}],"replies":[{"embeddable":true,"href":"https:\/\/aromasentia.com\/es\/wp-json\/wp\/v2\/comments?post=220302"}],"version-history":[{"count":0,"href":"https:\/\/aromasentia.com\/es\/wp-json\/wp\/v2\/product\/220302\/revisions"}],"wp:featuredmedia":[{"embeddable":true,"href":"https:\/\/aromasentia.com\/es\/wp-json\/wp\/v2\/media\/415086"}],"wp:attachment":[{"href":"https:\/\/aromasentia.com\/es\/wp-json\/wp\/v2\/media?parent=220302"}],"wp:term":[{"taxonomy":"product_brand","embeddable":true,"href":"https:\/\/aromasentia.com\/es\/wp-json\/wp\/v2\/product_brand?post=220302"},{"taxonomy":"product_cat","embeddable":true,"href":"https:\/\/aromasentia.com\/es\/wp-json\/wp\/v2\/product_cat?post=220302"},{"taxonomy":"product_tag","embeddable":true,"href":"https:\/\/aromasentia.com\/es\/wp-json\/wp\/v2\/product_tag?post=220302"}],"curies":[{"name":"wp","href":"https:\/\/api.w.org\/{rel}","templated":true}]}}