{"id":220122,"date":"2025-03-23T11:05:59","date_gmt":"2025-03-23T11:05:59","guid":{"rendered":"https:\/\/aromasentia.com\/product\/tri-hita-karana-bangle-strength\/"},"modified":"2025-12-30T21:02:51","modified_gmt":"2025-12-30T21:02:51","slug":"pulsera-tri-hita-karana-fuerza","status":"publish","type":"product","link":"https:\/\/aromasentia.com\/es\/pulsera-tri-hita-karana-fuerza\/","title":{"rendered":"Pulsera Tri Hita Karana &#8211; Fuerza"},"content":{"rendered":"<p>Tri Hita Karana es un concepto filos\u00f3fico originario de Bali, Indonesia, que promueve el equilibrio y la armon\u00eda entre tres aspectos esenciales de la vida: Dios, los humanos y la naturaleza.<\/p>\n<p><strong>\u00bfC\u00f3mo se representa esta filosof\u00eda en una pulsera?<\/strong><\/p>\n<p>La fe en lo <strong>divino&nbsp;<\/strong>est\u00e1 simbolizada por las cuentas rojas.&nbsp;<\/p>\n<p>Nuestra fe y creencia en <strong>nuestros semejantes<\/strong> est\u00e1 simbolizada por la moneda universal (el cuadrado en un c\u00edrculo que representa a la humanidad en el reino espiritual).&nbsp;<\/p>\n<p>Nuestra fe en la <strong>naturaleza&nbsp;<\/strong>est\u00e1 representada por las cuentas de madera y el rudraksha.&nbsp;<\/p>\n","protected":false},"excerpt":{"rendered":"<p>Tri Hita Karana es un concepto filos\u00f3fico originario de Bali, Indonesia, que promueve el equilibrio y la armon\u00eda entre tres aspectos esenciales de la vida: Dios, los humanos y la naturaleza. \u00bfC\u00f3mo se representa esta filosof\u00eda en una pulsera? La fe en lo divino&nbsp;est\u00e1 simbolizada por las cuentas rojas.&nbsp; Nuestra fe y creencia en nuestros [&hellip;]<\/p>\n","protected":false},"featured_media":418261,"comment_status":"closed","ping_status":"open","template":"","meta":[],"product_brand":[],"product_cat":[14528],"product_tag":[],"class_list":{"0":"post-220122","1":"product","2":"type-product","3":"status-publish","4":"has-post-thumbnail","6":"product_cat-joyas-y-accesorios","7":"pa_collection-tri-hita-karana-bangle-es","8":"pa_made-in-indonesia","10":"first","11":"instock","12":"purchasable","13":"product-type-simple"},"supplier_id":null,"supplier_sku":"BBA-06","barcode":null,"atum_controlled":true,"out_stock_date":null,"out_stock_threshold":null,"inheritable":false,"inbound_stock":null,"stock_on_hold":0,"sold_today":0,"sales_last_days":0,"reserved_stock":null,"customer_returns":null,"warehouse_damage":null,"lost_in_post":null,"other_logs":null,"out_stock_days":0,"lost_sales":0,"has_location":null,"update_date":"2026-02-05T22:34:30","atum_locations":[],"atum_stock_status":"instock","restock_status":false,"low_stock_amount":"","sales_update_date":"2025-10-09T03:25:53","calc_backorders":null,"_links":{"self":[{"href":"https:\/\/aromasentia.com\/es\/wp-json\/wp\/v2\/product\/220122","targetHints":{"allow":["GET"]}}],"collection":[{"href":"https:\/\/aromasentia.com\/es\/wp-json\/wp\/v2\/product"}],"about":[{"href":"https:\/\/aromasentia.com\/es\/wp-json\/wp\/v2\/types\/product"}],"replies":[{"embeddable":true,"href":"https:\/\/aromasentia.com\/es\/wp-json\/wp\/v2\/comments?post=220122"}],"version-history":[{"count":0,"href":"https:\/\/aromasentia.com\/es\/wp-json\/wp\/v2\/product\/220122\/revisions"}],"wp:featuredmedia":[{"embeddable":true,"href":"https:\/\/aromasentia.com\/es\/wp-json\/wp\/v2\/media\/418261"}],"wp:attachment":[{"href":"https:\/\/aromasentia.com\/es\/wp-json\/wp\/v2\/media?parent=220122"}],"wp:term":[{"taxonomy":"product_brand","embeddable":true,"href":"https:\/\/aromasentia.com\/es\/wp-json\/wp\/v2\/product_brand?post=220122"},{"taxonomy":"product_cat","embeddable":true,"href":"https:\/\/aromasentia.com\/es\/wp-json\/wp\/v2\/product_cat?post=220122"},{"taxonomy":"product_tag","embeddable":true,"href":"https:\/\/aromasentia.com\/es\/wp-json\/wp\/v2\/product_tag?post=220122"}],"curies":[{"name":"wp","href":"https:\/\/api.w.org\/{rel}","templated":true}]}}