{"id":220118,"date":"2025-03-23T11:05:59","date_gmt":"2025-03-23T11:05:59","guid":{"rendered":"https:\/\/aromasentia.com\/product\/tri-hita-karana-bangle-reincarnation\/"},"modified":"2025-12-30T21:02:51","modified_gmt":"2025-12-30T21:02:51","slug":"pulsera-tri-hita-karana-reencarnacion","status":"publish","type":"product","link":"https:\/\/aromasentia.com\/es\/pulsera-tri-hita-karana-reencarnacion\/","title":{"rendered":"Pulsera Tri Hita Karana &#8211; Reencarnaci\u00f3n"},"content":{"rendered":"<p><strong>\u00bfQu\u00e9 es la filosof\u00eda Tri Hita Karana?&nbsp;<\/strong><\/p>\n<p>El Tri Hita Karana es una visi\u00f3n hol\u00edstica de la vida y el equilibrio, busca una armon\u00eda profunda entre lo espiritual, lo social y lo ambiental.<\/p>\n<p><strong>\u00bfC\u00f3mo se representa esta filosof\u00eda en esta pulsera?&nbsp;<\/strong><\/p>\n<p>Esta pulsera tiene como objetivo la reencarnaci\u00f3n, que hace referencia al esp\u00edritu permanece vivo. &nbsp;<\/p>\n<p>La renovaci\u00f3n y la reencarnaci\u00f3n est\u00e1n simbolizadas por la <strong>moneda&nbsp;<\/strong>que se encuentra con la existencia humana en el reino espiritual. Las <strong>cuentas de s\u00e1ndalo<\/strong> hacen referencia a la vida humana dentro del mundo y el <strong>metal<\/strong>, el v\u00ednculo forjado entre los humanos.<\/p>\n<p>En la parte interior de la cajita, viene explicado la filosof\u00eda Tri Hita Karana, para que clientes puedan conocer su simbolog\u00eda.<\/p>\n","protected":false},"excerpt":{"rendered":"<p>\u00bfQu\u00e9 es la filosof\u00eda Tri Hita Karana?&nbsp; El Tri Hita Karana es una visi\u00f3n hol\u00edstica de la vida y el equilibrio, busca una armon\u00eda profunda entre lo espiritual, lo social y lo ambiental. \u00bfC\u00f3mo se representa esta filosof\u00eda en esta pulsera?&nbsp; Esta pulsera tiene como objetivo la reencarnaci\u00f3n, que hace referencia al esp\u00edritu permanece vivo. [&hellip;]<\/p>\n","protected":false},"featured_media":418236,"comment_status":"closed","ping_status":"open","template":"","meta":{"_angie_page":false},"product_brand":[],"product_cat":[14528],"product_tag":[],"class_list":{"0":"post-220118","1":"product","2":"type-product","3":"status-publish","4":"has-post-thumbnail","6":"product_cat-joyas-y-accesorios","7":"pa_collection-tri-hita-karana-bangle-es","8":"pa_made-in-indonesia","10":"first","11":"instock","12":"purchasable","13":"product-type-simple"},"supplier_id":null,"supplier_sku":"BBA-05","barcode":null,"atum_controlled":true,"out_stock_date":null,"out_stock_threshold":null,"inheritable":false,"inbound_stock":null,"stock_on_hold":0,"sold_today":0,"sales_last_days":0,"reserved_stock":null,"customer_returns":null,"warehouse_damage":null,"lost_in_post":null,"other_logs":null,"out_stock_days":0,"lost_sales":0,"has_location":null,"update_date":"2026-04-27T06:54:15","atum_locations":[],"atum_stock_status":"instock","restock_status":false,"low_stock_amount":"","sales_update_date":"2026-02-06T00:01:16","calc_backorders":null,"_links":{"self":[{"href":"https:\/\/aromasentia.com\/es\/wp-json\/wp\/v2\/product\/220118","targetHints":{"allow":["GET"]}}],"collection":[{"href":"https:\/\/aromasentia.com\/es\/wp-json\/wp\/v2\/product"}],"about":[{"href":"https:\/\/aromasentia.com\/es\/wp-json\/wp\/v2\/types\/product"}],"replies":[{"embeddable":true,"href":"https:\/\/aromasentia.com\/es\/wp-json\/wp\/v2\/comments?post=220118"}],"version-history":[{"count":0,"href":"https:\/\/aromasentia.com\/es\/wp-json\/wp\/v2\/product\/220118\/revisions"}],"wp:featuredmedia":[{"embeddable":true,"href":"https:\/\/aromasentia.com\/es\/wp-json\/wp\/v2\/media\/418236"}],"wp:attachment":[{"href":"https:\/\/aromasentia.com\/es\/wp-json\/wp\/v2\/media?parent=220118"}],"wp:term":[{"taxonomy":"product_brand","embeddable":true,"href":"https:\/\/aromasentia.com\/es\/wp-json\/wp\/v2\/product_brand?post=220118"},{"taxonomy":"product_cat","embeddable":true,"href":"https:\/\/aromasentia.com\/es\/wp-json\/wp\/v2\/product_cat?post=220118"},{"taxonomy":"product_tag","embeddable":true,"href":"https:\/\/aromasentia.com\/es\/wp-json\/wp\/v2\/product_tag?post=220118"}],"curies":[{"name":"wp","href":"https:\/\/api.w.org\/{rel}","templated":true}]}}