{"id":220114,"date":"2025-03-23T11:05:59","date_gmt":"2025-03-23T11:05:59","guid":{"rendered":"https:\/\/aromasentia.com\/product\/tri-hita-karana-bangle-beauty-wisdom\/"},"modified":"2025-12-30T21:02:51","modified_gmt":"2025-12-30T21:02:51","slug":"pulsera-tri-hita-karana-belleza-y-sabiduria","status":"publish","type":"product","link":"https:\/\/aromasentia.com\/es\/pulsera-tri-hita-karana-belleza-y-sabiduria\/","title":{"rendered":"Pulsera Tri Hita Karana &#8211; Belleza y Sabidur\u00eda"},"content":{"rendered":"<p><strong>\u00bfQuiere vender en tu tienda productos de calidad y que cuenten una historia?<\/strong><\/p>\n<p>Las pulseras Tri Hita Karana de <strong><span style=\"color: rgb(147, 101, 184);\">Aroma Sentia Espa\u00f1a <\/span><\/strong>sostiene que para alcanzar una vida plena y feliz, los humanos deben buscar el equilibrio entre estos tres aspectos: su relaci\u00f3n con Dios, con los dem\u00e1s seres humanos y con la naturaleza. Cuando uno de estos elementos se descuida o se da\u00f1a, el equilibrio se pierde y, con ello, la felicidad y el bienestar tambi\u00e9n se ven afectados.<\/p>\n<p>Esta pulsera hace referencia a lo femenino de &nbsp;la humanidad, a su belleza y sabidur\u00eda. Y esta belleza y sabidur\u00eda, debe respetarse seg\u00fan la filosof\u00eda. Tri Hita Karana. &nbsp;&nbsp;<\/p>\n<p>En la parte interior de la cajita, viene explicado la filosof\u00eda Tri Hita Karana, para que clientes puedan conocer su simbolog\u00eda.<\/p>\n","protected":false},"excerpt":{"rendered":"<p>\u00bfQuiere vender en tu tienda productos de calidad y que cuenten una historia? Las pulseras Tri Hita Karana de Aroma Sentia Espa\u00f1a sostiene que para alcanzar una vida plena y feliz, los humanos deben buscar el equilibrio entre estos tres aspectos: su relaci\u00f3n con Dios, con los dem\u00e1s seres humanos y con la naturaleza. Cuando [&hellip;]<\/p>\n","protected":false},"featured_media":418211,"comment_status":"closed","ping_status":"open","template":"","meta":{"_angie_page":false},"product_brand":[],"product_cat":[14528],"product_tag":[],"class_list":{"0":"post-220114","1":"product","2":"type-product","3":"status-publish","4":"has-post-thumbnail","6":"product_cat-joyas-y-accesorios","7":"pa_collection-tri-hita-karana-bangle-es","8":"pa_made-in-indonesia","10":"first","11":"instock","12":"purchasable","13":"product-type-simple"},"supplier_id":null,"supplier_sku":"BBA-04","barcode":null,"atum_controlled":true,"out_stock_date":null,"out_stock_threshold":null,"inheritable":false,"inbound_stock":null,"stock_on_hold":0,"sold_today":0,"sales_last_days":0,"reserved_stock":null,"customer_returns":null,"warehouse_damage":null,"lost_in_post":null,"other_logs":null,"out_stock_days":0,"lost_sales":0,"has_location":null,"update_date":"2026-04-29T06:53:02","atum_locations":[],"atum_stock_status":"instock","restock_status":false,"low_stock_amount":"","sales_update_date":"2026-02-06T00:01:35","calc_backorders":null,"_links":{"self":[{"href":"https:\/\/aromasentia.com\/es\/wp-json\/wp\/v2\/product\/220114","targetHints":{"allow":["GET"]}}],"collection":[{"href":"https:\/\/aromasentia.com\/es\/wp-json\/wp\/v2\/product"}],"about":[{"href":"https:\/\/aromasentia.com\/es\/wp-json\/wp\/v2\/types\/product"}],"replies":[{"embeddable":true,"href":"https:\/\/aromasentia.com\/es\/wp-json\/wp\/v2\/comments?post=220114"}],"version-history":[{"count":0,"href":"https:\/\/aromasentia.com\/es\/wp-json\/wp\/v2\/product\/220114\/revisions"}],"wp:featuredmedia":[{"embeddable":true,"href":"https:\/\/aromasentia.com\/es\/wp-json\/wp\/v2\/media\/418211"}],"wp:attachment":[{"href":"https:\/\/aromasentia.com\/es\/wp-json\/wp\/v2\/media?parent=220114"}],"wp:term":[{"taxonomy":"product_brand","embeddable":true,"href":"https:\/\/aromasentia.com\/es\/wp-json\/wp\/v2\/product_brand?post=220114"},{"taxonomy":"product_cat","embeddable":true,"href":"https:\/\/aromasentia.com\/es\/wp-json\/wp\/v2\/product_cat?post=220114"},{"taxonomy":"product_tag","embeddable":true,"href":"https:\/\/aromasentia.com\/es\/wp-json\/wp\/v2\/product_tag?post=220114"}],"curies":[{"name":"wp","href":"https:\/\/api.w.org\/{rel}","templated":true}]}}