{"id":220110,"date":"2025-03-23T11:05:59","date_gmt":"2025-03-23T11:05:59","guid":{"rendered":"https:\/\/aromasentia.com\/product\/tri-hita-karana-bangle-love\/"},"modified":"2025-12-30T21:02:51","modified_gmt":"2025-12-30T21:02:51","slug":"pulsera-tri-hita-karana-amor","status":"publish","type":"product","link":"https:\/\/aromasentia.com\/es\/pulsera-tri-hita-karana-amor\/","title":{"rendered":"Pulsera Tri Hita Karana &#8211; Amor"},"content":{"rendered":"<p>Revenda en su tienda pulseras que buscan el equilibrio, en concreto el equilibrio en dios, los humanos y la naturaleza. Esta pulsera se basa en la filosof\u00eda Tri Hita Karana, procedente de Bali, Indonesia.&nbsp;<\/p>\n<p>Combine esta pulsera con las otras pulseras de la misma familia de producto y ofrezca a sus clientes la posibilidad de obtener pulseras con diferentes objetivos.<\/p>\n<p>El amor, es una de las energ\u00edas m\u00e1s poderosas, en la filosof\u00eda Tri Hita Karana, es el centro de su filosof\u00eda. Amor en general, amor por los humanos, amor por dios, amor por la naturaleza.<\/p>\n<p>Seg\u00fan esta filosof\u00eda Las dimensiones del pasado, el presente y el futuro son los ciclos de la vida que deben atravesarse con el esp\u00edritu del amor por todas las creaciones de Dios.&nbsp;<\/p>\n","protected":false},"excerpt":{"rendered":"<p>Revenda en su tienda pulseras que buscan el equilibrio, en concreto el equilibrio en dios, los humanos y la naturaleza. Esta pulsera se basa en la filosof\u00eda Tri Hita Karana, procedente de Bali, Indonesia.&nbsp; Combine esta pulsera con las otras pulseras de la misma familia de producto y ofrezca a sus clientes la posibilidad de [&hellip;]<\/p>\n","protected":false},"featured_media":418186,"comment_status":"closed","ping_status":"open","template":"","meta":{"_angie_page":false},"product_brand":[],"product_cat":[14528],"product_tag":[],"class_list":{"0":"post-220110","1":"product","2":"type-product","3":"status-publish","4":"has-post-thumbnail","6":"product_cat-joyas-y-accesorios","7":"pa_collection-tri-hita-karana-bangle-es","8":"pa_made-in-indonesia","10":"first","11":"instock","12":"purchasable","13":"product-type-simple"},"supplier_id":null,"supplier_sku":"BBA-03","barcode":null,"atum_controlled":true,"out_stock_date":null,"out_stock_threshold":null,"inheritable":false,"inbound_stock":null,"stock_on_hold":0,"sold_today":0,"sales_last_days":0,"reserved_stock":null,"customer_returns":null,"warehouse_damage":null,"lost_in_post":null,"other_logs":null,"out_stock_days":0,"lost_sales":0,"has_location":null,"update_date":"2026-04-27T06:54:15","atum_locations":[],"atum_stock_status":"instock","restock_status":false,"low_stock_amount":"","sales_update_date":"2026-01-20T05:13:46","calc_backorders":null,"_links":{"self":[{"href":"https:\/\/aromasentia.com\/es\/wp-json\/wp\/v2\/product\/220110","targetHints":{"allow":["GET"]}}],"collection":[{"href":"https:\/\/aromasentia.com\/es\/wp-json\/wp\/v2\/product"}],"about":[{"href":"https:\/\/aromasentia.com\/es\/wp-json\/wp\/v2\/types\/product"}],"replies":[{"embeddable":true,"href":"https:\/\/aromasentia.com\/es\/wp-json\/wp\/v2\/comments?post=220110"}],"version-history":[{"count":0,"href":"https:\/\/aromasentia.com\/es\/wp-json\/wp\/v2\/product\/220110\/revisions"}],"wp:featuredmedia":[{"embeddable":true,"href":"https:\/\/aromasentia.com\/es\/wp-json\/wp\/v2\/media\/418186"}],"wp:attachment":[{"href":"https:\/\/aromasentia.com\/es\/wp-json\/wp\/v2\/media?parent=220110"}],"wp:term":[{"taxonomy":"product_brand","embeddable":true,"href":"https:\/\/aromasentia.com\/es\/wp-json\/wp\/v2\/product_brand?post=220110"},{"taxonomy":"product_cat","embeddable":true,"href":"https:\/\/aromasentia.com\/es\/wp-json\/wp\/v2\/product_cat?post=220110"},{"taxonomy":"product_tag","embeddable":true,"href":"https:\/\/aromasentia.com\/es\/wp-json\/wp\/v2\/product_tag?post=220110"}],"curies":[{"name":"wp","href":"https:\/\/api.w.org\/{rel}","templated":true}]}}