{"id":220106,"date":"2025-03-23T11:05:59","date_gmt":"2025-03-23T11:05:59","guid":{"rendered":"https:\/\/aromasentia.com\/product\/tri-hita-karana-bangle-appreciation\/"},"modified":"2025-12-30T21:02:51","modified_gmt":"2025-12-30T21:02:51","slug":"pulsera-tri-hita-karana-agradecimiento","status":"publish","type":"product","link":"https:\/\/aromasentia.com\/es\/pulsera-tri-hita-karana-agradecimiento\/","title":{"rendered":"Pulsera Tri Hita Karana &#8211; Agradecimiento"},"content":{"rendered":"<p>Amplia tu gama de productos en tu tienda con las pulseras <strong>Tri Hita Karana&nbsp;<\/strong>de <strong><span style=\"color: rgb(147, 101, 184);\">Aroma Sentia Espa\u00f1a<\/span><\/strong>. Esta pulsera se basa en la filosof\u00eda tradicional de Bali y tiene el objetivo de agradecimiento.&nbsp;<\/p>\n<p>\u00a1Estas pulseras vienen en una caja individual con informaci\u00f3n en ella, haciendo de esta un regalo perfecto para cualquier ocasi\u00f3n!<\/p>\n<p><strong>\u00bfC\u00f3mo se representa esta filosof\u00eda en una pulsera?<\/strong><\/p>\n<p>La apreciaci\u00f3n de lo divino y las relaciones humanas est\u00e1 representada por cuentas de colores. Y &nbsp;la apreciaci\u00f3n de nuestro lugar en la naturaleza est\u00e1 simbolizada por las cuentas de rudraksha y s\u00e1ndalo. <\/p>\n","protected":false},"excerpt":{"rendered":"<p>Amplia tu gama de productos en tu tienda con las pulseras Tri Hita Karana&nbsp;de Aroma Sentia Espa\u00f1a. Esta pulsera se basa en la filosof\u00eda tradicional de Bali y tiene el objetivo de agradecimiento.&nbsp; \u00a1Estas pulseras vienen en una caja individual con informaci\u00f3n en ella, haciendo de esta un regalo perfecto para cualquier ocasi\u00f3n! \u00bfC\u00f3mo se [&hellip;]<\/p>\n","protected":false},"featured_media":418161,"comment_status":"closed","ping_status":"open","template":"","meta":[],"product_brand":[],"product_cat":[14528],"product_tag":[],"class_list":{"0":"post-220106","1":"product","2":"type-product","3":"status-publish","4":"has-post-thumbnail","6":"product_cat-joyas-y-accesorios","7":"pa_collection-tri-hita-karana-bangle-es","8":"pa_made-in-indonesia","10":"first","11":"instock","12":"purchasable","13":"product-type-simple"},"supplier_id":null,"supplier_sku":"BBA-02","barcode":null,"atum_controlled":true,"out_stock_date":null,"out_stock_threshold":null,"inheritable":false,"inbound_stock":null,"stock_on_hold":0,"sold_today":0,"sales_last_days":0,"reserved_stock":null,"customer_returns":null,"warehouse_damage":null,"lost_in_post":null,"other_logs":null,"out_stock_days":0,"lost_sales":0,"has_location":null,"update_date":"2026-01-28T10:31:24","atum_locations":[],"atum_stock_status":"instock","restock_status":false,"low_stock_amount":"","sales_update_date":"2026-01-20T05:13:46","calc_backorders":null,"_links":{"self":[{"href":"https:\/\/aromasentia.com\/es\/wp-json\/wp\/v2\/product\/220106","targetHints":{"allow":["GET"]}}],"collection":[{"href":"https:\/\/aromasentia.com\/es\/wp-json\/wp\/v2\/product"}],"about":[{"href":"https:\/\/aromasentia.com\/es\/wp-json\/wp\/v2\/types\/product"}],"replies":[{"embeddable":true,"href":"https:\/\/aromasentia.com\/es\/wp-json\/wp\/v2\/comments?post=220106"}],"version-history":[{"count":0,"href":"https:\/\/aromasentia.com\/es\/wp-json\/wp\/v2\/product\/220106\/revisions"}],"wp:featuredmedia":[{"embeddable":true,"href":"https:\/\/aromasentia.com\/es\/wp-json\/wp\/v2\/media\/418161"}],"wp:attachment":[{"href":"https:\/\/aromasentia.com\/es\/wp-json\/wp\/v2\/media?parent=220106"}],"wp:term":[{"taxonomy":"product_brand","embeddable":true,"href":"https:\/\/aromasentia.com\/es\/wp-json\/wp\/v2\/product_brand?post=220106"},{"taxonomy":"product_cat","embeddable":true,"href":"https:\/\/aromasentia.com\/es\/wp-json\/wp\/v2\/product_cat?post=220106"},{"taxonomy":"product_tag","embeddable":true,"href":"https:\/\/aromasentia.com\/es\/wp-json\/wp\/v2\/product_tag?post=220106"}],"curies":[{"name":"wp","href":"https:\/\/api.w.org\/{rel}","templated":true}]}}