{"id":220090,"date":"2025-03-23T11:05:59","date_gmt":"2025-03-23T11:05:59","guid":{"rendered":"https:\/\/aromasentia.com\/product\/power-bracelet-jade\/"},"modified":"2025-12-30T21:02:44","modified_gmt":"2025-12-30T21:02:44","slug":"pulsera-de-energia-jade","status":"publish","type":"product","link":"https:\/\/aromasentia.com\/es\/pulsera-de-energia-jade\/","title":{"rendered":"Pulsera de Energ\u00eda &#8211; Jade"},"content":{"rendered":"<p>La piedra de jade tiene un simbolismo muy fuerte en diversas culturas alrededor del mundo. En Grecia es la piedra que acompa\u00f1a a las diosas del destino, mientras que en China se considera sagrada, como s\u00edmbolo de la vida eterna .&nbsp;<\/p>\n<p>Seg\u00fan el estudio de estas piedras, el Jade ayuda a <strong>estabilizar las emociones<\/strong> y promueve la armon\u00eda en las relaciones . Estas virtudes dan al jade un asombroso poder para atraer sentimientos rom\u00e1nticos.<\/p>\n<p>El poder de esta piedra es: <strong>atraer amor.<\/strong><\/p>\n<p>El producto es de talla \u00fanica, se adapta a todo tipo de mu\u00f1ecas.&nbsp;<\/p>\n<p>La medida de la pulsera es aproximadamente 8mm de di\u00e1metro.<\/p>\n","protected":false},"excerpt":{"rendered":"<p>La piedra de jade tiene un simbolismo muy fuerte en diversas culturas alrededor del mundo. En Grecia es la piedra que acompa\u00f1a a las diosas del destino, mientras que en China se considera sagrada, como s\u00edmbolo de la vida eterna .&nbsp; Seg\u00fan el estudio de estas piedras, el Jade ayuda a estabilizar las emociones y [&hellip;]<\/p>\n","protected":false},"featured_media":417893,"comment_status":"closed","ping_status":"open","template":"","meta":{"_angie_page":false},"product_brand":[],"product_cat":[25225,25637,14528,25209],"product_tag":[],"class_list":{"0":"post-220090","1":"product","2":"type-product","3":"status-publish","4":"has-post-thumbnail","6":"product_cat-gemas-y-minerales","7":"product_cat-jade","8":"product_cat-joyas-y-accesorios","9":"product_cat-pulseras","10":"pa_collection-power-bracelets-es","11":"pa_made-in-china","13":"first","14":"instock","15":"purchasable","16":"product-type-simple"},"supplier_id":null,"supplier_sku":"AWPS-11","barcode":null,"atum_controlled":true,"out_stock_date":null,"out_stock_threshold":null,"inheritable":false,"inbound_stock":null,"stock_on_hold":0,"sold_today":0,"sales_last_days":0,"reserved_stock":null,"customer_returns":null,"warehouse_damage":null,"lost_in_post":null,"other_logs":null,"out_stock_days":0,"lost_sales":0,"has_location":null,"update_date":"2026-04-27T06:52:53","atum_locations":[],"atum_stock_status":"instock","restock_status":false,"low_stock_amount":"","sales_update_date":"2025-10-09T03:24:47","calc_backorders":null,"_links":{"self":[{"href":"https:\/\/aromasentia.com\/es\/wp-json\/wp\/v2\/product\/220090","targetHints":{"allow":["GET"]}}],"collection":[{"href":"https:\/\/aromasentia.com\/es\/wp-json\/wp\/v2\/product"}],"about":[{"href":"https:\/\/aromasentia.com\/es\/wp-json\/wp\/v2\/types\/product"}],"replies":[{"embeddable":true,"href":"https:\/\/aromasentia.com\/es\/wp-json\/wp\/v2\/comments?post=220090"}],"version-history":[{"count":0,"href":"https:\/\/aromasentia.com\/es\/wp-json\/wp\/v2\/product\/220090\/revisions"}],"wp:featuredmedia":[{"embeddable":true,"href":"https:\/\/aromasentia.com\/es\/wp-json\/wp\/v2\/media\/417893"}],"wp:attachment":[{"href":"https:\/\/aromasentia.com\/es\/wp-json\/wp\/v2\/media?parent=220090"}],"wp:term":[{"taxonomy":"product_brand","embeddable":true,"href":"https:\/\/aromasentia.com\/es\/wp-json\/wp\/v2\/product_brand?post=220090"},{"taxonomy":"product_cat","embeddable":true,"href":"https:\/\/aromasentia.com\/es\/wp-json\/wp\/v2\/product_cat?post=220090"},{"taxonomy":"product_tag","embeddable":true,"href":"https:\/\/aromasentia.com\/es\/wp-json\/wp\/v2\/product_tag?post=220090"}],"curies":[{"name":"wp","href":"https:\/\/api.w.org\/{rel}","templated":true}]}}