{"id":220086,"date":"2025-03-23T11:05:59","date_gmt":"2025-03-23T11:05:59","guid":{"rendered":"https:\/\/aromasentia.com\/product\/power-bracelet-sodalite\/"},"modified":"2025-12-30T21:02:44","modified_gmt":"2025-12-30T21:02:44","slug":"pulsera-de-energia-sodalita","status":"publish","type":"product","link":"https:\/\/aromasentia.com\/es\/pulsera-de-energia-sodalita\/","title":{"rendered":"Pulsera de Energ\u00eda &#8211; Sodalita"},"content":{"rendered":"<p>Se tiene la creencia de que la Soldadita ayuda a tener una meditaci\u00f3n m\u00e1s profunda y estimular el tercer ojo. Adem\u00e1s, ayuda a estudiar y tener una mejor comunicaci\u00f3n interior.&nbsp;<\/p>\n<p>Aroma Sentia ofrece este pack de 4 pulseras de Soldatita al por mayor. &nbsp;Es un producto ideal para regalar a cualquier persona en momentos especiales como cumplea\u00f1os, San Valent\u00edn, d\u00edas especiales&#8230;<\/p>\n<p>Sus m\u00faltiples colores azules, blancos, verdes y celestes te llenar\u00e1n de confianza para conseguir sus objetivos.&nbsp;<\/p>\n<p>El producto es de talla \u00fanica, se adapta a todo tipo de mu\u00f1ecas.&nbsp;<\/p>\n<p>La medida de la pulsera es aproximadamente 8mm de di\u00e1metro.<\/p>\n","protected":false},"excerpt":{"rendered":"<p>Se tiene la creencia de que la Soldadita ayuda a tener una meditaci\u00f3n m\u00e1s profunda y estimular el tercer ojo. Adem\u00e1s, ayuda a estudiar y tener una mejor comunicaci\u00f3n interior.&nbsp; Aroma Sentia ofrece este pack de 4 pulseras de Soldatita al por mayor. &nbsp;Es un producto ideal para regalar a cualquier persona en momentos especiales [&hellip;]<\/p>\n","protected":false},"featured_media":417812,"comment_status":"closed","ping_status":"open","template":"","meta":{"_angie_page":false},"product_brand":[],"product_cat":[25225,14528,25209,25770],"product_tag":[],"class_list":{"0":"post-220086","1":"product","2":"type-product","3":"status-publish","4":"has-post-thumbnail","6":"product_cat-gemas-y-minerales","7":"product_cat-joyas-y-accesorios","8":"product_cat-pulseras","9":"product_cat-sodalita","10":"pa_collection-power-bracelets-es","11":"pa_made-in-china","13":"first","14":"instock","15":"purchasable","16":"product-type-simple"},"supplier_id":null,"supplier_sku":"AWPS-10","barcode":null,"atum_controlled":true,"out_stock_date":null,"out_stock_threshold":null,"inheritable":false,"inbound_stock":null,"stock_on_hold":0,"sold_today":0,"sales_last_days":0,"reserved_stock":null,"customer_returns":null,"warehouse_damage":null,"lost_in_post":null,"other_logs":null,"out_stock_days":0,"lost_sales":0,"has_location":null,"update_date":"2026-04-27T06:52:53","atum_locations":[],"atum_stock_status":"instock","restock_status":false,"low_stock_amount":"","sales_update_date":"2025-10-09T03:24:47","calc_backorders":null,"_links":{"self":[{"href":"https:\/\/aromasentia.com\/es\/wp-json\/wp\/v2\/product\/220086","targetHints":{"allow":["GET"]}}],"collection":[{"href":"https:\/\/aromasentia.com\/es\/wp-json\/wp\/v2\/product"}],"about":[{"href":"https:\/\/aromasentia.com\/es\/wp-json\/wp\/v2\/types\/product"}],"replies":[{"embeddable":true,"href":"https:\/\/aromasentia.com\/es\/wp-json\/wp\/v2\/comments?post=220086"}],"version-history":[{"count":0,"href":"https:\/\/aromasentia.com\/es\/wp-json\/wp\/v2\/product\/220086\/revisions"}],"wp:featuredmedia":[{"embeddable":true,"href":"https:\/\/aromasentia.com\/es\/wp-json\/wp\/v2\/media\/417812"}],"wp:attachment":[{"href":"https:\/\/aromasentia.com\/es\/wp-json\/wp\/v2\/media?parent=220086"}],"wp:term":[{"taxonomy":"product_brand","embeddable":true,"href":"https:\/\/aromasentia.com\/es\/wp-json\/wp\/v2\/product_brand?post=220086"},{"taxonomy":"product_cat","embeddable":true,"href":"https:\/\/aromasentia.com\/es\/wp-json\/wp\/v2\/product_cat?post=220086"},{"taxonomy":"product_tag","embeddable":true,"href":"https:\/\/aromasentia.com\/es\/wp-json\/wp\/v2\/product_tag?post=220086"}],"curies":[{"name":"wp","href":"https:\/\/api.w.org\/{rel}","templated":true}]}}