{"id":219982,"date":"2025-03-23T11:06:08","date_gmt":"2025-03-23T11:06:08","guid":{"rendered":"https:\/\/aromasentia.com\/product\/lrg-3d-floating-frame-display-11x11cm-grey\/"},"modified":"2025-12-30T21:02:29","modified_gmt":"2025-12-30T21:02:29","slug":"marco-flotante-3d-grande-11x11cm-gris","status":"publish","type":"product","link":"https:\/\/aromasentia.com\/es\/marco-flotante-3d-grande-11x11cm-gris\/","title":{"rendered":"Marco Flotante 3D &#8211; Grande 11x11cm &#8211; Gris"},"content":{"rendered":"<p>Muestre sus tesoros de forma sofisticada con este gran expositor de marco flotante 3D de color gris. Este innovador dise\u00f1o utiliza una membrana de PE transparente y flexible para crear la <strong>ilusi\u00f3n de que sus productos levitan en el aire<\/strong>, lo que garantiza que captar\u00e1n la atenci\u00f3n y realzar\u00e1n toda su exposici\u00f3n. El fondo gris vers\u00e1til complementa una amplia gama de colores, permitiendo que su mercanc\u00eda sea el centro de atenci\u00f3n.<\/p>\n<p>Construido para durar con un toque de estilo moderno, el marco est\u00e1 fabricado en <strong>pl\u00e1stico ABS duradero<\/strong>, garantizando que resistir\u00e1 el desgaste en sus estanter\u00edas o expuesto en los hogares de los clientes. La <strong>membrana de PE transparente<\/strong> proporciona una visi\u00f3n sin obstrucciones de 360 grados, permitiendo que los intrincados detalles y colores de sus productos brillen. Para facilitar la colocaci\u00f3n o extracci\u00f3n de sus art\u00edculos, el marco cuenta con un mecanismo de apertura f\u00e1cil de usar.<\/p>\n<p><strong>Ampl\u00ede una amplia gama de tesoros:<\/strong><\/p>\n<ul data-sourcepos=\"11:1-12:33\">\n<li data-sourcepos=\"11:1-11:120\">Piezas de joyer\u00eda m\u00e1s grandes: Exhiba pulseras gruesas, collares o pendientes elaborados en un entorno pulido.<\/li>\n<li data-sourcepos=\"12:1-12:33\">Herencias familiares: Este tama\u00f1o es perfecto para exhibir monedas conmemorativas, fotograf\u00edas u otros recuerdos preciados.<\/li>\n<li data-sourcepos=\"13:1-13:156\">Grandes minerales y piedras preciosas: Deje que su belleza natural cobre protagonismo sobre el fondo gris neutro, creando una exposici\u00f3n equilibrada y elegante.<\/li>\n<li data-sourcepos=\"14:1-15:0\">Coleccionables y obras de arte: Exponga figuras m\u00e1s grandes, obras de arte u otras colecciones especiales de forma cautivadora.<\/li>\n<\/ul>\n<p>El gran tama\u00f1o de este expositor ofrece m\u00e1s libertad creativa. Util\u00edcelo para destacar un \u00fanico art\u00edculo impresionante o para crear una colecci\u00f3n cuidada en una mesa o estanter\u00eda. Tambi\u00e9n puede montarlo en una pared para crear un elemento decorativo llamativo y moderno. Adem\u00e1s, la membrana de PE <strong>protege sus productos del polvo y los da\u00f1os causados por el agua<\/strong>, manteni\u00e9ndolos en perfectas condiciones.<\/strong><\/p>\n","protected":false},"excerpt":{"rendered":"<p>Muestre sus tesoros de forma sofisticada con este gran expositor de marco flotante 3D de color gris. Este innovador dise\u00f1o utiliza una membrana de PE transparente y flexible para crear la ilusi\u00f3n de que sus productos levitan en el aire, lo que garantiza que captar\u00e1n la atenci\u00f3n y realzar\u00e1n toda su exposici\u00f3n. El fondo gris [&hellip;]<\/p>\n","protected":false},"featured_media":419662,"comment_status":"closed","ping_status":"open","template":"","meta":[],"product_brand":[],"product_cat":[14528],"product_tag":[],"class_list":{"0":"post-219982","1":"product","2":"type-product","3":"status-publish","4":"has-post-thumbnail","6":"product_cat-joyas-y-accesorios","7":"pa_collection-floating-frame-displays-for-jewellery-es","8":"pa_made-in-china","10":"first","11":"instock","12":"purchasable","13":"product-type-simple"},"supplier_id":null,"supplier_sku":"FFD-13","barcode":null,"atum_controlled":true,"out_stock_date":null,"out_stock_threshold":null,"inheritable":false,"inbound_stock":null,"stock_on_hold":0,"sold_today":0,"sales_last_days":0,"reserved_stock":null,"customer_returns":null,"warehouse_damage":null,"lost_in_post":null,"other_logs":null,"out_stock_days":0,"lost_sales":0,"has_location":null,"update_date":"2026-01-28T13:05:54","atum_locations":[],"atum_stock_status":"instock","restock_status":false,"low_stock_amount":"","sales_update_date":"2025-09-03T00:17:13","calc_backorders":null,"_links":{"self":[{"href":"https:\/\/aromasentia.com\/es\/wp-json\/wp\/v2\/product\/219982","targetHints":{"allow":["GET"]}}],"collection":[{"href":"https:\/\/aromasentia.com\/es\/wp-json\/wp\/v2\/product"}],"about":[{"href":"https:\/\/aromasentia.com\/es\/wp-json\/wp\/v2\/types\/product"}],"replies":[{"embeddable":true,"href":"https:\/\/aromasentia.com\/es\/wp-json\/wp\/v2\/comments?post=219982"}],"version-history":[{"count":0,"href":"https:\/\/aromasentia.com\/es\/wp-json\/wp\/v2\/product\/219982\/revisions"}],"wp:featuredmedia":[{"embeddable":true,"href":"https:\/\/aromasentia.com\/es\/wp-json\/wp\/v2\/media\/419662"}],"wp:attachment":[{"href":"https:\/\/aromasentia.com\/es\/wp-json\/wp\/v2\/media?parent=219982"}],"wp:term":[{"taxonomy":"product_brand","embeddable":true,"href":"https:\/\/aromasentia.com\/es\/wp-json\/wp\/v2\/product_brand?post=219982"},{"taxonomy":"product_cat","embeddable":true,"href":"https:\/\/aromasentia.com\/es\/wp-json\/wp\/v2\/product_cat?post=219982"},{"taxonomy":"product_tag","embeddable":true,"href":"https:\/\/aromasentia.com\/es\/wp-json\/wp\/v2\/product_tag?post=219982"}],"curies":[{"name":"wp","href":"https:\/\/api.w.org\/{rel}","templated":true}]}}