{"id":219974,"date":"2025-03-23T11:06:08","date_gmt":"2025-03-23T11:06:08","guid":{"rendered":"https:\/\/aromasentia.com\/product\/med-3d-floating-frame-display-9x9cm-pink\/"},"modified":"2025-12-30T21:02:21","modified_gmt":"2025-12-30T21:02:21","slug":"marco-flotante-3d-mediano-9x9cm-rosa","status":"publish","type":"product","link":"https:\/\/aromasentia.com\/es\/marco-flotante-3d-mediano-9x9cm-rosa\/","title":{"rendered":"Marco Flotante 3D &#8211; Mediano 9x9cm &#8211; Rosa"},"content":{"rendered":"<p>\u00a1Infunda tu presentaci\u00f3n de productos con un toque de magia! Este marco flotante 3D de tama\u00f1o mediano y color rosa a\u00f1ade un delicioso toque de color y una fascinante <strong>ilusi\u00f3n flotante<\/strong> a su mercanc\u00eda. Est\u00e1 garantizado para cautivar a los clientes y hacer que sus productos destaquen entre la multitud.<\/p>\n<p>Construido para durar con un toque l\u00fadico, el marco est\u00e1 <strong>fabricado en <\/strong>pl\u00e1stico ABS<\/strong> duradero, asegurando que resistir\u00e1 el desgaste en sus estanter\u00edas o expuesto en los hogares de los clientes. La <strong>membrana de PE transparente<\/strong> ofrece una visi\u00f3n perfecta de 360 grados, permitiendo que los delicados detalles y la belleza de sus productos brillen sobre el encantador fondo rosa. Para colocar o retirar sus tesoros sin esfuerzo, el marco cuenta con un <strong>mecanismo de apertura f\u00e1cil de usar<\/strong>.<\/p>\n<p><strong>Perfecto para una gran variedad de peque\u00f1os y medianos tesoros:<\/strong><\/p>\n<ul data-sourcepos=\"11:1-11:44\">\n<li data-sourcepos=\"11:1-11:44\">Joyer\u00eda: Muestre collares, pulseras o pendientes m\u00e1s grandes en un entorno caprichoso y encantador.<\/li>\n<li data-sourcepos=\"12:1-12:162\">Piedras preciosas y minerales con colores suaves: El fondo rosa complementa a la perfecci\u00f3n las tonalidades m\u00e1s suaves y los tonos pastel, haci\u00e9ndolos parecer a\u00fan m\u00e1s cautivadores.<\/li>\n<li data-sourcepos=\"13:1-13:169\">Coleccionables con un toque de fantas\u00eda: &nbsp;Este expositor es ideal para exhibir figuritas en miniatura o cualquier recuerdo con un valor l\u00fadico o sentimental.<\/li>\n<li data-sourcepos=\"14:1-15:0\">Peque\u00f1as obras de arte o fotos: Presente sus obras maestras en miniatura de una forma \u00fanica y encantadora, a\u00f1adiendo un toque de personalidad a su exposici\u00f3n.<\/li>\n<\/ul>\n<p>Este vers\u00e1til expositor puede utilizarse sobre una mesa o estanter\u00eda para destacar un \u00fanico objeto preciado o una colecci\u00f3n curada. Tambi\u00e9n puede montarse en una pared para crear un elemento decorativo \u00fanico y caprichoso, perfecto para una habitaci\u00f3n infantil o cualquier espacio que necesite un toque de encanto juguet\u00f3n. Adem\u00e1s, la membrana de PE <strong>protege sus productos del polvo y los da\u00f1os causados por el agua<\/strong>, manteni\u00e9ndolos en perfectas condiciones.<\/strong><\/p>\n","protected":false},"excerpt":{"rendered":"<p>\u00a1Infunda tu presentaci\u00f3n de productos con un toque de magia! Este marco flotante 3D de tama\u00f1o mediano y color rosa a\u00f1ade un delicioso toque de color y una fascinante ilusi\u00f3n flotante a su mercanc\u00eda. Est\u00e1 garantizado para cautivar a los clientes y hacer que sus productos destaquen entre la multitud. Construido para durar con un [&hellip;]<\/p>\n","protected":false},"featured_media":419644,"comment_status":"closed","ping_status":"open","template":"","meta":[],"product_brand":[],"product_cat":[14528],"product_tag":[],"class_list":{"0":"post-219974","1":"product","2":"type-product","3":"status-publish","4":"has-post-thumbnail","6":"product_cat-joyas-y-accesorios","7":"pa_collection-floating-frame-displays-for-jewellery-es","8":"pa_made-in-china","10":"first","11":"instock","12":"purchasable","13":"product-type-simple"},"supplier_id":null,"supplier_sku":"FFD-10","barcode":null,"atum_controlled":true,"out_stock_date":null,"out_stock_threshold":null,"inheritable":false,"inbound_stock":null,"stock_on_hold":0,"sold_today":0,"sales_last_days":0,"reserved_stock":null,"customer_returns":null,"warehouse_damage":null,"lost_in_post":null,"other_logs":null,"out_stock_days":0,"lost_sales":0,"has_location":null,"update_date":"2026-02-09T14:51:06","atum_locations":[],"atum_stock_status":"instock","restock_status":false,"low_stock_amount":"","sales_update_date":"2026-01-30T01:24:37","calc_backorders":null,"_links":{"self":[{"href":"https:\/\/aromasentia.com\/es\/wp-json\/wp\/v2\/product\/219974","targetHints":{"allow":["GET"]}}],"collection":[{"href":"https:\/\/aromasentia.com\/es\/wp-json\/wp\/v2\/product"}],"about":[{"href":"https:\/\/aromasentia.com\/es\/wp-json\/wp\/v2\/types\/product"}],"replies":[{"embeddable":true,"href":"https:\/\/aromasentia.com\/es\/wp-json\/wp\/v2\/comments?post=219974"}],"version-history":[{"count":0,"href":"https:\/\/aromasentia.com\/es\/wp-json\/wp\/v2\/product\/219974\/revisions"}],"wp:featuredmedia":[{"embeddable":true,"href":"https:\/\/aromasentia.com\/es\/wp-json\/wp\/v2\/media\/419644"}],"wp:attachment":[{"href":"https:\/\/aromasentia.com\/es\/wp-json\/wp\/v2\/media?parent=219974"}],"wp:term":[{"taxonomy":"product_brand","embeddable":true,"href":"https:\/\/aromasentia.com\/es\/wp-json\/wp\/v2\/product_brand?post=219974"},{"taxonomy":"product_cat","embeddable":true,"href":"https:\/\/aromasentia.com\/es\/wp-json\/wp\/v2\/product_cat?post=219974"},{"taxonomy":"product_tag","embeddable":true,"href":"https:\/\/aromasentia.com\/es\/wp-json\/wp\/v2\/product_tag?post=219974"}],"curies":[{"name":"wp","href":"https:\/\/api.w.org\/{rel}","templated":true}]}}