{"id":219966,"date":"2025-03-23T11:06:08","date_gmt":"2025-03-23T11:06:08","guid":{"rendered":"https:\/\/aromasentia.com\/product\/med-3d-floating-frame-display-9x9cm-grey\/"},"modified":"2025-12-30T21:02:21","modified_gmt":"2025-12-30T21:02:21","slug":"marco-flotante-3d-mediano-9x9cm-gris","status":"publish","type":"product","link":"https:\/\/aromasentia.com\/es\/marco-flotante-3d-mediano-9x9cm-gris\/","title":{"rendered":"Marco Flotante 3D &#8211; Mediano 9x9cm  &#8211; Gris"},"content":{"rendered":"<p>D\u00e9 rienda suelta a una dimensi\u00f3n cautivadora para su mercanc\u00eda con este expositor flotante 3D de tama\u00f1o mediano y color gris. La <strong>innovadora membrana de PE<\/strong> crea una ilusi\u00f3n fascinante de sus productos suspendidos en el aire, lo que garantiza captar la atenci\u00f3n y elevar toda su exposici\u00f3n.<\/p>\n<p>Construido para durar, el marco est\u00e1 fabricado en <strong>pl\u00e1stico ABS duradero<\/strong>, lo que garantiza un uso duradero en su tienda o en los hogares de sus clientes. La membrana cristalina proporciona una visi\u00f3n sin obst\u00e1culos de 360 grados, permitiendo que los detalles intrincados y los colores de sus productos brillen. Para colocar o retirar f\u00e1cilmente sus art\u00edculos, el marco cuenta con un <strong>simple mecanismo de apertura a presi\u00f3n<\/strong>.<\/p>\n<p><strong>Muestre una gran variedad de tesoros:<\/strong><\/p>\n<ul data-sourcepos=\"11:1-12:67\">\n<li data-sourcepos=\"11:1-11:90\">Joyer\u00eda: Exponga collares, pulseras o pendientes m\u00e1s grandes de forma elegante y moderna.<\/li>\n<li data-sourcepos=\"12:1-12:67\">Minerales y piedras preciosas: El fondo gris crea un lienzo neutro que complementa una amplia gama de colores.<\/li>\n<li data-sourcepos=\"13:1-13:106\">Coleccionables: Exhiba medallas especiales, monedas, sellos, cromos o incluso peque\u00f1os recuerdos.<\/li>\n<li data-sourcepos=\"14:1-15:0\">Peque\u00f1as obras de arte o fotograf\u00edas: Presente sus piezas en miniatura de una forma \u00fanica y llamativa.<\/li>\n<\/ul>\n<p>Este vers\u00e1til expositor puede utilizarse sobre una mesa o estanter\u00eda para destacar un \u00fanico art\u00edculo especial o una colecci\u00f3n curada. Tambi\u00e9n se puede montar en la pared para crear un elemento decorativo llamativo y moderno. Adem\u00e1s, la membrana de PE <strong>protege sus productos del polvo y de los da\u00f1os causados por el agua<\/strong>, manteni\u00e9ndolos en perfectas condiciones.<\/p>\n<p><strong>Este expositor vers\u00e1til puede utilizarse sobre una mesa o una estanter\u00eda para destacar un art\u00edculo especial o una colecci\u00f3n.<\/p>\n","protected":false},"excerpt":{"rendered":"<p>D\u00e9 rienda suelta a una dimensi\u00f3n cautivadora para su mercanc\u00eda con este expositor flotante 3D de tama\u00f1o mediano y color gris. La innovadora membrana de PE crea una ilusi\u00f3n fascinante de sus productos suspendidos en el aire, lo que garantiza captar la atenci\u00f3n y elevar toda su exposici\u00f3n. Construido para durar, el marco est\u00e1 fabricado [&hellip;]<\/p>\n","protected":false},"featured_media":419626,"comment_status":"closed","ping_status":"open","template":"","meta":[],"product_brand":[],"product_cat":[14528],"product_tag":[],"class_list":{"0":"post-219966","1":"product","2":"type-product","3":"status-publish","4":"has-post-thumbnail","6":"product_cat-joyas-y-accesorios","7":"pa_collection-floating-frame-displays-for-jewellery-es","8":"pa_made-in-china","10":"first","11":"instock","12":"purchasable","13":"product-type-simple"},"supplier_id":null,"supplier_sku":"FFD-08","barcode":null,"atum_controlled":true,"out_stock_date":null,"out_stock_threshold":null,"inheritable":false,"inbound_stock":null,"stock_on_hold":0,"sold_today":0,"sales_last_days":0,"reserved_stock":null,"customer_returns":null,"warehouse_damage":null,"lost_in_post":null,"other_logs":null,"out_stock_days":0,"lost_sales":0,"has_location":null,"update_date":"2026-02-10T08:26:48","atum_locations":[],"atum_stock_status":"instock","restock_status":false,"low_stock_amount":"","sales_update_date":"2026-01-30T01:24:38","calc_backorders":null,"_links":{"self":[{"href":"https:\/\/aromasentia.com\/es\/wp-json\/wp\/v2\/product\/219966","targetHints":{"allow":["GET"]}}],"collection":[{"href":"https:\/\/aromasentia.com\/es\/wp-json\/wp\/v2\/product"}],"about":[{"href":"https:\/\/aromasentia.com\/es\/wp-json\/wp\/v2\/types\/product"}],"replies":[{"embeddable":true,"href":"https:\/\/aromasentia.com\/es\/wp-json\/wp\/v2\/comments?post=219966"}],"version-history":[{"count":0,"href":"https:\/\/aromasentia.com\/es\/wp-json\/wp\/v2\/product\/219966\/revisions"}],"wp:featuredmedia":[{"embeddable":true,"href":"https:\/\/aromasentia.com\/es\/wp-json\/wp\/v2\/media\/419626"}],"wp:attachment":[{"href":"https:\/\/aromasentia.com\/es\/wp-json\/wp\/v2\/media?parent=219966"}],"wp:term":[{"taxonomy":"product_brand","embeddable":true,"href":"https:\/\/aromasentia.com\/es\/wp-json\/wp\/v2\/product_brand?post=219966"},{"taxonomy":"product_cat","embeddable":true,"href":"https:\/\/aromasentia.com\/es\/wp-json\/wp\/v2\/product_cat?post=219966"},{"taxonomy":"product_tag","embeddable":true,"href":"https:\/\/aromasentia.com\/es\/wp-json\/wp\/v2\/product_tag?post=219966"}],"curies":[{"name":"wp","href":"https:\/\/api.w.org\/{rel}","templated":true}]}}