{"id":219790,"date":"2025-03-23T11:06:16","date_gmt":"2025-03-23T11:06:16","guid":{"rendered":"https:\/\/aromasentia.com\/product\/gemstone-classic-point-pendant-amethyst\/"},"modified":"2025-12-30T21:01:52","modified_gmt":"2025-12-30T21:01:52","slug":"colgante-de-punto-clasico-de-piedras-preciosas-amatista","status":"publish","type":"product","link":"https:\/\/aromasentia.com\/es\/colgante-de-punto-clasico-de-piedras-preciosas-amatista\/","title":{"rendered":"Colgante de Punto Cl\u00e1sico de Piedras Preciosas &#8211; Amatista"},"content":{"rendered":"<p>El exquisito <strong>Colgante Classic Point de Amatista<\/strong> es una magn\u00edfica pieza de joyer\u00eda que encarna el encanto de la espiritualidad, la sabidur\u00eda y la paz interior. Este colgante est\u00e1 dise\u00f1ado para elevar cualquier conjunto e irradiar un aura de elegancia y misticismo.<\/p>\n<p>El Colgante Gemstone Classic Point presenta una gema Amatista pulida en forma de punta elegante y alargada. Conocida por sus encantadoras tonalidades p\u00farpuras, se cree que la amatista mejora el crecimiento espiritual, promueve la claridad mental y proporciona una sensaci\u00f3n de calma y tranquilidad. Su fascinante color y su cualidad transl\u00facida la convierten en una gema cautivadora que desprende misticismo y sofisticaci\u00f3n. Este colgante es un accesorio vers\u00e1til que pasa sin esfuerzo del d\u00eda a la noche, por lo que es adecuado para cualquier ocasi\u00f3n.&nbsp;<\/p>\n<p>Viene con una cadena chapada en plata, de aproximadamente 45 cm de largo. Empaquetado en una preciosa tarjeta de cabecera.<\/p>\n<p><em>Los tama\u00f1os y formas de los cristales pueden variar ligeramente ya que cada uno de los colgantes est\u00e1 hecho a mano.<\/em><\/p>\n<p>Sorprende a tus clientes con esta adorable y \u00fanica joya de piedras preciosas, hecha con cari\u00f1o en la India. Adecuado para hombres o mujeres,&nbsp;<\/p>\n<p><strong>Un regalo perfecto para cualquier ocasi\u00f3n. Haga su pedido hoy<\/strong><\/p>\n","protected":false},"excerpt":{"rendered":"<p>El exquisito Colgante Classic Point de Amatista es una magn\u00edfica pieza de joyer\u00eda que encarna el encanto de la espiritualidad, la sabidur\u00eda y la paz interior. Este colgante est\u00e1 dise\u00f1ado para elevar cualquier conjunto e irradiar un aura de elegancia y misticismo. El Colgante Gemstone Classic Point presenta una gema Amatista pulida en forma de [&hellip;]<\/p>\n","protected":false},"featured_media":421306,"comment_status":"closed","ping_status":"open","template":"","meta":{"_angie_page":false},"product_brand":[],"product_cat":[25549,25215,25225,14528],"product_tag":[],"class_list":{"0":"post-219790","1":"product","2":"type-product","3":"status-publish","4":"has-post-thumbnail","6":"product_cat-amatista","7":"product_cat-collares-y-colgantes","8":"product_cat-gemas-y-minerales","9":"product_cat-joyas-y-accesorios","10":"pa_collection-indian-gemstone-pendant-jewellery-es","11":"pa_made-in-india","13":"first","14":"instock","15":"purchasable","16":"product-type-simple"},"supplier_id":null,"supplier_sku":"GPJ-03","barcode":null,"atum_controlled":true,"out_stock_date":null,"out_stock_threshold":null,"inheritable":false,"inbound_stock":null,"stock_on_hold":0,"sold_today":0,"sales_last_days":0,"reserved_stock":null,"customer_returns":null,"warehouse_damage":null,"lost_in_post":null,"other_logs":null,"out_stock_days":0,"lost_sales":0,"has_location":null,"update_date":"2026-05-04T00:03:55","atum_locations":[],"atum_stock_status":"instock","restock_status":false,"low_stock_amount":"","sales_update_date":"2026-01-30T01:24:47","calc_backorders":null,"_links":{"self":[{"href":"https:\/\/aromasentia.com\/es\/wp-json\/wp\/v2\/product\/219790","targetHints":{"allow":["GET"]}}],"collection":[{"href":"https:\/\/aromasentia.com\/es\/wp-json\/wp\/v2\/product"}],"about":[{"href":"https:\/\/aromasentia.com\/es\/wp-json\/wp\/v2\/types\/product"}],"replies":[{"embeddable":true,"href":"https:\/\/aromasentia.com\/es\/wp-json\/wp\/v2\/comments?post=219790"}],"version-history":[{"count":0,"href":"https:\/\/aromasentia.com\/es\/wp-json\/wp\/v2\/product\/219790\/revisions"}],"wp:featuredmedia":[{"embeddable":true,"href":"https:\/\/aromasentia.com\/es\/wp-json\/wp\/v2\/media\/421306"}],"wp:attachment":[{"href":"https:\/\/aromasentia.com\/es\/wp-json\/wp\/v2\/media?parent=219790"}],"wp:term":[{"taxonomy":"product_brand","embeddable":true,"href":"https:\/\/aromasentia.com\/es\/wp-json\/wp\/v2\/product_brand?post=219790"},{"taxonomy":"product_cat","embeddable":true,"href":"https:\/\/aromasentia.com\/es\/wp-json\/wp\/v2\/product_cat?post=219790"},{"taxonomy":"product_tag","embeddable":true,"href":"https:\/\/aromasentia.com\/es\/wp-json\/wp\/v2\/product_tag?post=219790"}],"curies":[{"name":"wp","href":"https:\/\/api.w.org\/{rel}","templated":true}]}}