{"id":219746,"date":"2025-03-23T11:06:16","date_gmt":"2025-03-23T11:06:16","guid":{"rendered":"https:\/\/aromasentia.com\/product\/gemstone-lucky-elephants-pendants-12-assorted-25x15mm\/"},"modified":"2025-12-30T21:01:44","modified_gmt":"2025-12-30T21:01:44","slug":"colgantes-de-elefantes-de-la-suerte-de-piedras-preciosas-12-surtidos-25x15mm","status":"publish","type":"product","link":"https:\/\/aromasentia.com\/es\/colgantes-de-elefantes-de-la-suerte-de-piedras-preciosas-12-surtidos-25x15mm\/","title":{"rendered":"Colgantes de Elefantes de la Suerte de Piedras Preciosas (12 surtidos) 25x15mm"},"content":{"rendered":"<p>Descubre nuestra colecci\u00f3n de colgantes con elefantes de la suerte al por mayor, hechos con piedras preciosas. El s\u00edmbolo del elefante es considerado un s\u00edmbolo de buena suerte, prosperidad y fortuna, seg\u00fan la tradici\u00f3n Hind\u00fa.<\/p>\n<p>Este dise\u00f1o es perfecto para quienes buscan un accesorio lleno de simbolog\u00eda positiva y un toque de elegancia.&nbsp;<\/p>\n<p>A\u00f1ade y crea colgantes personalizados estos colgantes y comb\u00ednelos con nuestros <a href=\"https:\/\/aromasentia.com\/reventa-rollo-cordon-ante\" rel=\"noopener noreferrer\" target=\"_blank\">cordones <\/a>para colgantes tu tienda y ofrece un amuleto \u00fanico de suerte a tus clientes.<\/p>\n","protected":false},"excerpt":{"rendered":"<p>Descubre nuestra colecci\u00f3n de colgantes con elefantes de la suerte al por mayor, hechos con piedras preciosas. El s\u00edmbolo del elefante es considerado un s\u00edmbolo de buena suerte, prosperidad y fortuna, seg\u00fan la tradici\u00f3n Hind\u00fa. Este dise\u00f1o es perfecto para quienes buscan un accesorio lleno de simbolog\u00eda positiva y un toque de elegancia.&nbsp; A\u00f1ade y [&hellip;]<\/p>\n","protected":false},"featured_media":420887,"comment_status":"closed","ping_status":"open","template":"","meta":{"_angie_page":false},"product_brand":[],"product_cat":[25215,14528],"product_tag":[],"class_list":{"0":"post-219746","1":"product","2":"type-product","3":"status-publish","4":"has-post-thumbnail","6":"product_cat-collares-y-colgantes","7":"product_cat-joyas-y-accesorios","8":"pa_collection-gemstone-pendants-es","9":"pa_made-in-china","11":"first","12":"instock","13":"purchasable","14":"product-type-simple"},"supplier_id":null,"supplier_sku":"GemPD-24","barcode":null,"atum_controlled":true,"out_stock_date":null,"out_stock_threshold":null,"inheritable":false,"inbound_stock":null,"stock_on_hold":0,"sold_today":0,"sales_last_days":0,"reserved_stock":null,"customer_returns":null,"warehouse_damage":null,"lost_in_post":null,"other_logs":null,"out_stock_days":0,"lost_sales":0,"has_location":null,"update_date":"2026-05-08T05:09:40","atum_locations":[],"atum_stock_status":"instock","restock_status":false,"low_stock_amount":"","sales_update_date":"2026-02-06T00:01:35","calc_backorders":null,"_links":{"self":[{"href":"https:\/\/aromasentia.com\/es\/wp-json\/wp\/v2\/product\/219746","targetHints":{"allow":["GET"]}}],"collection":[{"href":"https:\/\/aromasentia.com\/es\/wp-json\/wp\/v2\/product"}],"about":[{"href":"https:\/\/aromasentia.com\/es\/wp-json\/wp\/v2\/types\/product"}],"replies":[{"embeddable":true,"href":"https:\/\/aromasentia.com\/es\/wp-json\/wp\/v2\/comments?post=219746"}],"version-history":[{"count":0,"href":"https:\/\/aromasentia.com\/es\/wp-json\/wp\/v2\/product\/219746\/revisions"}],"wp:featuredmedia":[{"embeddable":true,"href":"https:\/\/aromasentia.com\/es\/wp-json\/wp\/v2\/media\/420887"}],"wp:attachment":[{"href":"https:\/\/aromasentia.com\/es\/wp-json\/wp\/v2\/media?parent=219746"}],"wp:term":[{"taxonomy":"product_brand","embeddable":true,"href":"https:\/\/aromasentia.com\/es\/wp-json\/wp\/v2\/product_brand?post=219746"},{"taxonomy":"product_cat","embeddable":true,"href":"https:\/\/aromasentia.com\/es\/wp-json\/wp\/v2\/product_cat?post=219746"},{"taxonomy":"product_tag","embeddable":true,"href":"https:\/\/aromasentia.com\/es\/wp-json\/wp\/v2\/product_tag?post=219746"}],"curies":[{"name":"wp","href":"https:\/\/api.w.org\/{rel}","templated":true}]}}