{"id":219738,"date":"2025-03-23T11:06:16","date_gmt":"2025-03-23T11:06:16","guid":{"rendered":"https:\/\/aromasentia.com\/product\/gemstone-mini-angels-pendants-12-assorted-26x18mm\/"},"modified":"2025-12-30T21:01:37","modified_gmt":"2025-12-30T21:01:37","slug":"colgantes-de-mini-angeles-de-piedras-preciosas-12-surtidos-26x18mm","status":"publish","type":"product","link":"https:\/\/aromasentia.com\/es\/colgantes-de-mini-angeles-de-piedras-preciosas-12-surtidos-26x18mm\/","title":{"rendered":"Colgantes de Mini \u00c1ngeles de Piedras Preciosas (12 surtidos) 26x18mm"},"content":{"rendered":"<p>Explora los colgantes con mini \u00e1ngeles de Aroma Sentia Espa\u00f1a, dise\u00f1ados con piedras preciosas que invitan a la calma y la protecci\u00f3n.&nbsp;<\/p>\n<p>Este peque\u00f1o y delicado colgante cuenta con un dise\u00f1o es ideal para quienes buscan algo tierno pero con un profundo significado. Al venir en conjuntos de 12 unidades puede venderlos en packs par que sus clientes se lo regalen conjuntamente a sus seres queridos. \u00a1perfecto para regalos de boda o comuniones!&nbsp;<\/p>\n<p>A\u00f1ade esta pieza \u00fanica a tu tienda y ofrece a tus clientes un toque de luz y protecci\u00f3n con los colgantes de Aroma Sentia Espa\u00f1a.<\/p>\n","protected":false},"excerpt":{"rendered":"<p>Explora los colgantes con mini \u00e1ngeles de Aroma Sentia Espa\u00f1a, dise\u00f1ados con piedras preciosas que invitan a la calma y la protecci\u00f3n.&nbsp; Este peque\u00f1o y delicado colgante cuenta con un dise\u00f1o es ideal para quienes buscan algo tierno pero con un profundo significado. Al venir en conjuntos de 12 unidades puede venderlos en packs par [&hellip;]<\/p>\n","protected":false},"featured_media":420845,"comment_status":"closed","ping_status":"open","template":"","meta":[],"product_brand":[],"product_cat":[25215,14528],"product_tag":[],"class_list":{"0":"post-219738","1":"product","2":"type-product","3":"status-publish","4":"has-post-thumbnail","6":"product_cat-collares-y-colgantes","7":"product_cat-joyas-y-accesorios","8":"pa_collection-gemstone-pendants-es","9":"pa_made-in-china","11":"first","12":"instock","13":"purchasable","14":"product-type-simple"},"supplier_id":null,"supplier_sku":"GemPD-22","barcode":null,"atum_controlled":true,"out_stock_date":null,"out_stock_threshold":null,"inheritable":false,"inbound_stock":null,"stock_on_hold":0,"sold_today":0,"sales_last_days":0,"reserved_stock":null,"customer_returns":null,"warehouse_damage":null,"lost_in_post":null,"other_logs":null,"out_stock_days":0,"lost_sales":0,"has_location":null,"update_date":"2026-02-12T05:53:37","atum_locations":[],"atum_stock_status":"instock","restock_status":false,"low_stock_amount":"","sales_update_date":"2026-02-06T00:02:20","calc_backorders":null,"_links":{"self":[{"href":"https:\/\/aromasentia.com\/es\/wp-json\/wp\/v2\/product\/219738","targetHints":{"allow":["GET"]}}],"collection":[{"href":"https:\/\/aromasentia.com\/es\/wp-json\/wp\/v2\/product"}],"about":[{"href":"https:\/\/aromasentia.com\/es\/wp-json\/wp\/v2\/types\/product"}],"replies":[{"embeddable":true,"href":"https:\/\/aromasentia.com\/es\/wp-json\/wp\/v2\/comments?post=219738"}],"version-history":[{"count":0,"href":"https:\/\/aromasentia.com\/es\/wp-json\/wp\/v2\/product\/219738\/revisions"}],"wp:featuredmedia":[{"embeddable":true,"href":"https:\/\/aromasentia.com\/es\/wp-json\/wp\/v2\/media\/420845"}],"wp:attachment":[{"href":"https:\/\/aromasentia.com\/es\/wp-json\/wp\/v2\/media?parent=219738"}],"wp:term":[{"taxonomy":"product_brand","embeddable":true,"href":"https:\/\/aromasentia.com\/es\/wp-json\/wp\/v2\/product_brand?post=219738"},{"taxonomy":"product_cat","embeddable":true,"href":"https:\/\/aromasentia.com\/es\/wp-json\/wp\/v2\/product_cat?post=219738"},{"taxonomy":"product_tag","embeddable":true,"href":"https:\/\/aromasentia.com\/es\/wp-json\/wp\/v2\/product_tag?post=219738"}],"curies":[{"name":"wp","href":"https:\/\/api.w.org\/{rel}","templated":true}]}}