{"id":219734,"date":"2025-03-23T11:06:16","date_gmt":"2025-03-23T11:06:16","guid":{"rendered":"https:\/\/aromasentia.com\/product\/gemstone-angel-wings-pendants-12-assorted-28x15mm\/"},"modified":"2025-12-30T21:01:37","modified_gmt":"2025-12-30T21:01:37","slug":"colgantes-de-alas-de-angel-de-piedras-preciosas-12-surtidos-28x15mm","status":"publish","type":"product","link":"https:\/\/aromasentia.com\/es\/colgantes-de-alas-de-angel-de-piedras-preciosas-12-surtidos-28x15mm\/","title":{"rendered":"Colgantes de Alas de \u00c1ngel de Piedras Preciosas (12 surtidos) 28x15mm"},"content":{"rendered":"<p>Siente la energ\u00eda de nuestros colgantes en forma de ala de \u00e1ngel de Aroma Sentia Espa\u00f1a, hechos con piedras preciosas que representan protecci\u00f3n, amor y serenidad.<\/p>\n<p>Cada set vienen con 12 unidades en colores surtidos dependiendo de color de la piedra preciosa.<\/p>\n<p>Estos colgantes ser\u00e1n perfectos para aquellos que buscan un amuleto de buena suerte o para quienes desean un regalo lleno de significado.<\/p>\n<p>Estos colgantes son perfectos para ocasiones especiales o como detalle que lleven consigo todos los d\u00edas.<\/p>\n<p>Ofrece estos hermosos colgantes en tu tienda y deja que tus clientes sientan la energ\u00eda positiva de los \u00e1ngeles. <\/p>\n","protected":false},"excerpt":{"rendered":"<p>Siente la energ\u00eda de nuestros colgantes en forma de ala de \u00e1ngel de Aroma Sentia Espa\u00f1a, hechos con piedras preciosas que representan protecci\u00f3n, amor y serenidad. Cada set vienen con 12 unidades en colores surtidos dependiendo de color de la piedra preciosa. Estos colgantes ser\u00e1n perfectos para aquellos que buscan un amuleto de buena suerte [&hellip;]<\/p>\n","protected":false},"featured_media":420828,"comment_status":"closed","ping_status":"open","template":"","meta":{"_angie_page":false},"product_brand":[],"product_cat":[25215,14528],"product_tag":[],"class_list":{"0":"post-219734","1":"product","2":"type-product","3":"status-publish","4":"has-post-thumbnail","6":"product_cat-collares-y-colgantes","7":"product_cat-joyas-y-accesorios","8":"pa_collection-gemstone-pendants-es","9":"pa_made-in-china","11":"first","12":"instock","13":"purchasable","14":"product-type-simple"},"supplier_id":null,"supplier_sku":"GemPD-21","barcode":null,"atum_controlled":true,"out_stock_date":null,"out_stock_threshold":null,"inheritable":false,"inbound_stock":null,"stock_on_hold":0,"sold_today":0,"sales_last_days":0,"reserved_stock":null,"customer_returns":null,"warehouse_damage":null,"lost_in_post":null,"other_logs":null,"out_stock_days":0,"lost_sales":0,"has_location":null,"update_date":"2026-05-04T00:03:55","atum_locations":[],"atum_stock_status":"instock","restock_status":false,"low_stock_amount":"","sales_update_date":"2025-09-03T00:16:54","calc_backorders":null,"_links":{"self":[{"href":"https:\/\/aromasentia.com\/es\/wp-json\/wp\/v2\/product\/219734","targetHints":{"allow":["GET"]}}],"collection":[{"href":"https:\/\/aromasentia.com\/es\/wp-json\/wp\/v2\/product"}],"about":[{"href":"https:\/\/aromasentia.com\/es\/wp-json\/wp\/v2\/types\/product"}],"replies":[{"embeddable":true,"href":"https:\/\/aromasentia.com\/es\/wp-json\/wp\/v2\/comments?post=219734"}],"version-history":[{"count":0,"href":"https:\/\/aromasentia.com\/es\/wp-json\/wp\/v2\/product\/219734\/revisions"}],"wp:featuredmedia":[{"embeddable":true,"href":"https:\/\/aromasentia.com\/es\/wp-json\/wp\/v2\/media\/420828"}],"wp:attachment":[{"href":"https:\/\/aromasentia.com\/es\/wp-json\/wp\/v2\/media?parent=219734"}],"wp:term":[{"taxonomy":"product_brand","embeddable":true,"href":"https:\/\/aromasentia.com\/es\/wp-json\/wp\/v2\/product_brand?post=219734"},{"taxonomy":"product_cat","embeddable":true,"href":"https:\/\/aromasentia.com\/es\/wp-json\/wp\/v2\/product_cat?post=219734"},{"taxonomy":"product_tag","embeddable":true,"href":"https:\/\/aromasentia.com\/es\/wp-json\/wp\/v2\/product_tag?post=219734"}],"curies":[{"name":"wp","href":"https:\/\/api.w.org\/{rel}","templated":true}]}}