{"id":219730,"date":"2025-03-23T11:06:16","date_gmt":"2025-03-23T11:06:16","guid":{"rendered":"https:\/\/aromasentia.com\/product\/gemstone-moons-pendants-12-assorted-20x13mm\/"},"modified":"2025-12-30T21:01:37","modified_gmt":"2025-12-30T21:01:37","slug":"colgantes-de-lunas-de-piedras-preciosas-12-surtidos-20x13mm","status":"publish","type":"product","link":"https:\/\/aromasentia.com\/es\/colgantes-de-lunas-de-piedras-preciosas-12-surtidos-20x13mm\/","title":{"rendered":"Colgantes de Lunas de Piedras Preciosas (12 surtidos) 20x13mm"},"content":{"rendered":"<p>Sorprenda a sus clientes con los colgantes con forma de luna de Aroma Sentia Espa\u00f1a, hechos de piedras preciosas.&nbsp;<\/p>\n<p>Cada set de 12 vienen con colores variados en forma de luna, perfectos para clientes atra\u00eddos por la energ\u00eda m\u00edstica de la luna&nbsp;<\/p>\n<p>La luna ha sido tradicionalmente un s\u00edmbolo de lo femenino, la intuici\u00f3n, la emoci\u00f3n y la conexi\u00f3n con el ciclo natural de la vida.&nbsp;<\/p>\n<p>No dudes en combinarlo con nuestros <a href=\"https:\/\/aromasentia.com\/reventa-rollo-cordon-ante\" rel=\"noopener noreferrer\" target=\"_blank\">cordones&nbsp;<\/a>para poder crear tus collares personalizados.<\/p>\n<p>Agrega estos colgantes a tu oferta y brinda a tus clientes un accesorio diferente y lleno de energ\u00eda positiva.<\/p>\n","protected":false},"excerpt":{"rendered":"<p>Sorprenda a sus clientes con los colgantes con forma de luna de Aroma Sentia Espa\u00f1a, hechos de piedras preciosas.&nbsp; Cada set de 12 vienen con colores variados en forma de luna, perfectos para clientes atra\u00eddos por la energ\u00eda m\u00edstica de la luna&nbsp; La luna ha sido tradicionalmente un s\u00edmbolo de lo femenino, la intuici\u00f3n, la [&hellip;]<\/p>\n","protected":false},"featured_media":420811,"comment_status":"closed","ping_status":"open","template":"","meta":{"_angie_page":false},"product_brand":[],"product_cat":[25215,14528],"product_tag":[],"class_list":{"0":"post-219730","1":"product","2":"type-product","3":"status-publish","4":"has-post-thumbnail","6":"product_cat-collares-y-colgantes","7":"product_cat-joyas-y-accesorios","8":"pa_collection-gemstone-pendants-es","9":"pa_made-in-china","11":"first","12":"instock","13":"purchasable","14":"product-type-simple"},"supplier_id":null,"supplier_sku":"GemPD-20","barcode":null,"atum_controlled":true,"out_stock_date":null,"out_stock_threshold":null,"inheritable":false,"inbound_stock":null,"stock_on_hold":0,"sold_today":0,"sales_last_days":0,"reserved_stock":null,"customer_returns":null,"warehouse_damage":null,"lost_in_post":null,"other_logs":null,"out_stock_days":0,"lost_sales":0,"has_location":null,"update_date":"2026-05-08T05:09:40","atum_locations":[],"atum_stock_status":"instock","restock_status":false,"low_stock_amount":"","sales_update_date":"2025-09-03T00:16:54","calc_backorders":null,"_links":{"self":[{"href":"https:\/\/aromasentia.com\/es\/wp-json\/wp\/v2\/product\/219730","targetHints":{"allow":["GET"]}}],"collection":[{"href":"https:\/\/aromasentia.com\/es\/wp-json\/wp\/v2\/product"}],"about":[{"href":"https:\/\/aromasentia.com\/es\/wp-json\/wp\/v2\/types\/product"}],"replies":[{"embeddable":true,"href":"https:\/\/aromasentia.com\/es\/wp-json\/wp\/v2\/comments?post=219730"}],"version-history":[{"count":0,"href":"https:\/\/aromasentia.com\/es\/wp-json\/wp\/v2\/product\/219730\/revisions"}],"wp:featuredmedia":[{"embeddable":true,"href":"https:\/\/aromasentia.com\/es\/wp-json\/wp\/v2\/media\/420811"}],"wp:attachment":[{"href":"https:\/\/aromasentia.com\/es\/wp-json\/wp\/v2\/media?parent=219730"}],"wp:term":[{"taxonomy":"product_brand","embeddable":true,"href":"https:\/\/aromasentia.com\/es\/wp-json\/wp\/v2\/product_brand?post=219730"},{"taxonomy":"product_cat","embeddable":true,"href":"https:\/\/aromasentia.com\/es\/wp-json\/wp\/v2\/product_cat?post=219730"},{"taxonomy":"product_tag","embeddable":true,"href":"https:\/\/aromasentia.com\/es\/wp-json\/wp\/v2\/product_tag?post=219730"}],"curies":[{"name":"wp","href":"https:\/\/api.w.org\/{rel}","templated":true}]}}