{"id":219726,"date":"2025-03-23T11:06:16","date_gmt":"2025-03-23T11:06:16","guid":{"rendered":"https:\/\/aromasentia.com\/product\/gemstone-mushrooms-pendants-12-assorted-20x15mm\/"},"modified":"2025-12-30T21:01:37","modified_gmt":"2025-12-30T21:01:37","slug":"colgantes-de-champinoness-de-piedras-preciosas-12-surtidos-20x15mm","status":"publish","type":"product","link":"https:\/\/aromasentia.com\/es\/colgantes-de-champinoness-de-piedras-preciosas-12-surtidos-20x15mm\/","title":{"rendered":"Colgantes de Champi\u00f1oness de Piedras Preciosas (12 surtidos) 20x15mm"},"content":{"rendered":"<p>Ad\u00e9ntrate en nuestra exclusiva l\u00ednea de colgantes en forma de champi\u00f1\u00f3n de piedras preciosas, ideales para quienes colgantes divertidos, que aporten equilibrio y protecci\u00f3n.<\/p>\n<p>Cada ser de 12 vienen con colores variados en forma de champi\u00f1\u00f3n. Al a\u00f1adir este producto en tu tienda tus clientes no solo adquirir\u00e1n un accesorio, sino tambi\u00e9n un s\u00edmbolo espiritual para llevar consigo d\u00eda a d\u00eda.&nbsp;<\/p>\n<p><strong>\u00a1Agrega esta pieza \u00fanica a tu inventario y atrae a compradores que buscan un producto que evoque a la naturaleza!&nbsp;<\/strong><\/p>\n","protected":false},"excerpt":{"rendered":"<p>Ad\u00e9ntrate en nuestra exclusiva l\u00ednea de colgantes en forma de champi\u00f1\u00f3n de piedras preciosas, ideales para quienes colgantes divertidos, que aporten equilibrio y protecci\u00f3n. Cada ser de 12 vienen con colores variados en forma de champi\u00f1\u00f3n. Al a\u00f1adir este producto en tu tienda tus clientes no solo adquirir\u00e1n un accesorio, sino tambi\u00e9n un s\u00edmbolo espiritual [&hellip;]<\/p>\n","protected":false},"featured_media":420794,"comment_status":"closed","ping_status":"open","template":"","meta":{"_angie_page":false},"product_brand":[],"product_cat":[25215,14528],"product_tag":[],"class_list":{"0":"post-219726","1":"product","2":"type-product","3":"status-publish","4":"has-post-thumbnail","6":"product_cat-collares-y-colgantes","7":"product_cat-joyas-y-accesorios","8":"pa_collection-gemstone-pendants-es","9":"pa_made-in-china","11":"first","12":"instock","13":"purchasable","14":"product-type-simple"},"supplier_id":null,"supplier_sku":"GemPD-19","barcode":null,"atum_controlled":true,"out_stock_date":null,"out_stock_threshold":null,"inheritable":false,"inbound_stock":null,"stock_on_hold":0,"sold_today":0,"sales_last_days":0,"reserved_stock":null,"customer_returns":null,"warehouse_damage":null,"lost_in_post":null,"other_logs":null,"out_stock_days":0,"lost_sales":0,"has_location":null,"update_date":"2026-05-08T05:09:40","atum_locations":[],"atum_stock_status":"instock","restock_status":false,"low_stock_amount":"","sales_update_date":"2025-09-03T00:16:53","calc_backorders":null,"_links":{"self":[{"href":"https:\/\/aromasentia.com\/es\/wp-json\/wp\/v2\/product\/219726","targetHints":{"allow":["GET"]}}],"collection":[{"href":"https:\/\/aromasentia.com\/es\/wp-json\/wp\/v2\/product"}],"about":[{"href":"https:\/\/aromasentia.com\/es\/wp-json\/wp\/v2\/types\/product"}],"replies":[{"embeddable":true,"href":"https:\/\/aromasentia.com\/es\/wp-json\/wp\/v2\/comments?post=219726"}],"version-history":[{"count":0,"href":"https:\/\/aromasentia.com\/es\/wp-json\/wp\/v2\/product\/219726\/revisions"}],"wp:featuredmedia":[{"embeddable":true,"href":"https:\/\/aromasentia.com\/es\/wp-json\/wp\/v2\/media\/420794"}],"wp:attachment":[{"href":"https:\/\/aromasentia.com\/es\/wp-json\/wp\/v2\/media?parent=219726"}],"wp:term":[{"taxonomy":"product_brand","embeddable":true,"href":"https:\/\/aromasentia.com\/es\/wp-json\/wp\/v2\/product_brand?post=219726"},{"taxonomy":"product_cat","embeddable":true,"href":"https:\/\/aromasentia.com\/es\/wp-json\/wp\/v2\/product_cat?post=219726"},{"taxonomy":"product_tag","embeddable":true,"href":"https:\/\/aromasentia.com\/es\/wp-json\/wp\/v2\/product_tag?post=219726"}],"curies":[{"name":"wp","href":"https:\/\/api.w.org\/{rel}","templated":true}]}}