{"id":219710,"date":"2025-03-23T11:06:16","date_gmt":"2025-03-23T11:06:16","guid":{"rendered":"https:\/\/aromasentia.com\/product\/gemstone-heart-pendants-12-assorted-20x6mm\/"},"modified":"2025-12-30T21:01:37","modified_gmt":"2025-12-30T21:01:37","slug":"colgantes-de-corazones-de-piedras-preciosas-12-surtidos-20x6mm","status":"publish","type":"product","link":"https:\/\/aromasentia.com\/es\/colgantes-de-corazones-de-piedras-preciosas-12-surtidos-20x6mm\/","title":{"rendered":"Colgantes de Corazones de Piedras Preciosas (12 surtidos) 20x6mm"},"content":{"rendered":"<p>AW Aritsan Espa\u00f1a es proveedor de colgantes de piedras preciosas en forma de colgante. Este producto se vende en conjuntos de 12 unidades<\/p>\n<p>Cada set de 12 vienen con colores variados en forma de coraz\u00f3n, perfectos para quienes buscan piezas de joyer\u00eda espirituales y energ\u00e9ticas.&nbsp;<\/p>\n<p>Los colgantes de Aroma Sentia Espa\u00f1a son ideales para ventas en tiendas boutique que deseen ofrecer productos con propiedades energ\u00e9ticas.<\/p>\n<p>&nbsp;\u00a1A\u00f1ade estos colgantes a tu tienda y ofrece a tus clientes un toque m\u00edstico y elegante!<\/p>\n","protected":false},"excerpt":{"rendered":"<p>AW Aritsan Espa\u00f1a es proveedor de colgantes de piedras preciosas en forma de colgante. Este producto se vende en conjuntos de 12 unidades Cada set de 12 vienen con colores variados en forma de coraz\u00f3n, perfectos para quienes buscan piezas de joyer\u00eda espirituales y energ\u00e9ticas.&nbsp; Los colgantes de Aroma Sentia Espa\u00f1a son ideales para ventas [&hellip;]<\/p>\n","protected":false},"featured_media":420718,"comment_status":"closed","ping_status":"open","template":"","meta":{"_angie_page":false},"product_brand":[],"product_cat":[25215,14528],"product_tag":[],"class_list":{"0":"post-219710","1":"product","2":"type-product","3":"status-publish","4":"has-post-thumbnail","6":"product_cat-collares-y-colgantes","7":"product_cat-joyas-y-accesorios","8":"pa_collection-gemstone-pendants-es","9":"pa_made-in-china","11":"first","12":"instock","13":"purchasable","14":"product-type-simple"},"supplier_id":null,"supplier_sku":"GemPD-15","barcode":null,"atum_controlled":true,"out_stock_date":null,"out_stock_threshold":null,"inheritable":false,"inbound_stock":null,"stock_on_hold":0,"sold_today":0,"sales_last_days":0,"reserved_stock":null,"customer_returns":null,"warehouse_damage":null,"lost_in_post":null,"other_logs":null,"out_stock_days":0,"lost_sales":0,"has_location":null,"update_date":"2026-05-08T05:09:40","atum_locations":[],"atum_stock_status":"instock","restock_status":false,"low_stock_amount":"","sales_update_date":"2025-09-03T00:16:52","calc_backorders":null,"_links":{"self":[{"href":"https:\/\/aromasentia.com\/es\/wp-json\/wp\/v2\/product\/219710","targetHints":{"allow":["GET"]}}],"collection":[{"href":"https:\/\/aromasentia.com\/es\/wp-json\/wp\/v2\/product"}],"about":[{"href":"https:\/\/aromasentia.com\/es\/wp-json\/wp\/v2\/types\/product"}],"replies":[{"embeddable":true,"href":"https:\/\/aromasentia.com\/es\/wp-json\/wp\/v2\/comments?post=219710"}],"version-history":[{"count":0,"href":"https:\/\/aromasentia.com\/es\/wp-json\/wp\/v2\/product\/219710\/revisions"}],"wp:featuredmedia":[{"embeddable":true,"href":"https:\/\/aromasentia.com\/es\/wp-json\/wp\/v2\/media\/420718"}],"wp:attachment":[{"href":"https:\/\/aromasentia.com\/es\/wp-json\/wp\/v2\/media?parent=219710"}],"wp:term":[{"taxonomy":"product_brand","embeddable":true,"href":"https:\/\/aromasentia.com\/es\/wp-json\/wp\/v2\/product_brand?post=219710"},{"taxonomy":"product_cat","embeddable":true,"href":"https:\/\/aromasentia.com\/es\/wp-json\/wp\/v2\/product_cat?post=219710"},{"taxonomy":"product_tag","embeddable":true,"href":"https:\/\/aromasentia.com\/es\/wp-json\/wp\/v2\/product_tag?post=219710"}],"curies":[{"name":"wp","href":"https:\/\/api.w.org\/{rel}","templated":true}]}}