{"id":219594,"date":"2025-03-23T11:06:24","date_gmt":"2025-03-23T11:06:24","guid":{"rendered":"https:\/\/aromasentia.com\/product\/gemstone-guardian-angel-pendant-tiger-eye\/"},"modified":"2025-12-30T21:01:15","modified_gmt":"2025-12-30T21:01:15","slug":"colgante-de-angel-de-la-guarda-de-piedras-preciosas-ojo-de-tigre","status":"publish","type":"product","link":"https:\/\/aromasentia.com\/es\/colgante-de-angel-de-la-guarda-de-piedras-preciosas-ojo-de-tigre\/","title":{"rendered":"Colgante de \u00c1ngel de la Guarda de Piedras Preciosas &#8211; Ojo de Tigre"},"content":{"rendered":"<p>El exquisito <strong>Colgante \u00c1ngel de la Guarda de Ojo de Tigre<\/strong> es una pieza de joyer\u00eda cautivadora y espiritualmente significativa que encarna la fuerza, la protecci\u00f3n y la gu\u00eda divina. Este colgante est\u00e1 dise\u00f1ado para aumentar el coraje, aportar equilibrio y proporcionar un sentido de empoderamiento.<\/p>\n<p>El Colgante \u00c1ngel de la Guarda de Piedra Preciosa presenta una gema pulida de Ojo de Tigre en forma de un delicado \u00e1ngel. Conocido por sus propiedades de conexi\u00f3n a tierra y la capacidad de promover la fuerza, el coraje y la confianza. Se cree que proporciona protecci\u00f3n, aumenta la fuerza de voluntad y aporta una sensaci\u00f3n de estabilidad y equilibrio. Este colgante no s\u00f3lo es una joya impresionante, sino que tambi\u00e9n tiene un profundo significado simb\u00f3lico. Sirve como un recordatorio constante de la presencia ang\u00e9lica en nuestras vidas, ofreciendo orientaci\u00f3n y apoyo en los momentos dif\u00edciles.<\/p>\n<p>Este colgante es un accesorio vers\u00e1til que pasa sin esfuerzo del d\u00eda a la noche, por lo que es adecuado para cualquier ocasi\u00f3n.<\/p>\n<p>Viene con una cadena chapada en plata, de aproximadamente 45 cm de largo. Empaquetado en una preciosa tarjeta de cabecera.<\/p>\n<p><em>Los tama\u00f1os y formas de los cristales pueden variar ligeramente ya que cada uno de los colgantes est\u00e1 hecho a mano.<\/em><\/p>\n<p>Sorprende a tus clientes con esta adorable y \u00fanica joya de piedras preciosas, hecha con cari\u00f1o en la India. Adecuado para hombres o mujeres,&nbsp;<\/p>\n<p><strong>Un regalo perfecto para cualquier ocasi\u00f3n. Haga su pedido hoy<\/strong><\/p>\n","protected":false},"excerpt":{"rendered":"<p>El exquisito Colgante \u00c1ngel de la Guarda de Ojo de Tigre es una pieza de joyer\u00eda cautivadora y espiritualmente significativa que encarna la fuerza, la protecci\u00f3n y la gu\u00eda divina. Este colgante est\u00e1 dise\u00f1ado para aumentar el coraje, aportar equilibrio y proporcionar un sentido de empoderamiento. El Colgante \u00c1ngel de la Guarda de Piedra Preciosa [&hellip;]<\/p>\n","protected":false},"featured_media":422202,"comment_status":"closed","ping_status":"open","template":"","meta":{"_angie_page":false},"product_brand":[],"product_cat":[25215,25225,14528,25784],"product_tag":[],"class_list":{"0":"post-219594","1":"product","2":"type-product","3":"status-publish","4":"has-post-thumbnail","6":"product_cat-collares-y-colgantes","7":"product_cat-gemas-y-minerales","8":"product_cat-joyas-y-accesorios","9":"product_cat-ojo-de-tigre","10":"pa_collection-indian-gemstone-pendant-jewellery-es","11":"pa_made-in-india","13":"first","14":"instock","15":"purchasable","16":"product-type-simple"},"supplier_id":null,"supplier_sku":"GPJ-19","barcode":null,"atum_controlled":true,"out_stock_date":null,"out_stock_threshold":null,"inheritable":false,"inbound_stock":null,"stock_on_hold":0,"sold_today":0,"sales_last_days":0,"reserved_stock":null,"customer_returns":null,"warehouse_damage":null,"lost_in_post":null,"other_logs":null,"out_stock_days":0,"lost_sales":0,"has_location":null,"update_date":"2026-04-29T06:53:35","atum_locations":[],"atum_stock_status":"instock","restock_status":false,"low_stock_amount":"","sales_update_date":"2026-01-20T05:13:30","calc_backorders":null,"_links":{"self":[{"href":"https:\/\/aromasentia.com\/es\/wp-json\/wp\/v2\/product\/219594","targetHints":{"allow":["GET"]}}],"collection":[{"href":"https:\/\/aromasentia.com\/es\/wp-json\/wp\/v2\/product"}],"about":[{"href":"https:\/\/aromasentia.com\/es\/wp-json\/wp\/v2\/types\/product"}],"replies":[{"embeddable":true,"href":"https:\/\/aromasentia.com\/es\/wp-json\/wp\/v2\/comments?post=219594"}],"version-history":[{"count":0,"href":"https:\/\/aromasentia.com\/es\/wp-json\/wp\/v2\/product\/219594\/revisions"}],"wp:featuredmedia":[{"embeddable":true,"href":"https:\/\/aromasentia.com\/es\/wp-json\/wp\/v2\/media\/422202"}],"wp:attachment":[{"href":"https:\/\/aromasentia.com\/es\/wp-json\/wp\/v2\/media?parent=219594"}],"wp:term":[{"taxonomy":"product_brand","embeddable":true,"href":"https:\/\/aromasentia.com\/es\/wp-json\/wp\/v2\/product_brand?post=219594"},{"taxonomy":"product_cat","embeddable":true,"href":"https:\/\/aromasentia.com\/es\/wp-json\/wp\/v2\/product_cat?post=219594"},{"taxonomy":"product_tag","embeddable":true,"href":"https:\/\/aromasentia.com\/es\/wp-json\/wp\/v2\/product_tag?post=219594"}],"curies":[{"name":"wp","href":"https:\/\/api.w.org\/{rel}","templated":true}]}}