{"id":219562,"date":"2025-03-23T11:06:24","date_gmt":"2025-03-23T11:06:24","guid":{"rendered":"https:\/\/aromasentia.com\/product\/gemstone-healing-hands-pendant-rock-quartz\/"},"modified":"2025-12-30T21:01:08","modified_gmt":"2025-12-30T21:01:08","slug":"colgante-de-manos-curativas-de-piedras-preciosas-cuarzo-de-roca","status":"publish","type":"product","link":"https:\/\/aromasentia.com\/es\/colgante-de-manos-curativas-de-piedras-preciosas-cuarzo-de-roca\/","title":{"rendered":"Colgante de Manos Curativas de Piedras Preciosas &#8211; Cuarzo de Roca"},"content":{"rendered":"<p>El exquisito <strong>Colgante Manos Curativas de Piedra Preciosa de Cuarzo de Roca<\/strong> es una pieza de joyer\u00eda realmente encantadora que encarna las propiedades curativas y equilibrantes tanto de la piedra preciosa como del s\u00edmbolo que representa. Este colgante est\u00e1 dise\u00f1ado para promover el bienestar y servir como un hermoso recordatorio del poder de la curaci\u00f3n.<\/p>\n<p>El Colgante Manos Curativas de Piedra Preciosa presenta una piedra preciosa de Cuarzo de Roca pulida en forma de esfera. Conocido por su claridad y pureza, se cree que el cuarzo de roca posee propiedades curativas y promueve el flujo de energ\u00eda positiva. Este colgante no s\u00f3lo es una pieza de joyer\u00eda impresionante, sino que tambi\u00e9n tiene un profundo significado simb\u00f3lico. Sirve como un recordatorio del poder curativo que reside dentro de todos nosotros, fomentando un sentido de conexi\u00f3n, empat\u00eda y armon\u00eda interior.<\/p>\n<p>Este colgante es un accesorio vers\u00e1til que transita sin esfuerzo del d\u00eda a la noche, por lo que es adecuado para cualquier ocasi\u00f3n.<\/p>\n<p>Viene con una cadena chapada en plata, de aproximadamente 45 cm de largo. Empaquetado en una preciosa tarjeta de cabecera.<\/p>\n<p><em>Los tama\u00f1os y formas de los cristales pueden variar ligeramente ya que cada uno de los colgantes est\u00e1 hecho a mano.<\/em><\/p>\n<p>Sorprende a tus clientes con esta adorable y \u00fanica joya de piedras preciosas, hecha con cari\u00f1o en la India. Adecuado para hombres o mujeres,&nbsp;<\/p>\n<p><strong>Un regalo perfecto para cualquier ocasi\u00f3n. Haga su pedido hoy<\/strong><\/p>\n","protected":false},"excerpt":{"rendered":"<p>El exquisito Colgante Manos Curativas de Piedra Preciosa de Cuarzo de Roca es una pieza de joyer\u00eda realmente encantadora que encarna las propiedades curativas y equilibrantes tanto de la piedra preciosa como del s\u00edmbolo que representa. Este colgante est\u00e1 dise\u00f1ado para promover el bienestar y servir como un hermoso recordatorio del poder de la curaci\u00f3n. [&hellip;]<\/p>\n","protected":false},"featured_media":421754,"comment_status":"closed","ping_status":"open","template":"","meta":{"_angie_page":false},"product_brand":[],"product_cat":[25215,25733,25225,14528],"product_tag":[],"class_list":{"0":"post-219562","1":"product","2":"type-product","3":"status-publish","4":"has-post-thumbnail","6":"product_cat-collares-y-colgantes","7":"product_cat-cuarzo","8":"product_cat-gemas-y-minerales","9":"product_cat-joyas-y-accesorios","10":"pa_collection-indian-gemstone-pendant-jewellery-es","11":"pa_made-in-india","13":"first","14":"instock","15":"purchasable","16":"product-type-simple"},"supplier_id":null,"supplier_sku":"GPJ-11","barcode":null,"atum_controlled":true,"out_stock_date":null,"out_stock_threshold":null,"inheritable":false,"inbound_stock":null,"stock_on_hold":0,"sold_today":0,"sales_last_days":0,"reserved_stock":null,"customer_returns":null,"warehouse_damage":null,"lost_in_post":null,"other_logs":null,"out_stock_days":0,"lost_sales":0,"has_location":null,"update_date":"2026-05-08T05:09:41","atum_locations":[],"atum_stock_status":"instock","restock_status":false,"low_stock_amount":"","sales_update_date":"2026-01-20T05:14:27","calc_backorders":null,"_links":{"self":[{"href":"https:\/\/aromasentia.com\/es\/wp-json\/wp\/v2\/product\/219562","targetHints":{"allow":["GET"]}}],"collection":[{"href":"https:\/\/aromasentia.com\/es\/wp-json\/wp\/v2\/product"}],"about":[{"href":"https:\/\/aromasentia.com\/es\/wp-json\/wp\/v2\/types\/product"}],"replies":[{"embeddable":true,"href":"https:\/\/aromasentia.com\/es\/wp-json\/wp\/v2\/comments?post=219562"}],"version-history":[{"count":0,"href":"https:\/\/aromasentia.com\/es\/wp-json\/wp\/v2\/product\/219562\/revisions"}],"wp:featuredmedia":[{"embeddable":true,"href":"https:\/\/aromasentia.com\/es\/wp-json\/wp\/v2\/media\/421754"}],"wp:attachment":[{"href":"https:\/\/aromasentia.com\/es\/wp-json\/wp\/v2\/media?parent=219562"}],"wp:term":[{"taxonomy":"product_brand","embeddable":true,"href":"https:\/\/aromasentia.com\/es\/wp-json\/wp\/v2\/product_brand?post=219562"},{"taxonomy":"product_cat","embeddable":true,"href":"https:\/\/aromasentia.com\/es\/wp-json\/wp\/v2\/product_cat?post=219562"},{"taxonomy":"product_tag","embeddable":true,"href":"https:\/\/aromasentia.com\/es\/wp-json\/wp\/v2\/product_tag?post=219562"}],"curies":[{"name":"wp","href":"https:\/\/api.w.org\/{rel}","templated":true}]}}