{"id":219554,"date":"2025-03-23T11:06:24","date_gmt":"2025-03-23T11:06:24","guid":{"rendered":"https:\/\/aromasentia.com\/product\/gemstone-flat-pencil-pendant-tiger-eye\/"},"modified":"2025-12-30T21:01:08","modified_gmt":"2025-12-30T21:01:08","slug":"colgante-plano-de-piedras-preciosas-ojo-de-tigre","status":"publish","type":"product","link":"https:\/\/aromasentia.com\/es\/colgante-plano-de-piedras-preciosas-ojo-de-tigre\/","title":{"rendered":"Colgante Plano de Piedras Preciosas &#8211; Ojo de Tigre"},"content":{"rendered":"<p>El exquisito <strong>Colgante L\u00e1piz Plano de Piedra Preciosa en Ojo de Tigre<\/strong> es una llamativa pieza de joyer\u00eda que muestra la cautivadora belleza y fuerza de la naturaleza. Este colgante est\u00e1 dise\u00f1ado para hacer una declaraci\u00f3n audaz y a\u00f1adir un elemento de confianza y coraje a cualquier conjunto.<\/p>\n<p>El Colgante L\u00e1piz Plano de Gema presenta una gema pulida de Ojo de Tigre en una elegante y esbelta forma de l\u00e1piz. Con sus tonos dorados y marrones, Ojo de Tigre es conocido por su chatoyancy \u00fanico, o &quot;cat&#39;s eye&quot; efecto, que da a la piedra una notable profundidad y brillo. S\u00edmbolo de poder, protecci\u00f3n y claridad, se cree que el ojo de tigre mejora la concentraci\u00f3n, el coraje y la fuerza interior. Este colgante es un accesorio vers\u00e1til que sin esfuerzo transiciones del d\u00eda a la noche, por lo que es adecuado para cualquier ocasi\u00f3n.<\/p>\n<p>Viene con una cadena plateada, de aproximadamente 45 cm de largo. Empaquetado en una preciosa tarjeta de cabecera.<\/p>\n<p><em>Los tama\u00f1os y formas de los cristales pueden variar ligeramente ya que cada uno de los colgantes est\u00e1 hecho a mano.<\/em><\/p>\n<p>Sorprende a tus clientes con esta adorable y \u00fanica joya de piedras preciosas, hecha con cari\u00f1o en la India. Adecuado para hombres o mujeres,&nbsp;<\/p>\n<p><strong>Un regalo perfecto para cualquier ocasi\u00f3n. Haga su pedido hoy<\/strong><\/p>\n","protected":false},"excerpt":{"rendered":"<p>El exquisito Colgante L\u00e1piz Plano de Piedra Preciosa en Ojo de Tigre es una llamativa pieza de joyer\u00eda que muestra la cautivadora belleza y fuerza de la naturaleza. Este colgante est\u00e1 dise\u00f1ado para hacer una declaraci\u00f3n audaz y a\u00f1adir un elemento de confianza y coraje a cualquier conjunto. El Colgante L\u00e1piz Plano de Gema presenta [&hellip;]<\/p>\n","protected":false},"featured_media":421656,"comment_status":"closed","ping_status":"open","template":"","meta":{"_angie_page":false},"product_brand":[],"product_cat":[25215,25225,14528,25784],"product_tag":[],"class_list":{"0":"post-219554","1":"product","2":"type-product","3":"status-publish","4":"has-post-thumbnail","6":"product_cat-collares-y-colgantes","7":"product_cat-gemas-y-minerales","8":"product_cat-joyas-y-accesorios","9":"product_cat-ojo-de-tigre","10":"pa_collection-indian-gemstone-pendant-jewellery-es","11":"pa_made-in-india","13":"first","14":"instock","15":"purchasable","16":"product-type-simple"},"supplier_id":null,"supplier_sku":"GPJ-09","barcode":null,"atum_controlled":true,"out_stock_date":null,"out_stock_threshold":null,"inheritable":false,"inbound_stock":null,"stock_on_hold":0,"sold_today":0,"sales_last_days":0,"reserved_stock":null,"customer_returns":null,"warehouse_damage":null,"lost_in_post":null,"other_logs":null,"out_stock_days":0,"lost_sales":0,"has_location":null,"update_date":"2026-04-27T07:06:06","atum_locations":[],"atum_stock_status":"instock","restock_status":false,"low_stock_amount":"","sales_update_date":"2026-01-30T01:24:51","calc_backorders":null,"_links":{"self":[{"href":"https:\/\/aromasentia.com\/es\/wp-json\/wp\/v2\/product\/219554","targetHints":{"allow":["GET"]}}],"collection":[{"href":"https:\/\/aromasentia.com\/es\/wp-json\/wp\/v2\/product"}],"about":[{"href":"https:\/\/aromasentia.com\/es\/wp-json\/wp\/v2\/types\/product"}],"replies":[{"embeddable":true,"href":"https:\/\/aromasentia.com\/es\/wp-json\/wp\/v2\/comments?post=219554"}],"version-history":[{"count":0,"href":"https:\/\/aromasentia.com\/es\/wp-json\/wp\/v2\/product\/219554\/revisions"}],"wp:featuredmedia":[{"embeddable":true,"href":"https:\/\/aromasentia.com\/es\/wp-json\/wp\/v2\/media\/421656"}],"wp:attachment":[{"href":"https:\/\/aromasentia.com\/es\/wp-json\/wp\/v2\/media?parent=219554"}],"wp:term":[{"taxonomy":"product_brand","embeddable":true,"href":"https:\/\/aromasentia.com\/es\/wp-json\/wp\/v2\/product_brand?post=219554"},{"taxonomy":"product_cat","embeddable":true,"href":"https:\/\/aromasentia.com\/es\/wp-json\/wp\/v2\/product_cat?post=219554"},{"taxonomy":"product_tag","embeddable":true,"href":"https:\/\/aromasentia.com\/es\/wp-json\/wp\/v2\/product_tag?post=219554"}],"curies":[{"name":"wp","href":"https:\/\/api.w.org\/{rel}","templated":true}]}}