{"id":219474,"date":"2025-03-23T11:06:24","date_gmt":"2025-03-23T11:06:24","guid":{"rendered":"https:\/\/aromasentia.com\/product\/bottled-gemstones-necklace-black-onyx\/"},"modified":"2025-12-30T21:00:53","modified_gmt":"2025-12-30T21:00:53","slug":"collar-de-piedras-preciosas-en-botella-onix-negro","status":"publish","type":"product","link":"https:\/\/aromasentia.com\/es\/collar-de-piedras-preciosas-en-botella-onix-negro\/","title":{"rendered":"Collar de Piedras Preciosas en Botella &#8211; Onix Negro"},"content":{"rendered":"<p><strong>\u00bfTus clientes quieren llevar siempre consigo una piedra preciosa?<\/strong> \u00a1Que mejor opci\u00f3n que los collares de piedras preciosas de <span style=\"color: rgb(147, 101, 184);\"><strong>Aroma Sentia Espa\u00f1a<\/strong><\/span> que vienen embotelladas y sus clientes siempre podr\u00e1n llevarlo consigo!<\/p>\n<p>La piedra <strong>\u00f3nix negro<\/strong> es considerada una piedra de protecci\u00f3n, se cree que puede absorber y transformar las energ\u00edas negativas. Se suele asociar a la fuerza y ayuda a tener m\u00e1s determinaci\u00f3n. Es una de las piedras que se asocian al chakra raiz o base. <\/p>\n<p>\u00a1Maraville a sus clientes con los collares de piedras preciosas embotelladas!<\/p>\n<p><strong>Longitud de la cadena: aprox. 50cm &nbsp;<\/strong><\/p>\n","protected":false},"excerpt":{"rendered":"<p>\u00bfTus clientes quieren llevar siempre consigo una piedra preciosa? \u00a1Que mejor opci\u00f3n que los collares de piedras preciosas de Aroma Sentia Espa\u00f1a que vienen embotelladas y sus clientes siempre podr\u00e1n llevarlo consigo! La piedra \u00f3nix negro es considerada una piedra de protecci\u00f3n, se cree que puede absorber y transformar las energ\u00edas negativas. Se suele asociar [&hellip;]<\/p>\n","protected":false},"featured_media":422694,"comment_status":"closed","ping_status":"open","template":"","meta":{"_angie_page":false},"product_brand":[],"product_cat":[25215,25225,14528,25699],"product_tag":[],"class_list":{"0":"post-219474","1":"product","2":"type-product","3":"status-publish","4":"has-post-thumbnail","6":"product_cat-collares-y-colgantes","7":"product_cat-gemas-y-minerales","8":"product_cat-joyas-y-accesorios","9":"product_cat-onice","10":"pa_collection-indian-gemstone-necklaces-es","11":"pa_made-in-india","13":"first","14":"instock","15":"purchasable","16":"product-type-simple"},"supplier_id":null,"supplier_sku":"IGJ-19","barcode":null,"atum_controlled":true,"out_stock_date":null,"out_stock_threshold":null,"inheritable":false,"inbound_stock":null,"stock_on_hold":0,"sold_today":0,"sales_last_days":0,"reserved_stock":null,"customer_returns":null,"warehouse_damage":null,"lost_in_post":null,"other_logs":null,"out_stock_days":0,"lost_sales":0,"has_location":null,"update_date":"2026-04-27T07:08:45","atum_locations":[],"atum_stock_status":"instock","restock_status":false,"low_stock_amount":"","sales_update_date":"2026-01-30T01:25:44","calc_backorders":null,"_links":{"self":[{"href":"https:\/\/aromasentia.com\/es\/wp-json\/wp\/v2\/product\/219474","targetHints":{"allow":["GET"]}}],"collection":[{"href":"https:\/\/aromasentia.com\/es\/wp-json\/wp\/v2\/product"}],"about":[{"href":"https:\/\/aromasentia.com\/es\/wp-json\/wp\/v2\/types\/product"}],"replies":[{"embeddable":true,"href":"https:\/\/aromasentia.com\/es\/wp-json\/wp\/v2\/comments?post=219474"}],"version-history":[{"count":0,"href":"https:\/\/aromasentia.com\/es\/wp-json\/wp\/v2\/product\/219474\/revisions"}],"wp:featuredmedia":[{"embeddable":true,"href":"https:\/\/aromasentia.com\/es\/wp-json\/wp\/v2\/media\/422694"}],"wp:attachment":[{"href":"https:\/\/aromasentia.com\/es\/wp-json\/wp\/v2\/media?parent=219474"}],"wp:term":[{"taxonomy":"product_brand","embeddable":true,"href":"https:\/\/aromasentia.com\/es\/wp-json\/wp\/v2\/product_brand?post=219474"},{"taxonomy":"product_cat","embeddable":true,"href":"https:\/\/aromasentia.com\/es\/wp-json\/wp\/v2\/product_cat?post=219474"},{"taxonomy":"product_tag","embeddable":true,"href":"https:\/\/aromasentia.com\/es\/wp-json\/wp\/v2\/product_tag?post=219474"}],"curies":[{"name":"wp","href":"https:\/\/api.w.org\/{rel}","templated":true}]}}