{"id":219462,"date":"2025-03-23T11:06:24","date_gmt":"2025-03-23T11:06:24","guid":{"rendered":"https:\/\/aromasentia.com\/product\/bottled-gemstones-necklace-rose-quartz\/"},"modified":"2025-12-30T21:00:53","modified_gmt":"2025-12-30T21:00:53","slug":"collar-de-piedras-preciosas-en-botella-cuarzo-rosa","status":"publish","type":"product","link":"https:\/\/aromasentia.com\/es\/collar-de-piedras-preciosas-en-botella-cuarzo-rosa\/","title":{"rendered":"Collar de Piedras Preciosas en Botella &#8211; Cuarzo Rosa"},"content":{"rendered":"<p><strong>\u00bfTus clientes quieren llevar siempre consigo una piedra preciosa?&nbsp;<\/strong>\u00a1Que mejor opci\u00f3n que los collares de piedras preciosas de <strong><span style=\"color: rgb(147, 101, 184);\">Aroma Sentia Espa\u00f1a<\/span><\/strong> que vienen embotelladas y sus clientes siempre podr\u00e1n llevarlo consigo!<\/p>\n<p>El <strong>cuarzo rosa<\/strong> es com\u00fanmente conocida por ser la piedra del amor. Se tiene la creencia que emite energ\u00edas suaves y calmantes, promoviendo el amor en general (amor de pareja, amor de amistad y de relaciones) Tambi\u00e9n se le suele asociar como el chakra del coraz\u00f3n.<\/p>\n<p>\u00a1Maraville a sus clientes con los collares de piedras preciosas embotelladas!<\/p>\n<p><strong>Longitud de la cadena: aprox. 50cm &nbsp;<\/strong><\/p>\n","protected":false},"excerpt":{"rendered":"<p>\u00bfTus clientes quieren llevar siempre consigo una piedra preciosa?&nbsp;\u00a1Que mejor opci\u00f3n que los collares de piedras preciosas de Aroma Sentia Espa\u00f1a que vienen embotelladas y sus clientes siempre podr\u00e1n llevarlo consigo! El cuarzo rosa es com\u00fanmente conocida por ser la piedra del amor. Se tiene la creencia que emite energ\u00edas suaves y calmantes, promoviendo el [&hellip;]<\/p>\n","protected":false},"featured_media":422619,"comment_status":"closed","ping_status":"open","template":"","meta":{"_angie_page":false},"product_brand":[],"product_cat":[25215,25733,25748,25225,14528],"product_tag":[],"class_list":{"0":"post-219462","1":"product","2":"type-product","3":"status-publish","4":"has-post-thumbnail","6":"product_cat-collares-y-colgantes","7":"product_cat-cuarzo","8":"product_cat-cuarzo-rosa","9":"product_cat-gemas-y-minerales","10":"product_cat-joyas-y-accesorios","11":"pa_collection-indian-gemstone-necklaces-es","12":"pa_made-in-india","14":"first","15":"instock","16":"purchasable","17":"product-type-simple"},"supplier_id":null,"supplier_sku":"IGJ-16","barcode":null,"atum_controlled":true,"out_stock_date":null,"out_stock_threshold":null,"inheritable":false,"inbound_stock":null,"stock_on_hold":0,"sold_today":0,"sales_last_days":0,"reserved_stock":null,"customer_returns":null,"warehouse_damage":null,"lost_in_post":null,"other_logs":null,"out_stock_days":0,"lost_sales":0,"has_location":null,"update_date":"2026-04-27T07:08:45","atum_locations":[],"atum_stock_status":"instock","restock_status":false,"low_stock_amount":"","sales_update_date":"2026-01-30T01:26:20","calc_backorders":null,"_links":{"self":[{"href":"https:\/\/aromasentia.com\/es\/wp-json\/wp\/v2\/product\/219462","targetHints":{"allow":["GET"]}}],"collection":[{"href":"https:\/\/aromasentia.com\/es\/wp-json\/wp\/v2\/product"}],"about":[{"href":"https:\/\/aromasentia.com\/es\/wp-json\/wp\/v2\/types\/product"}],"replies":[{"embeddable":true,"href":"https:\/\/aromasentia.com\/es\/wp-json\/wp\/v2\/comments?post=219462"}],"version-history":[{"count":0,"href":"https:\/\/aromasentia.com\/es\/wp-json\/wp\/v2\/product\/219462\/revisions"}],"wp:featuredmedia":[{"embeddable":true,"href":"https:\/\/aromasentia.com\/es\/wp-json\/wp\/v2\/media\/422619"}],"wp:attachment":[{"href":"https:\/\/aromasentia.com\/es\/wp-json\/wp\/v2\/media?parent=219462"}],"wp:term":[{"taxonomy":"product_brand","embeddable":true,"href":"https:\/\/aromasentia.com\/es\/wp-json\/wp\/v2\/product_brand?post=219462"},{"taxonomy":"product_cat","embeddable":true,"href":"https:\/\/aromasentia.com\/es\/wp-json\/wp\/v2\/product_cat?post=219462"},{"taxonomy":"product_tag","embeddable":true,"href":"https:\/\/aromasentia.com\/es\/wp-json\/wp\/v2\/product_tag?post=219462"}],"curies":[{"name":"wp","href":"https:\/\/api.w.org\/{rel}","templated":true}]}}