{"id":219442,"date":"2025-03-23T11:06:24","date_gmt":"2025-03-23T11:06:24","guid":{"rendered":"https:\/\/aromasentia.com\/product\/cascade-wrapped-gemstone-necklace-rough-rose-quartz\/"},"modified":"2025-12-30T21:00:46","modified_gmt":"2025-12-30T21:00:46","slug":"collar-de-piedras-preciosas-en-forma-de-cascada-cuarzo-rosa-en-bruto","status":"publish","type":"product","link":"https:\/\/aromasentia.com\/es\/collar-de-piedras-preciosas-en-forma-de-cascada-cuarzo-rosa-en-bruto\/","title":{"rendered":"Collar de Piedras Preciosas en forma de Cascada &#8211; Cuarzo Rosa en bruto"},"content":{"rendered":"<p>Los collares de <span style=\"color: rgb(147, 101, 184);\"><strong>Aroma Sentia Espa\u00f1a<\/strong><\/span><strong>&nbsp;<\/strong>sorprender\u00e1 a sus clientes m\u00e1s m\u00edsticos. Su dise\u00f1o en cascada aporta un toque elegante que se diferenciar\u00e1 del resto.&nbsp;<\/p>\n<p>El <strong>cuarzo rosa<\/strong> es com\u00fanmente conocida por ser la piedra del amor. Se tiene la creencia que emite energ\u00edas suaves y calmantes, promoviendo el amor en general (amor de pareja, amor de amistad y de relaciones) Tambi\u00e9n se le suele asociar como el chakra del coraz\u00f3n. <\/p>\n<p>Exponga junto a sus otros collares o en <a href=\"https:\/\/aromasentia.com\/natjd\" rel=\"noopener noreferrer\" target=\"_blank\">expositores <\/a>c\u00f3mo quedar\u00edan los preciosos collares de<strong><span style=\"color: rgb(147, 101, 184);\">&nbsp;Aroma Sentia Espa\u00f1a<\/span><\/strong>, seguro que les gustar\u00e1 el dise\u00f1o minimalista y el poder de la amatista.&nbsp;<\/p>\n","protected":false},"excerpt":{"rendered":"<p>Los collares de Aroma Sentia Espa\u00f1a&nbsp;sorprender\u00e1 a sus clientes m\u00e1s m\u00edsticos. Su dise\u00f1o en cascada aporta un toque elegante que se diferenciar\u00e1 del resto.&nbsp; El cuarzo rosa es com\u00fanmente conocida por ser la piedra del amor. Se tiene la creencia que emite energ\u00edas suaves y calmantes, promoviendo el amor en general (amor de pareja, amor [&hellip;]<\/p>\n","protected":false},"featured_media":422526,"comment_status":"closed","ping_status":"open","template":"","meta":[],"product_brand":[],"product_cat":[25215,25733,25748,25225,14528],"product_tag":[],"class_list":{"0":"post-219442","1":"product","2":"type-product","3":"status-publish","4":"has-post-thumbnail","6":"product_cat-collares-y-colgantes","7":"product_cat-cuarzo","8":"product_cat-cuarzo-rosa","9":"product_cat-gemas-y-minerales","10":"product_cat-joyas-y-accesorios","11":"pa_collection-indian-gemstone-necklaces-es","12":"pa_made-in-india","14":"first","15":"instock","16":"purchasable","17":"product-type-simple"},"supplier_id":null,"supplier_sku":"IGJ-11","barcode":null,"atum_controlled":true,"out_stock_date":null,"out_stock_threshold":null,"inheritable":false,"inbound_stock":null,"stock_on_hold":0,"sold_today":0,"sales_last_days":0,"reserved_stock":null,"customer_returns":null,"warehouse_damage":null,"lost_in_post":null,"other_logs":null,"out_stock_days":0,"lost_sales":0,"has_location":null,"update_date":"2026-02-09T10:20:17","atum_locations":[],"atum_stock_status":"instock","restock_status":false,"low_stock_amount":"","sales_update_date":"2026-01-20T05:14:29","calc_backorders":null,"_links":{"self":[{"href":"https:\/\/aromasentia.com\/es\/wp-json\/wp\/v2\/product\/219442","targetHints":{"allow":["GET"]}}],"collection":[{"href":"https:\/\/aromasentia.com\/es\/wp-json\/wp\/v2\/product"}],"about":[{"href":"https:\/\/aromasentia.com\/es\/wp-json\/wp\/v2\/types\/product"}],"replies":[{"embeddable":true,"href":"https:\/\/aromasentia.com\/es\/wp-json\/wp\/v2\/comments?post=219442"}],"version-history":[{"count":0,"href":"https:\/\/aromasentia.com\/es\/wp-json\/wp\/v2\/product\/219442\/revisions"}],"wp:featuredmedia":[{"embeddable":true,"href":"https:\/\/aromasentia.com\/es\/wp-json\/wp\/v2\/media\/422526"}],"wp:attachment":[{"href":"https:\/\/aromasentia.com\/es\/wp-json\/wp\/v2\/media?parent=219442"}],"wp:term":[{"taxonomy":"product_brand","embeddable":true,"href":"https:\/\/aromasentia.com\/es\/wp-json\/wp\/v2\/product_brand?post=219442"},{"taxonomy":"product_cat","embeddable":true,"href":"https:\/\/aromasentia.com\/es\/wp-json\/wp\/v2\/product_cat?post=219442"},{"taxonomy":"product_tag","embeddable":true,"href":"https:\/\/aromasentia.com\/es\/wp-json\/wp\/v2\/product_tag?post=219442"}],"curies":[{"name":"wp","href":"https:\/\/api.w.org\/{rel}","templated":true}]}}