{"id":219438,"date":"2025-03-23T11:06:24","date_gmt":"2025-03-23T11:06:24","guid":{"rendered":"https:\/\/aromasentia.com\/product\/swirl-wrapped-gemstone-necklace-opalite\/"},"modified":"2025-12-30T21:00:46","modified_gmt":"2025-12-30T21:00:46","slug":"collar-de-piedras-preciosas-en-remolino-opalita","status":"publish","type":"product","link":"https:\/\/aromasentia.com\/es\/collar-de-piedras-preciosas-en-remolino-opalita\/","title":{"rendered":"Collar de Piedras Preciosas en Remolino &#8211; Opalita"},"content":{"rendered":"<p>Deleite a sus clientes con los collares en remolino de<strong>&nbsp;Aroma Sentia Espa\u00f1a<\/strong>. Muchos clientes a parte de gustarle dise\u00f1os nuevos e innovadores tambi\u00e9n les encantan las propiedades de las piedras. A si que exhiba los collares de piedras preciosas.&nbsp;<\/p>\n<p>La <strong>opalita <\/strong>es considerada una piedra que ayuda a tranquilar la mente y el esp\u00edritu. Se tiene la creencia que equilibra el chakra del tercer ojo, aportando calidez y positividad.&nbsp;<\/p>\n<p>Revenda en su tienda estos preciosos collares y cu\u00e9nteles a sus clientes las propiedades de la pierdas, para que siempre lo lleven consigo.&nbsp;<\/p>\n<p><strong>Longitud de la cadena: aprox. 50cm<\/strong><\/p>\n","protected":false},"excerpt":{"rendered":"<p>Deleite a sus clientes con los collares en remolino de&nbsp;Aroma Sentia Espa\u00f1a. Muchos clientes a parte de gustarle dise\u00f1os nuevos e innovadores tambi\u00e9n les encantan las propiedades de las piedras. A si que exhiba los collares de piedras preciosas.&nbsp; La opalita es considerada una piedra que ayuda a tranquilar la mente y el esp\u00edritu. Se [&hellip;]<\/p>\n","protected":false},"featured_media":422509,"comment_status":"closed","ping_status":"open","template":"","meta":{"_angie_page":false},"product_brand":[],"product_cat":[25215,25225,14528,25710],"product_tag":[],"class_list":{"0":"post-219438","1":"product","2":"type-product","3":"status-publish","4":"has-post-thumbnail","6":"product_cat-collares-y-colgantes","7":"product_cat-gemas-y-minerales","8":"product_cat-joyas-y-accesorios","9":"product_cat-opalita","10":"pa_collection-indian-gemstone-necklaces-es","11":"pa_made-in-india","13":"first","14":"instock","15":"purchasable","16":"product-type-simple"},"supplier_id":null,"supplier_sku":"IGJ-10","barcode":null,"atum_controlled":true,"out_stock_date":null,"out_stock_threshold":null,"inheritable":false,"inbound_stock":null,"stock_on_hold":0,"sold_today":0,"sales_last_days":0,"reserved_stock":null,"customer_returns":null,"warehouse_damage":null,"lost_in_post":null,"other_logs":null,"out_stock_days":0,"lost_sales":0,"has_location":null,"update_date":"2026-04-27T19:08:53","atum_locations":[],"atum_stock_status":"instock","restock_status":false,"low_stock_amount":"","sales_update_date":"2026-02-06T00:02:16","calc_backorders":null,"_links":{"self":[{"href":"https:\/\/aromasentia.com\/es\/wp-json\/wp\/v2\/product\/219438","targetHints":{"allow":["GET"]}}],"collection":[{"href":"https:\/\/aromasentia.com\/es\/wp-json\/wp\/v2\/product"}],"about":[{"href":"https:\/\/aromasentia.com\/es\/wp-json\/wp\/v2\/types\/product"}],"replies":[{"embeddable":true,"href":"https:\/\/aromasentia.com\/es\/wp-json\/wp\/v2\/comments?post=219438"}],"version-history":[{"count":0,"href":"https:\/\/aromasentia.com\/es\/wp-json\/wp\/v2\/product\/219438\/revisions"}],"wp:featuredmedia":[{"embeddable":true,"href":"https:\/\/aromasentia.com\/es\/wp-json\/wp\/v2\/media\/422509"}],"wp:attachment":[{"href":"https:\/\/aromasentia.com\/es\/wp-json\/wp\/v2\/media?parent=219438"}],"wp:term":[{"taxonomy":"product_brand","embeddable":true,"href":"https:\/\/aromasentia.com\/es\/wp-json\/wp\/v2\/product_brand?post=219438"},{"taxonomy":"product_cat","embeddable":true,"href":"https:\/\/aromasentia.com\/es\/wp-json\/wp\/v2\/product_cat?post=219438"},{"taxonomy":"product_tag","embeddable":true,"href":"https:\/\/aromasentia.com\/es\/wp-json\/wp\/v2\/product_tag?post=219438"}],"curies":[{"name":"wp","href":"https:\/\/api.w.org\/{rel}","templated":true}]}}