{"id":219418,"date":"2025-03-23T11:06:24","date_gmt":"2025-03-23T11:06:24","guid":{"rendered":"https:\/\/aromasentia.com\/product\/tree-of-life-gemstone-necklace-opalite\/"},"modified":"2025-12-30T21:00:39","modified_gmt":"2025-12-30T21:00:39","slug":"collar-de-piedras-preciosas-del-arbol-de-la-vida-opalita","status":"publish","type":"product","link":"https:\/\/aromasentia.com\/es\/collar-de-piedras-preciosas-del-arbol-de-la-vida-opalita\/","title":{"rendered":"Collar de Piedras Preciosas del Arbol de la vida &#8211; Opalita"},"content":{"rendered":"<p>Deleite a sus clientes con los collares con forma de \u00e1rbol de la vida, de <strong>Aroma Sentia Espa\u00f1a<\/strong>. Muchos clientes a parte de gustarle dise\u00f1os nuevos e innovadores tambi\u00e9n les encantan las <strong>propiedades&nbsp;<\/strong>de las piedras. A si que exhiba los collares de piedras preciosas.&nbsp;<\/p>\n<p>La <strong>opalita&nbsp;<\/strong>es considerada una piedra que ayuda a tranquilar la mente y el esp\u00edritu. Se tiene la creencia que equilibra el chakra del tercer ojo, aportando calidez y positividad. <\/p>\n<p>El \u00e1rbol de la vida tiene diferentes interpretaciones o significado dependiendo de la zona, pero com\u00fanmente hace referencia a la conexi\u00f3n entre el cielo (lo divino) con la tierra (las ra\u00edces).<\/p>\n<p><strong>Longitud de la cadena: aprox. 50cm<\/strong><\/p>\n","protected":false},"excerpt":{"rendered":"<p>Deleite a sus clientes con los collares con forma de \u00e1rbol de la vida, de Aroma Sentia Espa\u00f1a. Muchos clientes a parte de gustarle dise\u00f1os nuevos e innovadores tambi\u00e9n les encantan las propiedades&nbsp;de las piedras. A si que exhiba los collares de piedras preciosas.&nbsp; La opalita&nbsp;es considerada una piedra que ayuda a tranquilar la mente [&hellip;]<\/p>\n","protected":false},"featured_media":422416,"comment_status":"closed","ping_status":"open","template":"","meta":{"_angie_page":false},"product_brand":[],"product_cat":[25215,25225,14528,25710],"product_tag":[],"class_list":{"0":"post-219418","1":"product","2":"type-product","3":"status-publish","4":"has-post-thumbnail","6":"product_cat-collares-y-colgantes","7":"product_cat-gemas-y-minerales","8":"product_cat-joyas-y-accesorios","9":"product_cat-opalita","10":"pa_collection-indian-gemstone-necklaces-es","11":"pa_made-in-india","13":"first","14":"instock","15":"purchasable","16":"product-type-simple"},"supplier_id":null,"supplier_sku":"IGJ-05","barcode":null,"atum_controlled":true,"out_stock_date":null,"out_stock_threshold":null,"inheritable":false,"inbound_stock":null,"stock_on_hold":0,"sold_today":0,"sales_last_days":0,"reserved_stock":null,"customer_returns":null,"warehouse_damage":null,"lost_in_post":null,"other_logs":null,"out_stock_days":0,"lost_sales":0,"has_location":null,"update_date":"2026-04-30T01:02:25","atum_locations":[],"atum_stock_status":"instock","restock_status":false,"low_stock_amount":"","sales_update_date":"2025-09-03T00:16:38","calc_backorders":null,"_links":{"self":[{"href":"https:\/\/aromasentia.com\/es\/wp-json\/wp\/v2\/product\/219418","targetHints":{"allow":["GET"]}}],"collection":[{"href":"https:\/\/aromasentia.com\/es\/wp-json\/wp\/v2\/product"}],"about":[{"href":"https:\/\/aromasentia.com\/es\/wp-json\/wp\/v2\/types\/product"}],"replies":[{"embeddable":true,"href":"https:\/\/aromasentia.com\/es\/wp-json\/wp\/v2\/comments?post=219418"}],"version-history":[{"count":0,"href":"https:\/\/aromasentia.com\/es\/wp-json\/wp\/v2\/product\/219418\/revisions"}],"wp:featuredmedia":[{"embeddable":true,"href":"https:\/\/aromasentia.com\/es\/wp-json\/wp\/v2\/media\/422416"}],"wp:attachment":[{"href":"https:\/\/aromasentia.com\/es\/wp-json\/wp\/v2\/media?parent=219418"}],"wp:term":[{"taxonomy":"product_brand","embeddable":true,"href":"https:\/\/aromasentia.com\/es\/wp-json\/wp\/v2\/product_brand?post=219418"},{"taxonomy":"product_cat","embeddable":true,"href":"https:\/\/aromasentia.com\/es\/wp-json\/wp\/v2\/product_cat?post=219418"},{"taxonomy":"product_tag","embeddable":true,"href":"https:\/\/aromasentia.com\/es\/wp-json\/wp\/v2\/product_tag?post=219418"}],"curies":[{"name":"wp","href":"https:\/\/api.w.org\/{rel}","templated":true}]}}