{"id":219410,"date":"2025-03-23T11:06:24","date_gmt":"2025-03-23T11:06:24","guid":{"rendered":"https:\/\/aromasentia.com\/product\/tree-of-life-gemstone-necklace-amethyst\/"},"modified":"2025-12-30T21:00:39","modified_gmt":"2025-12-30T21:00:39","slug":"collar-de-piedras-preciosas-del-arbol-de-la-vida-amatista","status":"publish","type":"product","link":"https:\/\/aromasentia.com\/es\/collar-de-piedras-preciosas-del-arbol-de-la-vida-amatista\/","title":{"rendered":"Collar de Piedras Preciosas del Arbol de la vida &#8211; Amatista"},"content":{"rendered":"<p>Deleite a sus clientes con los collares con forma de \u00e1rbol de la vida, de <strong>Aroma Sentia Espa\u00f1a<\/strong>. Muchos clientes a parte de gustarle dise\u00f1os nuevos e innovadores tambi\u00e9n les encantan las <strong>propiedades&nbsp;<\/strong>de las piedras. A si que exhiba los collares de piedras preciosas. <\/p>\n<p>La <strong>amatista <\/strong>se considera una piedra de purificaci\u00f3n y protecci\u00f3n. Se suele asociar a la paz y equilibrio emocional. Adem\u00e1s, se suele asociar al chakra del tercer ojo y se cree que tiene propiedades calmantes y curativas.&nbsp;<\/p>\n<p>El \u00e1rbol de la vida tiene diferentes interpretaciones o significado dependiendo de la zona, pero com\u00fanmente hace referencia a la conexi\u00f3n entre el cielo (lo divino) con la tierra (las ra\u00edces).<\/p>\n<p><strong>Longitud de la cadena: aprox. 50cm<\/strong><\/p>\n","protected":false},"excerpt":{"rendered":"<p>Deleite a sus clientes con los collares con forma de \u00e1rbol de la vida, de Aroma Sentia Espa\u00f1a. Muchos clientes a parte de gustarle dise\u00f1os nuevos e innovadores tambi\u00e9n les encantan las propiedades&nbsp;de las piedras. A si que exhiba los collares de piedras preciosas. La amatista se considera una piedra de purificaci\u00f3n y protecci\u00f3n. Se [&hellip;]<\/p>\n","protected":false},"featured_media":422366,"comment_status":"closed","ping_status":"open","template":"","meta":[],"product_brand":[],"product_cat":[25549,25215,25225,14528],"product_tag":[],"class_list":{"0":"post-219410","1":"product","2":"type-product","3":"status-publish","4":"has-post-thumbnail","6":"product_cat-amatista","7":"product_cat-collares-y-colgantes","8":"product_cat-gemas-y-minerales","9":"product_cat-joyas-y-accesorios","10":"pa_collection-indian-gemstone-necklaces-es","11":"pa_made-in-india","13":"first","14":"instock","15":"purchasable","16":"product-type-simple"},"supplier_id":null,"supplier_sku":"IGJ-03","barcode":null,"atum_controlled":true,"out_stock_date":null,"out_stock_threshold":null,"inheritable":false,"inbound_stock":null,"stock_on_hold":0,"sold_today":0,"sales_last_days":0,"reserved_stock":null,"customer_returns":null,"warehouse_damage":null,"lost_in_post":null,"other_logs":null,"out_stock_days":0,"lost_sales":0,"has_location":null,"update_date":"2026-01-30T13:08:52","atum_locations":[],"atum_stock_status":"instock","restock_status":false,"low_stock_amount":"","sales_update_date":"2025-09-03T00:16:37","calc_backorders":null,"_links":{"self":[{"href":"https:\/\/aromasentia.com\/es\/wp-json\/wp\/v2\/product\/219410","targetHints":{"allow":["GET"]}}],"collection":[{"href":"https:\/\/aromasentia.com\/es\/wp-json\/wp\/v2\/product"}],"about":[{"href":"https:\/\/aromasentia.com\/es\/wp-json\/wp\/v2\/types\/product"}],"replies":[{"embeddable":true,"href":"https:\/\/aromasentia.com\/es\/wp-json\/wp\/v2\/comments?post=219410"}],"version-history":[{"count":0,"href":"https:\/\/aromasentia.com\/es\/wp-json\/wp\/v2\/product\/219410\/revisions"}],"wp:featuredmedia":[{"embeddable":true,"href":"https:\/\/aromasentia.com\/es\/wp-json\/wp\/v2\/media\/422366"}],"wp:attachment":[{"href":"https:\/\/aromasentia.com\/es\/wp-json\/wp\/v2\/media?parent=219410"}],"wp:term":[{"taxonomy":"product_brand","embeddable":true,"href":"https:\/\/aromasentia.com\/es\/wp-json\/wp\/v2\/product_brand?post=219410"},{"taxonomy":"product_cat","embeddable":true,"href":"https:\/\/aromasentia.com\/es\/wp-json\/wp\/v2\/product_cat?post=219410"},{"taxonomy":"product_tag","embeddable":true,"href":"https:\/\/aromasentia.com\/es\/wp-json\/wp\/v2\/product_tag?post=219410"}],"curies":[{"name":"wp","href":"https:\/\/api.w.org\/{rel}","templated":true}]}}